{"id":2194,"date":"2020-11-26T08:33:41","date_gmt":"2020-11-26T08:33:41","guid":{"rendered":"https:\/\/marinadialassio.net\/amarrez-sur-lile\/"},"modified":"2020-11-26T08:33:42","modified_gmt":"2020-11-26T08:33:42","slug":"amarrez-sur-lile","status":"publish","type":"page","link":"https:\/\/marinadialassio.net\/fr\/amarrez-sur-lile\/","title":{"rendered":"Amarrez sur l&rsquo;\u00eele"},"content":{"rendered":"\t\t<div data-elementor-type=\"wp-page\" data-elementor-id=\"2194\" class=\"elementor elementor-2194 elementor-11\" data-elementor-post-type=\"page\">\n\t\t\t\t\t\t<section class=\"elementor-section elementor-top-section elementor-element elementor-element-5bc8eab elementor-section-full_width elementor-section-height-min-height elementor-section-height-default elementor-section-items-middle\" data-id=\"5bc8eab\" data-element_type=\"section\" data-e-type=\"section\" data-settings=\"{&quot;background_background&quot;:&quot;classic&quot;}\">\n\t\t\t\t\t\t\t<div class=\"elementor-background-overlay\"><\/div>\n\t\t\t\t\t\t\t<div class=\"elementor-container elementor-column-gap-default\">\n\t\t\t\t\t<div class=\"elementor-column elementor-col-100 elementor-top-column elementor-element elementor-element-cfad9bd\" data-id=\"cfad9bd\" data-element_type=\"column\" data-e-type=\"column\">\n\t\t\t<div class=\"elementor-widget-wrap\">\n\t\t\t\t\t\t\t<\/div>\n\t\t<\/div>\n\t\t\t\t\t<\/div>\n\t\t<\/section>\n\t\t\t\t<section class=\"elementor-section elementor-top-section elementor-element elementor-element-f2affca elementor-section-boxed elementor-section-height-default elementor-section-height-default\" data-id=\"f2affca\" data-element_type=\"section\" data-e-type=\"section\" data-settings=\"{&quot;background_background&quot;:&quot;classic&quot;}\">\n\t\t\t\t\t\t<div class=\"elementor-container elementor-column-gap-default\">\n\t\t\t\t\t<div class=\"elementor-column elementor-col-50 elementor-top-column elementor-element elementor-element-d6ea934\" data-id=\"d6ea934\" data-element_type=\"column\" data-e-type=\"column\">\n\t\t\t<div class=\"elementor-widget-wrap elementor-element-populated\">\n\t\t\t\t\t\t<div class=\"elementor-element elementor-element-24bf1e3 elementor-widget elementor-widget-text-editor\" data-id=\"24bf1e3\" data-element_type=\"widget\" data-e-type=\"widget\" data-widget_type=\"text-editor.default\">\n\t\t\t\t<div class=\"elementor-widget-container\">\n\t\t\t\t\t\t\t\t\t<h1>Amarrez sur l&rsquo;\u00eele<\/h1>\n\t\t\t\t\t\t\t\t<\/div>\n\t\t\t\t<\/div>\n\t\t\t\t<div class=\"elementor-element elementor-element-ad46f51 elementor-widget elementor-widget-text-editor\" data-id=\"ad46f51\" data-element_type=\"widget\" data-e-type=\"widget\" data-widget_type=\"text-editor.default\">\n\t\t\t\t<div class=\"elementor-widget-container\">\n\t\t\t\t\t\t\t\t\t<p>La<strong> r\u00e9serve naturelle<\/strong> r\u00e9gionale de l&rsquo;\u00eele Gallinara est<strong> une zone marine prot\u00e9g\u00e9e en raison de son habitat vierge et d&rsquo;une valeur historique<\/strong>, environnementale et culturelle inestimable.<\/p>\n<p>\u00c9tant une propri\u00e9t\u00e9 priv\u00e9e, <strong>elle ne peut pas \u00eatre visit\u00e9e.<\/strong><\/p>\n<p><strong>L&rsquo;amarrage sur l&rsquo;\u00eele est autoris\u00e9 avec les restrictions suivantes :<\/strong><\/p>\n\t\t\t\t\t\t\t\t<\/div>\n\t\t\t\t<\/div>\n\t\t\t\t<div class=\"elementor-element elementor-element-8715ac9 elementor-align-center elementor-widget elementor-widget-button\" data-id=\"8715ac9\" data-element_type=\"widget\" data-e-type=\"widget\" data-widget_type=\"button.default\">\n\t\t\t\t<div class=\"elementor-widget-container\">\n\t\t\t\t\t\t\t\t\t<div class=\"elementor-button-wrapper\">\n\t\t\t\t\t<a class=\"elementor-button elementor-button-link elementor-size-sm\" href=\"https:\/\/marinadialassio.net\/wp-content\/uploads\/2020\/09\/ordinanza-isola-gallinara.pdf\" target=\"_blank\">\n\t\t\t\t\t\t<span class=\"elementor-button-content-wrapper\">\n\t\t\t\t\t\t\t\t\t<span class=\"elementor-button-text\">Ordonnance \u00cele Gallinara<\/span>\n\t\t\t\t\t<\/span>\n\t\t\t\t\t<\/a>\n\t\t\t\t<\/div>\n\t\t\t\t\t\t\t\t<\/div>\n\t\t\t\t<\/div>\n\t\t\t\t\t<\/div>\n\t\t<\/div>\n\t\t\t\t<div class=\"elementor-column elementor-col-50 elementor-top-column elementor-element elementor-element-68f2f9e\" data-id=\"68f2f9e\" data-element_type=\"column\" data-e-type=\"column\">\n\t\t\t<div class=\"elementor-widget-wrap elementor-element-populated\">\n\t\t\t\t\t\t<div class=\"elementor-element elementor-element-bfde7a4 elementor-widget elementor-widget-image\" data-id=\"bfde7a4\" data-element_type=\"widget\" data-e-type=\"widget\" data-widget_type=\"image.default\">\n\t\t\t\t<div class=\"elementor-widget-container\">\n\t\t\t\t\t\t\t\t\t\t\t\t\t\t\t<img fetchpriority=\"high\" decoding=\"async\" width=\"800\" height=\"788\" src=\"https:\/\/marinadialassio.net\/wp-content\/uploads\/2020\/09\/restrizioni-isola-gallinara.jpg\" class=\"attachment-large size-large wp-image-1589\" alt=\"\" srcset=\"https:\/\/marinadialassio.net\/wp-content\/uploads\/2020\/09\/restrizioni-isola-gallinara.jpg 800w, https:\/\/marinadialassio.net\/wp-content\/uploads\/2020\/09\/restrizioni-isola-gallinara-300x296.jpg 300w, https:\/\/marinadialassio.net\/wp-content\/uploads\/2020\/09\/restrizioni-isola-gallinara-768x756.jpg 768w\" sizes=\"(max-width: 800px) 100vw, 800px\" \/>\t\t\t\t\t\t\t\t\t\t\t\t\t\t\t<\/div>\n\t\t\t\t<\/div>\n\t\t\t\t\t<\/div>\n\t\t<\/div>\n\t\t\t\t\t<\/div>\n\t\t<\/section>\n\t\t\t\t<section class=\"elementor-section elementor-top-section elementor-element elementor-element-bef3c5f elementor-section-boxed elementor-section-height-default elementor-section-height-default\" data-id=\"bef3c5f\" data-element_type=\"section\" data-e-type=\"section\" data-settings=\"{&quot;background_background&quot;:&quot;classic&quot;}\">\n\t\t\t\t\t\t<div class=\"elementor-container elementor-column-gap-default\">\n\t\t\t\t\t<div class=\"elementor-column elementor-col-100 elementor-top-column elementor-element elementor-element-f141685\" data-id=\"f141685\" data-element_type=\"column\" data-e-type=\"column\">\n\t\t\t<div class=\"elementor-widget-wrap elementor-element-populated\">\n\t\t\t\t\t\t<div class=\"elementor-element elementor-element-019ca95 elementor-widget elementor-widget-text-editor\" data-id=\"019ca95\" data-element_type=\"widget\" data-e-type=\"widget\" data-widget_type=\"text-editor.default\">\n\t\t\t\t<div class=\"elementor-widget-container\">\n\t\t\t\t\t\t\t\t\t<h2>Selon la l\u00e9gende&#8230;<\/h2>\n\t\t\t\t\t\t\t\t<\/div>\n\t\t\t\t<\/div>\n\t\t\t\t<div class=\"elementor-element elementor-element-e671ace elementor-widget elementor-widget-text-editor\" data-id=\"e671ace\" data-element_type=\"widget\" data-e-type=\"widget\" data-widget_type=\"text-editor.default\">\n\t\t\t\t<div class=\"elementor-widget-container\">\n\t\t\t\t\t\t\t\t\t<p>Selon la l\u00e9gende, sur l&rsquo;\u00eele Gallinara, San Martino, \u00e9v\u00eaque de Tours, <strong>a trouv\u00e9 refuge dans une grotte face au large<\/strong>, qui porte encore aujourd&rsquo;hui son nom.<br \/>\nL&rsquo;\u00eele a probablement accueilli des ermites. En 500 apr\u00e8s JC, un <strong>monast\u00e8re b\u00e9n\u00e9dictin<\/strong> fut \u00e9tabli, tandis qu&rsquo;au huiti\u00e8me si\u00e8cle, les moines transform\u00e8rent l&rsquo;\u00eele en si\u00e8ge d&rsquo;une puissante abbaye, qui \u00e9tendit ses possessions \u00e9galement sur le continent.<\/p>\n<p>Entre les Xe et XIIe si\u00e8cles, le monast\u00e8re atteignit le sommet de sa prosp\u00e9rit\u00e9 et, gr\u00e2ce \u00e0 d&rsquo;importantes donations, acquit des propri\u00e9t\u00e9s substantielles non seulement en Ligurie occidentale, mais aussi en France et en Espagne. Puis le d\u00e9clin et en 1473, l&rsquo;abbaye a \u00e9t\u00e9 donn\u00e9e in commendam. Apr\u00e8s pr\u00e8s de quatre si\u00e8cles, le titre et les droits sont pass\u00e9s au dioc\u00e8se d&rsquo;Albenga et en 1866, l&rsquo;\u00e9v\u00eaque Raffaele Biale a donn\u00e9 la Gallinara \u00e0 des priv\u00e9s.<\/p>\n<p><strong>L&rsquo;\u00eele ne peut pas \u00eatre visit\u00e9<\/strong>e, mais vous pouvez voir la tour du XVIe si\u00e8cle, construite par les G\u00e9nois ; le b\u00e2timent principal, agrandi et remodel\u00e9 plusieurs fois -incorporant les vestiges de l&rsquo;ancien monast\u00e8re, et l&rsquo;\u00e9glise du d\u00e9but du XXe si\u00e8cle de style n\u00e9o-roman.<\/p>\n<p>Toujours priv\u00e9e, <strong>l&rsquo;\u00eele est incluse depuis 1989 dans le syst\u00e8me des aires prot\u00e9g\u00e9es de la r\u00e9gion Ligurie<\/strong>.<\/p>\n<p><strong>Cependant<\/strong>, <strong>on peut explorer ses fonds marins spectaculaires<\/strong>, qui ont restitu\u00e9 de nombreuses d\u00e9couvertes arch\u00e9ologiques de l&rsquo;\u00e9poque romaine, pr\u00e9sentes au Mus\u00e9e arch\u00e9ologique d&rsquo;Albenga ; on peut aussi admirer des animaux fascinants et des esp\u00e8ces v\u00e9g\u00e9tales d&rsquo;un grand int\u00e9r\u00eat naturaliste.<\/p>\n\t\t\t\t\t\t\t\t<\/div>\n\t\t\t\t<\/div>\n\t\t\t\t\t<\/div>\n\t\t<\/div>\n\t\t\t\t\t<\/div>\n\t\t<\/section>\n\t\t\t\t<\/div>\n\t\t","protected":false},"excerpt":{"rendered":"<p>Amarrez sur l&rsquo;\u00eele La r\u00e9serve naturelle r\u00e9gionale de l&rsquo;\u00eele Gallinara est une zone marine prot\u00e9g\u00e9e en raison de son habitat vierge et d&rsquo;une valeur historique, environnementale et culturelle inestimable. \u00c9tant une propri\u00e9t\u00e9 priv\u00e9e, elle ne peut pas \u00eatre visit\u00e9e. L&rsquo;amarrage sur l&rsquo;\u00eele est autoris\u00e9 avec les restrictions suivantes : Ordonnance \u00cele Gallinara Selon la l\u00e9gende&#8230; [&hellip;]<\/p>\n","protected":false},"author":1,"featured_media":0,"parent":0,"menu_order":0,"comment_status":"closed","ping_status":"closed","template":"","meta":{"footnotes":""},"class_list":["post-2194","page","type-page","status-publish","hentry"],"yoast_head":"<!-- This site is optimized with the Yoast SEO plugin v27.3 - https:\/\/yoast.com\/product\/yoast-seo-wordpress\/ -->\n<title>Amarrez sur l&#039;\u00eele - Marina di Alassio<\/title>\n<meta name=\"robots\" content=\"index, follow, max-snippet:-1, max-image-preview:large, max-video-preview:-1\" \/>\n<link rel=\"canonical\" href=\"https:\/\/marinadialassio.net\/fr\/amarrez-sur-lile\/\" \/>\n<meta property=\"og:locale\" content=\"fr_FR\" \/>\n<meta property=\"og:type\" content=\"article\" \/>\n<meta property=\"og:title\" content=\"Amarrez sur l&#039;\u00eele - Marina di Alassio\" \/>\n<meta property=\"og:description\" content=\"Amarrez sur l&rsquo;\u00eele La r\u00e9serve naturelle r\u00e9gionale de l&rsquo;\u00eele Gallinara est une zone marine prot\u00e9g\u00e9e en raison de son habitat vierge et d&rsquo;une valeur historique, environnementale et culturelle inestimable. \u00c9tant une propri\u00e9t\u00e9 priv\u00e9e, elle ne peut pas \u00eatre visit\u00e9e. L&rsquo;amarrage sur l&rsquo;\u00eele est autoris\u00e9 avec les restrictions suivantes : Ordonnance \u00cele Gallinara Selon la l\u00e9gende&#8230; [&hellip;]\" \/>\n<meta property=\"og:url\" content=\"https:\/\/marinadialassio.net\/fr\/amarrez-sur-lile\/\" \/>\n<meta property=\"og:site_name\" content=\"Marina di Alassio\" \/>\n<meta property=\"article:modified_time\" content=\"2020-11-26T08:33:42+00:00\" \/>\n<meta property=\"og:image\" content=\"https:\/\/marinadialassio.net\/wp-content\/uploads\/2020\/09\/restrizioni-isola-gallinara.jpg\" \/>\n<meta name=\"twitter:card\" content=\"summary_large_image\" \/>\n<meta name=\"twitter:label1\" content=\"Dur\u00e9e de lecture estim\u00e9e\" \/>\n\t<meta name=\"twitter:data1\" content=\"2 minutes\" \/>\n<script type=\"application\/ld+json\" class=\"yoast-schema-graph\">{\"@context\":\"https:\\\/\\\/schema.org\",\"@graph\":[{\"@type\":\"WebPage\",\"@id\":\"https:\\\/\\\/marinadialassio.net\\\/fr\\\/amarrez-sur-lile\\\/\",\"url\":\"https:\\\/\\\/marinadialassio.net\\\/fr\\\/amarrez-sur-lile\\\/\",\"name\":\"Amarrez sur l'\u00eele - Marina di Alassio\",\"isPartOf\":{\"@id\":\"https:\\\/\\\/marinadialassio.net\\\/#website\"},\"primaryImageOfPage\":{\"@id\":\"https:\\\/\\\/marinadialassio.net\\\/fr\\\/amarrez-sur-lile\\\/#primaryimage\"},\"image\":{\"@id\":\"https:\\\/\\\/marinadialassio.net\\\/fr\\\/amarrez-sur-lile\\\/#primaryimage\"},\"thumbnailUrl\":\"https:\\\/\\\/marinadialassio.net\\\/wp-content\\\/uploads\\\/2020\\\/09\\\/restrizioni-isola-gallinara.jpg\",\"datePublished\":\"2020-11-26T08:33:41+00:00\",\"dateModified\":\"2020-11-26T08:33:42+00:00\",\"breadcrumb\":{\"@id\":\"https:\\\/\\\/marinadialassio.net\\\/fr\\\/amarrez-sur-lile\\\/#breadcrumb\"},\"inLanguage\":\"fr-FR\",\"potentialAction\":[{\"@type\":\"ReadAction\",\"target\":[\"https:\\\/\\\/marinadialassio.net\\\/fr\\\/amarrez-sur-lile\\\/\"]}]},{\"@type\":\"ImageObject\",\"inLanguage\":\"fr-FR\",\"@id\":\"https:\\\/\\\/marinadialassio.net\\\/fr\\\/amarrez-sur-lile\\\/#primaryimage\",\"url\":\"https:\\\/\\\/marinadialassio.net\\\/wp-content\\\/uploads\\\/2020\\\/09\\\/restrizioni-isola-gallinara.jpg\",\"contentUrl\":\"https:\\\/\\\/marinadialassio.net\\\/wp-content\\\/uploads\\\/2020\\\/09\\\/restrizioni-isola-gallinara.jpg\"},{\"@type\":\"BreadcrumbList\",\"@id\":\"https:\\\/\\\/marinadialassio.net\\\/fr\\\/amarrez-sur-lile\\\/#breadcrumb\",\"itemListElement\":[{\"@type\":\"ListItem\",\"position\":1,\"name\":\"Home\",\"item\":\"https:\\\/\\\/marinadialassio.net\\\/\"},{\"@type\":\"ListItem\",\"position\":2,\"name\":\"Amarrez sur l&rsquo;\u00eele\"}]},{\"@type\":\"WebSite\",\"@id\":\"https:\\\/\\\/marinadialassio.net\\\/#website\",\"url\":\"https:\\\/\\\/marinadialassio.net\\\/\",\"name\":\"Marina di Alassio\",\"description\":\"Porto Luca Ferrari\",\"potentialAction\":[{\"@type\":\"SearchAction\",\"target\":{\"@type\":\"EntryPoint\",\"urlTemplate\":\"https:\\\/\\\/marinadialassio.net\\\/?s={search_term_string}\"},\"query-input\":{\"@type\":\"PropertyValueSpecification\",\"valueRequired\":true,\"valueName\":\"search_term_string\"}}],\"inLanguage\":\"fr-FR\"}]}<\/script>\n<!-- \/ Yoast SEO plugin. -->","yoast_head_json":{"title":"Amarrez sur l'\u00eele - Marina di Alassio","robots":{"index":"index","follow":"follow","max-snippet":"max-snippet:-1","max-image-preview":"max-image-preview:large","max-video-preview":"max-video-preview:-1"},"canonical":"https:\/\/marinadialassio.net\/fr\/amarrez-sur-lile\/","og_locale":"fr_FR","og_type":"article","og_title":"Amarrez sur l'\u00eele - Marina di Alassio","og_description":"Amarrez sur l&rsquo;\u00eele La r\u00e9serve naturelle r\u00e9gionale de l&rsquo;\u00eele Gallinara est une zone marine prot\u00e9g\u00e9e en raison de son habitat vierge et d&rsquo;une valeur historique, environnementale et culturelle inestimable. \u00c9tant une propri\u00e9t\u00e9 priv\u00e9e, elle ne peut pas \u00eatre visit\u00e9e. L&rsquo;amarrage sur l&rsquo;\u00eele est autoris\u00e9 avec les restrictions suivantes : Ordonnance \u00cele Gallinara Selon la l\u00e9gende&#8230; [&hellip;]","og_url":"https:\/\/marinadialassio.net\/fr\/amarrez-sur-lile\/","og_site_name":"Marina di Alassio","article_modified_time":"2020-11-26T08:33:42+00:00","og_image":[{"url":"https:\/\/marinadialassio.net\/wp-content\/uploads\/2020\/09\/restrizioni-isola-gallinara.jpg","type":"","width":"","height":""}],"twitter_card":"summary_large_image","twitter_misc":{"Dur\u00e9e de lecture estim\u00e9e":"2 minutes"},"schema":{"@context":"https:\/\/schema.org","@graph":[{"@type":"WebPage","@id":"https:\/\/marinadialassio.net\/fr\/amarrez-sur-lile\/","url":"https:\/\/marinadialassio.net\/fr\/amarrez-sur-lile\/","name":"Amarrez sur l'\u00eele - Marina di Alassio","isPartOf":{"@id":"https:\/\/marinadialassio.net\/#website"},"primaryImageOfPage":{"@id":"https:\/\/marinadialassio.net\/fr\/amarrez-sur-lile\/#primaryimage"},"image":{"@id":"https:\/\/marinadialassio.net\/fr\/amarrez-sur-lile\/#primaryimage"},"thumbnailUrl":"https:\/\/marinadialassio.net\/wp-content\/uploads\/2020\/09\/restrizioni-isola-gallinara.jpg","datePublished":"2020-11-26T08:33:41+00:00","dateModified":"2020-11-26T08:33:42+00:00","breadcrumb":{"@id":"https:\/\/marinadialassio.net\/fr\/amarrez-sur-lile\/#breadcrumb"},"inLanguage":"fr-FR","potentialAction":[{"@type":"ReadAction","target":["https:\/\/marinadialassio.net\/fr\/amarrez-sur-lile\/"]}]},{"@type":"ImageObject","inLanguage":"fr-FR","@id":"https:\/\/marinadialassio.net\/fr\/amarrez-sur-lile\/#primaryimage","url":"https:\/\/marinadialassio.net\/wp-content\/uploads\/2020\/09\/restrizioni-isola-gallinara.jpg","contentUrl":"https:\/\/marinadialassio.net\/wp-content\/uploads\/2020\/09\/restrizioni-isola-gallinara.jpg"},{"@type":"BreadcrumbList","@id":"https:\/\/marinadialassio.net\/fr\/amarrez-sur-lile\/#breadcrumb","itemListElement":[{"@type":"ListItem","position":1,"name":"Home","item":"https:\/\/marinadialassio.net\/"},{"@type":"ListItem","position":2,"name":"Amarrez sur l&rsquo;\u00eele"}]},{"@type":"WebSite","@id":"https:\/\/marinadialassio.net\/#website","url":"https:\/\/marinadialassio.net\/","name":"Marina di Alassio","description":"Porto Luca Ferrari","potentialAction":[{"@type":"SearchAction","target":{"@type":"EntryPoint","urlTemplate":"https:\/\/marinadialassio.net\/?s={search_term_string}"},"query-input":{"@type":"PropertyValueSpecification","valueRequired":true,"valueName":"search_term_string"}}],"inLanguage":"fr-FR"}]}},"_links":{"self":[{"href":"https:\/\/marinadialassio.net\/fr\/wp-json\/wp\/v2\/pages\/2194","targetHints":{"allow":["GET"]}}],"collection":[{"href":"https:\/\/marinadialassio.net\/fr\/wp-json\/wp\/v2\/pages"}],"about":[{"href":"https:\/\/marinadialassio.net\/fr\/wp-json\/wp\/v2\/types\/page"}],"author":[{"embeddable":true,"href":"https:\/\/marinadialassio.net\/fr\/wp-json\/wp\/v2\/users\/1"}],"replies":[{"embeddable":true,"href":"https:\/\/marinadialassio.net\/fr\/wp-json\/wp\/v2\/comments?post=2194"}],"version-history":[{"count":1,"href":"https:\/\/marinadialassio.net\/fr\/wp-json\/wp\/v2\/pages\/2194\/revisions"}],"predecessor-version":[{"id":2197,"href":"https:\/\/marinadialassio.net\/fr\/wp-json\/wp\/v2\/pages\/2194\/revisions\/2197"}],"wp:attachment":[{"href":"https:\/\/marinadialassio.net\/fr\/wp-json\/wp\/v2\/media?parent=2194"}],"curies":[{"name":"wp","href":"https:\/\/api.w.org\/{rel}","templated":true}]}}