{"id":2188,"date":"2020-11-26T08:30:25","date_gmt":"2020-11-26T08:30:25","guid":{"rendered":"https:\/\/marinadialassio.net\/amarrez-dans-le-budello\/"},"modified":"2020-11-26T08:30:27","modified_gmt":"2020-11-26T08:30:27","slug":"amarrez-dans-le-budello","status":"publish","type":"page","link":"https:\/\/marinadialassio.net\/fr\/amarrez-dans-le-budello\/","title":{"rendered":"Amarrez dans le \u00ab Budello \u00bb"},"content":{"rendered":"\t\t<div data-elementor-type=\"wp-page\" data-elementor-id=\"2188\" class=\"elementor elementor-2188 elementor-9\" data-elementor-post-type=\"page\">\n\t\t\t\t\t\t<section class=\"elementor-section elementor-top-section elementor-element elementor-element-8ebe70f elementor-section-full_width elementor-section-height-min-height elementor-section-height-default elementor-section-items-middle\" data-id=\"8ebe70f\" data-element_type=\"section\" data-e-type=\"section\" data-settings=\"{&quot;background_background&quot;:&quot;classic&quot;}\">\n\t\t\t\t\t\t\t<div class=\"elementor-background-overlay\"><\/div>\n\t\t\t\t\t\t\t<div class=\"elementor-container elementor-column-gap-default\">\n\t\t\t\t\t<div class=\"elementor-column elementor-col-100 elementor-top-column elementor-element elementor-element-d88df6f\" data-id=\"d88df6f\" data-element_type=\"column\" data-e-type=\"column\">\n\t\t\t<div class=\"elementor-widget-wrap\">\n\t\t\t\t\t\t\t<\/div>\n\t\t<\/div>\n\t\t\t\t\t<\/div>\n\t\t<\/section>\n\t\t\t\t<section class=\"elementor-section elementor-top-section elementor-element elementor-element-09f1f88 elementor-section-boxed elementor-section-height-default elementor-section-height-default\" data-id=\"09f1f88\" data-element_type=\"section\" data-e-type=\"section\" data-settings=\"{&quot;background_background&quot;:&quot;classic&quot;}\">\n\t\t\t\t\t\t<div class=\"elementor-container elementor-column-gap-default\">\n\t\t\t\t\t<div class=\"elementor-column elementor-col-100 elementor-top-column elementor-element elementor-element-cb0ce76\" data-id=\"cb0ce76\" data-element_type=\"column\" data-e-type=\"column\">\n\t\t\t<div class=\"elementor-widget-wrap elementor-element-populated\">\n\t\t\t\t\t\t<div class=\"elementor-element elementor-element-30a13de elementor-widget elementor-widget-text-editor\" data-id=\"30a13de\" data-element_type=\"widget\" data-e-type=\"widget\" data-widget_type=\"text-editor.default\">\n\t\t\t\t<div class=\"elementor-widget-container\">\n\t\t\t\t\t\t\t\t\t<h1>Amarrez dans le \u00ab Budello \u00bb<\/h1>\n\t\t\t\t\t\t\t\t<\/div>\n\t\t\t\t<\/div>\n\t\t\t\t\t<\/div>\n\t\t<\/div>\n\t\t\t\t\t<\/div>\n\t\t<\/section>\n\t\t\t\t<section class=\"elementor-section elementor-top-section elementor-element elementor-element-d51b167 elementor-section-boxed elementor-section-height-default elementor-section-height-default\" data-id=\"d51b167\" data-element_type=\"section\" data-e-type=\"section\" data-settings=\"{&quot;background_background&quot;:&quot;classic&quot;}\">\n\t\t\t\t\t\t<div class=\"elementor-container elementor-column-gap-default\">\n\t\t\t\t\t<div class=\"elementor-column elementor-col-100 elementor-top-column elementor-element elementor-element-f62c798\" data-id=\"f62c798\" data-element_type=\"column\" data-e-type=\"column\">\n\t\t\t<div class=\"elementor-widget-wrap elementor-element-populated\">\n\t\t\t\t\t\t<div class=\"elementor-element elementor-element-30a8242 elementor-widget elementor-widget-text-editor\" data-id=\"30a8242\" data-element_type=\"widget\" data-e-type=\"widget\" data-widget_type=\"text-editor.default\">\n\t\t\t\t<div class=\"elementor-widget-container\">\n\t\t\t\t\t\t\t\t\t<p>\u00cates-vous au mouillage avec votre yacht et <strong>voulez-vous faire du shopping ou visiter Alassio<\/strong> ? Aucun probl\u00e8me !<br \/>\n<strong>Amarrez au quai \u00ab Bestoso \u00bb<\/strong> situ\u00e9 au centre du golfe de sable de la ville d&rsquo;Alassio, en plein c\u0153ur de la station touristique.<br \/>\nLes entr\u00e9es sont situ\u00e9es dans la partie terminale de la jet\u00e9e, sur les c\u00f4t\u00e9s ext\u00e9rieurs.<\/p>\n\t\t\t\t\t\t\t\t<\/div>\n\t\t\t\t<\/div>\n\t\t\t\t<div class=\"elementor-element elementor-element-f1dd5f3 elementor-widget elementor-widget-text-editor\" data-id=\"f1dd5f3\" data-element_type=\"widget\" data-e-type=\"widget\" data-widget_type=\"text-editor.default\">\n\t\t\t\t<div class=\"elementor-widget-container\">\n\t\t\t\t\t\t\t\t\t<p>Venez visiter Alassio ! Nous vous attendons<\/p>\n\t\t\t\t\t\t\t\t<\/div>\n\t\t\t\t<\/div>\n\t\t\t\t\t<\/div>\n\t\t<\/div>\n\t\t\t\t\t<\/div>\n\t\t<\/section>\n\t\t\t\t<section class=\"elementor-section elementor-top-section elementor-element elementor-element-ec82b49 elementor-section-full_width elementor-section-height-default elementor-section-height-default\" data-id=\"ec82b49\" data-element_type=\"section\" data-e-type=\"section\">\n\t\t\t\t\t\t<div class=\"elementor-container elementor-column-gap-default\">\n\t\t\t\t\t<div class=\"elementor-column elementor-col-100 elementor-top-column elementor-element elementor-element-5d80161\" data-id=\"5d80161\" data-element_type=\"column\" data-e-type=\"column\">\n\t\t\t<div class=\"elementor-widget-wrap elementor-element-populated\">\n\t\t\t\t\t\t<div class=\"elementor-element elementor-element-c3a850e elementor-widget elementor-widget-gallery\" data-id=\"c3a850e\" data-element_type=\"widget\" data-e-type=\"widget\" data-settings=\"{&quot;gallery_layout&quot;:&quot;masonry&quot;,&quot;columns&quot;:3,&quot;gap&quot;:{&quot;unit&quot;:&quot;px&quot;,&quot;size&quot;:0,&quot;sizes&quot;:[]},&quot;image_hover_animation&quot;:&quot;grow&quot;,&quot;lazyload&quot;:&quot;yes&quot;,&quot;columns_tablet&quot;:2,&quot;columns_mobile&quot;:1,&quot;gap_tablet&quot;:{&quot;unit&quot;:&quot;px&quot;,&quot;size&quot;:10,&quot;sizes&quot;:[]},&quot;gap_mobile&quot;:{&quot;unit&quot;:&quot;px&quot;,&quot;size&quot;:10,&quot;sizes&quot;:[]},&quot;link_to&quot;:&quot;file&quot;,&quot;overlay_background&quot;:&quot;yes&quot;,&quot;content_hover_animation&quot;:&quot;fade-in&quot;}\" data-widget_type=\"gallery.default\">\n\t\t\t\t<div class=\"elementor-widget-container\">\n\t\t\t\t\t\t\t<div class=\"elementor-gallery__container\">\n\t\t\t\t\t\t\t<a class=\"e-gallery-item elementor-gallery-item elementor-animated-content\" href=\"https:\/\/marinadialassio.net\/wp-content\/uploads\/2020\/09\/ormeggio-budello-alassio-molo-bestoso.jpg\" data-elementor-open-lightbox=\"yes\" data-elementor-lightbox-slideshow=\"c3a850e\" data-elementor-lightbox-title=\"ormeggio-budello-alassio-molo-bestoso\" data-e-action-hash=\"#elementor-action%3Aaction%3Dlightbox%26settings%3DeyJpZCI6NjI5LCJ1cmwiOiJodHRwczpcL1wvbWFyaW5hZGlhbGFzc2lvLm5ldFwvd3AtY29udGVudFwvdXBsb2Fkc1wvMjAyMFwvMDlcL29ybWVnZ2lvLWJ1ZGVsbG8tYWxhc3Npby1tb2xvLWJlc3Rvc28uanBnIiwic2xpZGVzaG93IjoiYzNhODUwZSJ9\">\n\t\t\t\t\t<div class=\"e-gallery-image elementor-gallery-item__image\" data-thumbnail=\"https:\/\/marinadialassio.net\/wp-content\/uploads\/2020\/09\/ormeggio-budello-alassio-molo-bestoso.jpg\" data-width=\"800\" data-height=\"532\" aria-label=\"\" role=\"img\" ><\/div>\n\t\t\t\t\t\t\t\t\t\t\t<div class=\"elementor-gallery-item__overlay\"><\/div>\n\t\t\t\t\t\t\t\t\t\t\t\t\t\t<\/a>\n\t\t\t\t\t\t\t<a class=\"e-gallery-item elementor-gallery-item elementor-animated-content\" href=\"https:\/\/marinadialassio.net\/wp-content\/uploads\/2020\/09\/molo-bestoso-attracco.jpg\" data-elementor-open-lightbox=\"yes\" data-elementor-lightbox-slideshow=\"c3a850e\" data-elementor-lightbox-title=\"molo-bestoso-attracco\" data-e-action-hash=\"#elementor-action%3Aaction%3Dlightbox%26settings%3DeyJpZCI6NjMwLCJ1cmwiOiJodHRwczpcL1wvbWFyaW5hZGlhbGFzc2lvLm5ldFwvd3AtY29udGVudFwvdXBsb2Fkc1wvMjAyMFwvMDlcL21vbG8tYmVzdG9zby1hdHRyYWNjby5qcGciLCJzbGlkZXNob3ciOiJjM2E4NTBlIn0%3D\">\n\t\t\t\t\t<div class=\"e-gallery-image elementor-gallery-item__image\" data-thumbnail=\"https:\/\/marinadialassio.net\/wp-content\/uploads\/2020\/09\/molo-bestoso-attracco.jpg\" data-width=\"800\" data-height=\"532\" aria-label=\"\" role=\"img\" ><\/div>\n\t\t\t\t\t\t\t\t\t\t\t<div class=\"elementor-gallery-item__overlay\"><\/div>\n\t\t\t\t\t\t\t\t\t\t\t\t\t\t<\/a>\n\t\t\t\t\t\t\t<a class=\"e-gallery-item elementor-gallery-item elementor-animated-content\" href=\"https:\/\/marinadialassio.net\/wp-content\/uploads\/2020\/09\/molo-bestoso-attracco-alassio.jpg\" data-elementor-open-lightbox=\"yes\" data-elementor-lightbox-slideshow=\"c3a850e\" data-elementor-lightbox-title=\"molo-bestoso-attracco-alassio\" data-e-action-hash=\"#elementor-action%3Aaction%3Dlightbox%26settings%3DeyJpZCI6NjMxLCJ1cmwiOiJodHRwczpcL1wvbWFyaW5hZGlhbGFzc2lvLm5ldFwvd3AtY29udGVudFwvdXBsb2Fkc1wvMjAyMFwvMDlcL21vbG8tYmVzdG9zby1hdHRyYWNjby1hbGFzc2lvLmpwZyIsInNsaWRlc2hvdyI6ImMzYTg1MGUifQ%3D%3D\">\n\t\t\t\t\t<div class=\"e-gallery-image elementor-gallery-item__image\" data-thumbnail=\"https:\/\/marinadialassio.net\/wp-content\/uploads\/2020\/09\/molo-bestoso-attracco-alassio.jpg\" data-width=\"800\" data-height=\"532\" aria-label=\"\" role=\"img\" ><\/div>\n\t\t\t\t\t\t\t\t\t\t\t<div class=\"elementor-gallery-item__overlay\"><\/div>\n\t\t\t\t\t\t\t\t\t\t\t\t\t\t<\/a>\n\t\t\t\t\t<\/div>\n\t\t\t\t\t<\/div>\n\t\t\t\t<\/div>\n\t\t\t\t\t<\/div>\n\t\t<\/div>\n\t\t\t\t\t<\/div>\n\t\t<\/section>\n\t\t\t\t<section class=\"elementor-section elementor-top-section elementor-element elementor-element-02da480 elementor-section-boxed elementor-section-height-default elementor-section-height-default\" data-id=\"02da480\" data-element_type=\"section\" data-e-type=\"section\" data-settings=\"{&quot;background_background&quot;:&quot;classic&quot;}\">\n\t\t\t\t\t\t<div class=\"elementor-container elementor-column-gap-default\">\n\t\t\t\t\t<div class=\"elementor-column elementor-col-100 elementor-top-column elementor-element elementor-element-4f482e0\" data-id=\"4f482e0\" data-element_type=\"column\" data-e-type=\"column\">\n\t\t\t<div class=\"elementor-widget-wrap elementor-element-populated\">\n\t\t\t\t\t\t<div class=\"elementor-element elementor-element-e328bb5 elementor-widget elementor-widget-text-editor\" data-id=\"e328bb5\" data-element_type=\"widget\" data-e-type=\"widget\" data-widget_type=\"text-editor.default\">\n\t\t\t\t<div class=\"elementor-widget-container\">\n\t\t\t\t\t\t\t\t\t<h2>R\u00e8glement<\/h2>\n<h3>pour l\u2019embarquement et le d\u00e9barquement<\/h3>\n<p><strong>Peuvent profiter les installations pour l\u2019embarquement \/ d\u00e9barquement, les bateaux suivants :<\/strong><br \/>\n<strong>A.<\/strong> Unit\u00e9 de trafic passagers \/travail, d\u2019une longueur maximale de 30 m ;<br \/>\n<strong>B.<\/strong> Bateaux de plaisance longueur maximale 12 m avec un bord libre entre 30 et 100 cm.<\/p>\n<p>Les passerelles (scalandroni) sont reli\u00e9es, par des c\u00e2bles, \u00e0 un dispositif m\u00e9canique qui permet l\u2019inclinaison vers la mer pour permettre des op\u00e9rations d&rsquo;accostage ou encore de les hisser au repos \u00e0 la hauteur du quai.<br \/>\nLes unit\u00e9s qui souhaitent profiter de l\u2019embarquement \/ d\u00e9barquement peuvent tirer parti des installations suivantes : 2 corps mort, reli\u00e9s \u00e0 la corde d&rsquo;amarrage immergeable par une trappe \/ suspendue \u00e0 la bou\u00e9e jaune, reli\u00e9e par une seule longueur de c\u00e2ble de 40 m. qui relie les deux corps morts. L&rsquo;utilisateur doit \u00e9valuer le tonnage sur les deux extr\u00e9mit\u00e9s du c\u00e2ble [vers le sol et vers la mer] pour r\u00e9gler le mouillage sur la base de la taille du bateau. Ensuite, il se rapprochera de la passerelle \u00e0 l&rsquo;aide d&rsquo;une \u00ab gaffe \u00bb.<\/p>\n<p><strong>Description des couloirs de lancement<br \/>\n<\/strong>Les unit\u00e9s qui ont l\u2019intention d&rsquo;utiliser les points d&#8217;embarquement \/ d\u00e9barquement d\u00e9crites dans le paragraphe pr\u00e9c\u00e9dent doivent passer par les couloirs de lancement ad\u00e9quats.<\/p>\n<p>Les couloirs de lancement, \u00e0 l\u2019ouest et \u00e0 l\u2019est de la jet\u00e9e, ont une taille similaire et sont parall\u00e8les \u00e0 elle : longueur de 100 m\u00e8tres (jusqu&rsquo;\u00e0 atteindre les bou\u00e9es qui d\u00e9limitent la zone de baignade), largeur de 20 m\u00e8tres. Ces entreponts sont indiqu\u00e9s par la pr\u00e9sence en mer de bou\u00e9es d&rsquo;entr\u00e9e oranges avec drapeau blanc entour\u00e9es de corde flottante<\/p>\n<p><strong>R\u00c8GLEMENT DE GESTION<\/strong><br \/>\nLes r\u00e8gles de chargement \/ d\u00e9chargement sont g\u00e9r\u00e9es par la \u00ab\u00a0MARINA DI ALASSIO SPA\u00a0\u00bb.<\/p>\n<p>Les installations d&#8217;embarquement \/ d\u00e9barquement sont adaptables en hauteur, en cas de conditions m\u00e9t\u00e9orologiques et maritimes d\u00e9favorables \u00e9valu\u00e9es par la Marina di Alassio et dans tous les cas de :<br \/>\n&#8211; Vagues sup\u00e9rieures \u00e0 un m\u00e8tre de hauteur ;<br \/>\n&#8211; Vents de plus de 15 n\u0153uds de moyenne ou des rafales \u00e0 20 n\u0153uds.<\/p>\n<p>Les unit\u00e9s seront utilis\u00e9es en fonction des conditions m\u00e9t\u00e9orologiques. On peut utiliser que la station d&#8217;embarquement \/ d\u00e9barquement pas expos\u00e9e au courant.<\/p>\n<p><strong>R\u00c8GLES DE CONDUITE EN LES COULOIRS DE LANCEMENT<\/strong><br \/>\n[R\u00e9gulation coordonn\u00e9e selon les directives publi\u00e9es par l&rsquo;Ordonnance sur la s\u00e9curit\u00e9 maritime baln\u00e9aire]<br \/>\n1] L&rsquo;utilisation d\u2019un couloir de lancement est autoris\u00e9e dans les conditions pr\u00e9vues aux paragraphes A et B du pr\u00e9sent r\u00e8glement.<br \/>\n2] Les unit\u00e9s doivent s\u2019avancer lentement et en toute s\u00e9curit\u00e9, \u00e0 des vitesses ne d\u00e9passant pas 3 n\u0153uds et, dans tous les cas, en d\u00e9placement stable.<br \/>\n3] Les unit\u00e9s qui utilisent les couloirs doivent utiliser les postes d&rsquo;amarrage juste le temps strictement n\u00e9cessaire au chargement \/ d\u00e9chargement des personnes.<br \/>\n4] Les unit\u00e9s qui utilisent les couloirs doivent les suivre pour entrer \/ quitter le quai de d\u00e9barquement et ne peuvent pas l\u2019occuper pour des p\u00e9riodes exc\u00e9dant les op\u00e9rations de transit. Il est interdit \u00e0 l\u2019ancrage, au stationnement en g\u00e9n\u00e9ral et aux voiliers.<br \/>\n5] Chaque unit\u00e9 peut acc\u00e9der au pont uniquement s\u2019il n\u2019y a pas d\u2019autre bateau : chaque op\u00e9ration de chargement\/d\u00e9chargement, ne s\u2019effectue que par une unit\u00e9 \u00e0 la fois.<br \/>\n6] Dans les couloirs de lancement sont interdits : la baignade, la p\u00eache (tant sportive que professionnelle), ainsi que toutes activit\u00e9s sous-marines.<\/p>\n<p><strong>R\u00c8GLES DE CONDUITE PENDANT LES MANOEUVRES D\u2019AMARRAGE ET D\u00c9SAMARRAGE<\/strong><br \/>\n1] Les unit\u00e9s doivent imp\u00e9rativement faire la man\u0153uvre d&rsquo;amarrage \/ d\u00e9samarrage en maintenant l&rsquo;orientation de la proue dans la direction de la c\u00f4te. Si la taille de l\u2019unit\u00e9 permet, \u00e0 l&rsquo;int\u00e9rieur du couloir, d&rsquo;effectuer l&rsquo;inversion de l&rsquo;orientation de la proue vers la pleine mer, telle man\u0153uvre doit \u00eatre r\u00e9alis\u00e9e apr\u00e8s avoir d\u00e9pass\u00e9 de 15 m\u00e8tres le c\u00f4t\u00e9 plus externe du quai.<\/p>\n\t\t\t\t\t\t\t\t<\/div>\n\t\t\t\t<\/div>\n\t\t\t\t\t<\/div>\n\t\t<\/div>\n\t\t\t\t\t<\/div>\n\t\t<\/section>\n\t\t\t\t<\/div>\n\t\t","protected":false},"excerpt":{"rendered":"<p>Amarrez dans le \u00ab Budello \u00bb \u00cates-vous au mouillage avec votre yacht et voulez-vous faire du shopping ou visiter Alassio ? Aucun probl\u00e8me ! Amarrez au quai \u00ab Bestoso \u00bb situ\u00e9 au centre du golfe de sable de la ville d&rsquo;Alassio, en plein c\u0153ur de la station touristique. Les entr\u00e9es sont situ\u00e9es dans la partie [&hellip;]<\/p>\n","protected":false},"author":1,"featured_media":0,"parent":0,"menu_order":0,"comment_status":"closed","ping_status":"closed","template":"","meta":{"footnotes":""},"class_list":["post-2188","page","type-page","status-publish","hentry"],"yoast_head":"<!-- This site is optimized with the Yoast SEO plugin v27.3 - https:\/\/yoast.com\/product\/yoast-seo-wordpress\/ -->\n<title>Amarrez dans le \u00ab Budello \u00bb - Marina di Alassio<\/title>\n<meta name=\"robots\" content=\"index, follow, max-snippet:-1, max-image-preview:large, max-video-preview:-1\" \/>\n<link rel=\"canonical\" href=\"https:\/\/marinadialassio.net\/fr\/amarrez-dans-le-budello\/\" \/>\n<meta property=\"og:locale\" content=\"fr_FR\" \/>\n<meta property=\"og:type\" content=\"article\" \/>\n<meta property=\"og:title\" content=\"Amarrez dans le \u00ab Budello \u00bb - Marina di Alassio\" \/>\n<meta property=\"og:description\" content=\"Amarrez dans le \u00ab Budello \u00bb \u00cates-vous au mouillage avec votre yacht et voulez-vous faire du shopping ou visiter Alassio ? Aucun probl\u00e8me ! Amarrez au quai \u00ab Bestoso \u00bb situ\u00e9 au centre du golfe de sable de la ville d&rsquo;Alassio, en plein c\u0153ur de la station touristique. Les entr\u00e9es sont situ\u00e9es dans la partie [&hellip;]\" \/>\n<meta property=\"og:url\" content=\"https:\/\/marinadialassio.net\/fr\/amarrez-dans-le-budello\/\" \/>\n<meta property=\"og:site_name\" content=\"Marina di Alassio\" \/>\n<meta property=\"article:modified_time\" content=\"2020-11-26T08:30:27+00:00\" \/>\n<meta name=\"twitter:card\" content=\"summary_large_image\" \/>\n<meta name=\"twitter:label1\" content=\"Dur\u00e9e de lecture estim\u00e9e\" \/>\n\t<meta name=\"twitter:data1\" content=\"4 minutes\" \/>\n<script type=\"application\/ld+json\" class=\"yoast-schema-graph\">{\"@context\":\"https:\\\/\\\/schema.org\",\"@graph\":[{\"@type\":\"WebPage\",\"@id\":\"https:\\\/\\\/marinadialassio.net\\\/fr\\\/amarrez-dans-le-budello\\\/\",\"url\":\"https:\\\/\\\/marinadialassio.net\\\/fr\\\/amarrez-dans-le-budello\\\/\",\"name\":\"Amarrez dans le \u00ab Budello \u00bb - Marina di Alassio\",\"isPartOf\":{\"@id\":\"https:\\\/\\\/marinadialassio.net\\\/#website\"},\"datePublished\":\"2020-11-26T08:30:25+00:00\",\"dateModified\":\"2020-11-26T08:30:27+00:00\",\"breadcrumb\":{\"@id\":\"https:\\\/\\\/marinadialassio.net\\\/fr\\\/amarrez-dans-le-budello\\\/#breadcrumb\"},\"inLanguage\":\"fr-FR\",\"potentialAction\":[{\"@type\":\"ReadAction\",\"target\":[\"https:\\\/\\\/marinadialassio.net\\\/fr\\\/amarrez-dans-le-budello\\\/\"]}]},{\"@type\":\"BreadcrumbList\",\"@id\":\"https:\\\/\\\/marinadialassio.net\\\/fr\\\/amarrez-dans-le-budello\\\/#breadcrumb\",\"itemListElement\":[{\"@type\":\"ListItem\",\"position\":1,\"name\":\"Home\",\"item\":\"https:\\\/\\\/marinadialassio.net\\\/\"},{\"@type\":\"ListItem\",\"position\":2,\"name\":\"Amarrez dans le \u00ab Budello \u00bb\"}]},{\"@type\":\"WebSite\",\"@id\":\"https:\\\/\\\/marinadialassio.net\\\/#website\",\"url\":\"https:\\\/\\\/marinadialassio.net\\\/\",\"name\":\"Marina di Alassio\",\"description\":\"Porto Luca Ferrari\",\"potentialAction\":[{\"@type\":\"SearchAction\",\"target\":{\"@type\":\"EntryPoint\",\"urlTemplate\":\"https:\\\/\\\/marinadialassio.net\\\/?s={search_term_string}\"},\"query-input\":{\"@type\":\"PropertyValueSpecification\",\"valueRequired\":true,\"valueName\":\"search_term_string\"}}],\"inLanguage\":\"fr-FR\"}]}<\/script>\n<!-- \/ Yoast SEO plugin. -->","yoast_head_json":{"title":"Amarrez dans le \u00ab Budello \u00bb - Marina di Alassio","robots":{"index":"index","follow":"follow","max-snippet":"max-snippet:-1","max-image-preview":"max-image-preview:large","max-video-preview":"max-video-preview:-1"},"canonical":"https:\/\/marinadialassio.net\/fr\/amarrez-dans-le-budello\/","og_locale":"fr_FR","og_type":"article","og_title":"Amarrez dans le \u00ab Budello \u00bb - Marina di Alassio","og_description":"Amarrez dans le \u00ab Budello \u00bb \u00cates-vous au mouillage avec votre yacht et voulez-vous faire du shopping ou visiter Alassio ? Aucun probl\u00e8me ! Amarrez au quai \u00ab Bestoso \u00bb situ\u00e9 au centre du golfe de sable de la ville d&rsquo;Alassio, en plein c\u0153ur de la station touristique. Les entr\u00e9es sont situ\u00e9es dans la partie [&hellip;]","og_url":"https:\/\/marinadialassio.net\/fr\/amarrez-dans-le-budello\/","og_site_name":"Marina di Alassio","article_modified_time":"2020-11-26T08:30:27+00:00","twitter_card":"summary_large_image","twitter_misc":{"Dur\u00e9e de lecture estim\u00e9e":"4 minutes"},"schema":{"@context":"https:\/\/schema.org","@graph":[{"@type":"WebPage","@id":"https:\/\/marinadialassio.net\/fr\/amarrez-dans-le-budello\/","url":"https:\/\/marinadialassio.net\/fr\/amarrez-dans-le-budello\/","name":"Amarrez dans le \u00ab Budello \u00bb - Marina di Alassio","isPartOf":{"@id":"https:\/\/marinadialassio.net\/#website"},"datePublished":"2020-11-26T08:30:25+00:00","dateModified":"2020-11-26T08:30:27+00:00","breadcrumb":{"@id":"https:\/\/marinadialassio.net\/fr\/amarrez-dans-le-budello\/#breadcrumb"},"inLanguage":"fr-FR","potentialAction":[{"@type":"ReadAction","target":["https:\/\/marinadialassio.net\/fr\/amarrez-dans-le-budello\/"]}]},{"@type":"BreadcrumbList","@id":"https:\/\/marinadialassio.net\/fr\/amarrez-dans-le-budello\/#breadcrumb","itemListElement":[{"@type":"ListItem","position":1,"name":"Home","item":"https:\/\/marinadialassio.net\/"},{"@type":"ListItem","position":2,"name":"Amarrez dans le \u00ab Budello \u00bb"}]},{"@type":"WebSite","@id":"https:\/\/marinadialassio.net\/#website","url":"https:\/\/marinadialassio.net\/","name":"Marina di Alassio","description":"Porto Luca Ferrari","potentialAction":[{"@type":"SearchAction","target":{"@type":"EntryPoint","urlTemplate":"https:\/\/marinadialassio.net\/?s={search_term_string}"},"query-input":{"@type":"PropertyValueSpecification","valueRequired":true,"valueName":"search_term_string"}}],"inLanguage":"fr-FR"}]}},"_links":{"self":[{"href":"https:\/\/marinadialassio.net\/fr\/wp-json\/wp\/v2\/pages\/2188","targetHints":{"allow":["GET"]}}],"collection":[{"href":"https:\/\/marinadialassio.net\/fr\/wp-json\/wp\/v2\/pages"}],"about":[{"href":"https:\/\/marinadialassio.net\/fr\/wp-json\/wp\/v2\/types\/page"}],"author":[{"embeddable":true,"href":"https:\/\/marinadialassio.net\/fr\/wp-json\/wp\/v2\/users\/1"}],"replies":[{"embeddable":true,"href":"https:\/\/marinadialassio.net\/fr\/wp-json\/wp\/v2\/comments?post=2188"}],"version-history":[{"count":1,"href":"https:\/\/marinadialassio.net\/fr\/wp-json\/wp\/v2\/pages\/2188\/revisions"}],"predecessor-version":[{"id":2193,"href":"https:\/\/marinadialassio.net\/fr\/wp-json\/wp\/v2\/pages\/2188\/revisions\/2193"}],"wp:attachment":[{"href":"https:\/\/marinadialassio.net\/fr\/wp-json\/wp\/v2\/media?parent=2188"}],"curies":[{"name":"wp","href":"https:\/\/api.w.org\/{rel}","templated":true}]}}