{"id":2330,"date":"2020-11-27T15:33:50","date_gmt":"2020-11-27T15:33:50","guid":{"rendered":"https:\/\/marinadialassio.net\/alassio-experience\/"},"modified":"2024-05-30T15:00:34","modified_gmt":"2024-05-30T15:00:34","slug":"alassio-experience","status":"publish","type":"page","link":"https:\/\/marinadialassio.net\/es\/alassio-experience\/","title":{"rendered":"Alassio experience"},"content":{"rendered":"\t\t<div data-elementor-type=\"wp-page\" data-elementor-id=\"2330\" class=\"elementor elementor-2330 elementor-16\" data-elementor-post-type=\"page\">\n\t\t\t\t\t\t<section class=\"elementor-section elementor-top-section elementor-element elementor-element-c9f9c2a elementor-section-full_width elementor-section-height-min-height elementor-section-height-default elementor-section-items-middle\" data-id=\"c9f9c2a\" data-element_type=\"section\" data-e-type=\"section\" data-settings=\"{&quot;background_background&quot;:&quot;classic&quot;}\">\n\t\t\t\t\t\t\t<div class=\"elementor-background-overlay\"><\/div>\n\t\t\t\t\t\t\t<div class=\"elementor-container elementor-column-gap-default\">\n\t\t\t\t\t<div class=\"elementor-column elementor-col-100 elementor-top-column elementor-element elementor-element-11ab990\" data-id=\"11ab990\" data-element_type=\"column\" data-e-type=\"column\">\n\t\t\t<div class=\"elementor-widget-wrap elementor-element-populated\">\n\t\t\t\t\t\t<div class=\"elementor-element elementor-element-fc37c5e elementor-widget elementor-widget-image\" data-id=\"fc37c5e\" data-element_type=\"widget\" data-e-type=\"widget\" data-widget_type=\"image.default\">\n\t\t\t\t<div class=\"elementor-widget-container\">\n\t\t\t\t\t\t\t\t\t\t\t\t\t\t\t\t<a href=\"#elementor-action%3Aaction%3Dpopup%3Aopen%26settings%3DeyJpZCI6MTAxMiwidG9nZ2xlIjpmYWxzZX0%3D\">\n\t\t\t\t\t\t\t<img fetchpriority=\"high\" decoding=\"async\" width=\"600\" height=\"338\" src=\"https:\/\/marinadialassio.net\/wp-content\/uploads\/2020\/10\/scopri-alassio-video.svg\" class=\"elementor-animation-shrink attachment-large size-large wp-image-2238\" alt=\"\" \/>\t\t\t\t\t\t\t\t<\/a>\n\t\t\t\t\t\t\t\t\t\t\t\t\t\t\t<\/div>\n\t\t\t\t<\/div>\n\t\t\t\t\t<\/div>\n\t\t<\/div>\n\t\t\t\t\t<\/div>\n\t\t<\/section>\n\t\t\t\t<section class=\"elementor-section elementor-top-section elementor-element elementor-element-96ee237 elementor-section-boxed elementor-section-height-default elementor-section-height-default\" data-id=\"96ee237\" data-element_type=\"section\" data-e-type=\"section\" data-settings=\"{&quot;background_background&quot;:&quot;classic&quot;}\">\n\t\t\t\t\t\t<div class=\"elementor-container elementor-column-gap-default\">\n\t\t\t\t\t<div class=\"elementor-column elementor-col-100 elementor-top-column elementor-element elementor-element-7098c3b\" data-id=\"7098c3b\" data-element_type=\"column\" data-e-type=\"column\">\n\t\t\t<div class=\"elementor-widget-wrap elementor-element-populated\">\n\t\t\t\t\t\t<div class=\"elementor-element elementor-element-1094abe elementor-widget elementor-widget-text-editor\" data-id=\"1094abe\" data-element_type=\"widget\" data-e-type=\"widget\" data-widget_type=\"text-editor.default\">\n\t\t\t\t<div class=\"elementor-widget-container\">\n\t\t\t\t\t\t\t\t\t<h1>Alassio Experience<\/h1>\n\t\t\t\t\t\t\t\t<\/div>\n\t\t\t\t<\/div>\n\t\t\t\t\t<\/div>\n\t\t<\/div>\n\t\t\t\t\t<\/div>\n\t\t<\/section>\n\t\t\t\t<section class=\"elementor-section elementor-top-section elementor-element elementor-element-a6f6f89 elementor-section-boxed elementor-section-height-default elementor-section-height-default\" data-id=\"a6f6f89\" data-element_type=\"section\" data-e-type=\"section\" data-settings=\"{&quot;background_background&quot;:&quot;classic&quot;}\">\n\t\t\t\t\t\t<div class=\"elementor-container elementor-column-gap-default\">\n\t\t\t\t\t<div class=\"elementor-column elementor-col-50 elementor-top-column elementor-element elementor-element-4d6617e\" data-id=\"4d6617e\" data-element_type=\"column\" data-e-type=\"column\">\n\t\t\t<div class=\"elementor-widget-wrap elementor-element-populated\">\n\t\t\t\t\t\t<div class=\"elementor-element elementor-element-8ab1e8c elementor-widget elementor-widget-image\" data-id=\"8ab1e8c\" data-element_type=\"widget\" data-e-type=\"widget\" data-widget_type=\"image.default\">\n\t\t\t\t<div class=\"elementor-widget-container\">\n\t\t\t\t\t\t\t\t\t\t\t\t\t\t\t<img decoding=\"async\" width=\"800\" height=\"800\" src=\"https:\/\/marinadialassio.net\/wp-content\/uploads\/2020\/09\/budello-alassio-shop.jpg\" class=\"attachment-large size-large wp-image-2243\" alt=\"\" srcset=\"https:\/\/marinadialassio.net\/wp-content\/uploads\/2020\/09\/budello-alassio-shop.jpg 900w, https:\/\/marinadialassio.net\/wp-content\/uploads\/2020\/09\/budello-alassio-shop-300x300.jpg 300w, https:\/\/marinadialassio.net\/wp-content\/uploads\/2020\/09\/budello-alassio-shop-150x150.jpg 150w, https:\/\/marinadialassio.net\/wp-content\/uploads\/2020\/09\/budello-alassio-shop-768x768.jpg 768w\" sizes=\"(max-width: 800px) 100vw, 800px\" \/>\t\t\t\t\t\t\t\t\t\t\t\t\t\t\t<\/div>\n\t\t\t\t<\/div>\n\t\t\t\t\t<\/div>\n\t\t<\/div>\n\t\t\t\t<div class=\"elementor-column elementor-col-50 elementor-top-column elementor-element elementor-element-1defa3b\" data-id=\"1defa3b\" data-element_type=\"column\" data-e-type=\"column\" data-settings=\"{&quot;background_background&quot;:&quot;classic&quot;}\">\n\t\t\t<div class=\"elementor-widget-wrap elementor-element-populated\">\n\t\t\t\t\t\t<div class=\"elementor-element elementor-element-902ece0 elementor-widget elementor-widget-text-editor\" data-id=\"902ece0\" data-element_type=\"widget\" data-e-type=\"widget\" data-widget_type=\"text-editor.default\">\n\t\t\t\t<div class=\"elementor-widget-container\">\n\t\t\t\t\t\t\t\t\t<h3>Il Budello &#8211; Tiendas<\/h3>\n<p>Si visitas Alassio, \u00a1un paseo por el \u201cBudello\u201d es obligatorio!<\/p>\n<p>El \u201cBudello\u201d de Alassio<strong> es una calle estrecha que atraviesa toda la ciudad<\/strong>, paralela a la costa, desde Borgo Coscia hasta el Paseo Ciccione: entre los callejones de Budello se encuentran las mejores tiendas de la Liguria Occidental. S\u00ed, <strong>el Budello se define de hecho como el centro comercial al aire libre m\u00e1s largo de Europa.<\/strong><br \/>\nEn Alassio la tradici\u00f3n comercial se identifica con el Budello y sus paseos.<\/p>\n\t\t\t\t\t\t\t\t<\/div>\n\t\t\t\t<\/div>\n\t\t\t\t<div class=\"elementor-element elementor-element-016f121 elementor-widget elementor-widget-button\" data-id=\"016f121\" data-element_type=\"widget\" data-e-type=\"widget\" data-widget_type=\"button.default\">\n\t\t\t\t<div class=\"elementor-widget-container\">\n\t\t\t\t\t\t\t\t\t<div class=\"elementor-button-wrapper\">\n\t\t\t\t\t<a class=\"elementor-button elementor-button-link elementor-size-sm\" href=\"https:\/\/www.visitalassio.eu\/\" target=\"_blank\" rel=\"nofollow\">\n\t\t\t\t\t\t<span class=\"elementor-button-content-wrapper\">\n\t\t\t\t\t\t\t\t\t<span class=\"elementor-button-text\">Visit Alassio<\/span>\n\t\t\t\t\t<\/span>\n\t\t\t\t\t<\/a>\n\t\t\t\t<\/div>\n\t\t\t\t\t\t\t\t<\/div>\n\t\t\t\t<\/div>\n\t\t\t\t\t<\/div>\n\t\t<\/div>\n\t\t\t\t\t<\/div>\n\t\t<\/section>\n\t\t\t\t<section class=\"elementor-section elementor-top-section elementor-element elementor-element-84425f8 elementor-reverse-tablet elementor-reverse-mobile elementor-section-boxed elementor-section-height-default elementor-section-height-default\" data-id=\"84425f8\" data-element_type=\"section\" data-e-type=\"section\" data-settings=\"{&quot;background_background&quot;:&quot;classic&quot;}\">\n\t\t\t\t\t\t<div class=\"elementor-container elementor-column-gap-default\">\n\t\t\t\t\t<div class=\"elementor-column elementor-col-50 elementor-top-column elementor-element elementor-element-373c86c\" data-id=\"373c86c\" data-element_type=\"column\" data-e-type=\"column\" data-settings=\"{&quot;background_background&quot;:&quot;classic&quot;}\">\n\t\t\t<div class=\"elementor-widget-wrap elementor-element-populated\">\n\t\t\t\t\t\t<div class=\"elementor-element elementor-element-400f6de elementor-widget elementor-widget-text-editor\" data-id=\"400f6de\" data-element_type=\"widget\" data-e-type=\"widget\" data-widget_type=\"text-editor.default\">\n\t\t\t\t<div class=\"elementor-widget-container\">\n\t\t\t\t\t\t\t\t\t<h3>El muro &#8211; \u201cIl muretto\u201d<\/h3>\n<p>Imperdible en Alassio es el coloreado y sugerente Muretto, una instalaci\u00f3n art\u00edstica en continua evoluci\u00f3n.<\/p>\n<p><strong>Mario Berrino<\/strong>, c\u00e9lebre artista apreciado por el vivo uso de los colores y de sus\u00bbmarinas\u00bb, propietario del Caff\u00e8 Roma, en 1953 <strong>decidi\u00f3 embellecer el muro del jard\u00edn p\u00fablico cercano a su bar con baldosas cer\u00e1micas autografiadas<\/strong>, y as\u00ed dio paso a una tradici\u00f3n que contin\u00faa en la actualidad con firmas de personalidades del entretenimiento, el arte, la cultura y el deporte que quisieron vincular sus nombre a la ciudad.<br \/>\nEl nombre del escritor estadounidense Ernest Hemingway, amigo de Berrino, fue uno de los primeros en aparecer en la pared y hoy el Muretto tiene casi 1000 azulejos coloreados con una colecci\u00f3n internacional de firmas como las de Hemingway, Louis Armstrong. Woody Allen, Mike Bongiorno, la Selecci\u00f3n &#8217;82, Fausto Coppi y Gino Bartali hasta Valentino Rossi y muchos otros.<\/p>\n<p><strong>Alassio tambi\u00e9n es conocida como la Ciudad de los Enamorados<\/strong>, para recordarlo en la pared est\u00e1 la reproducci\u00f3n en cer\u00e1mica de los rom\u00e1nticos \u00abLes amoureux \u00abde Raymond Peynet, la estatua de bronce de los Amantes de Eros Pellini, las cig\u00fce\u00f1as de acero de Giuseppe (Pino) \u200b\u200bMastroianni, los Pececillos del maestro Berrino y un curioso buz\u00f3n rojo donde los chicos que se encuentran frente a la pared dejan sus mensajes de amor.<\/p>\n\t\t\t\t\t\t\t\t<\/div>\n\t\t\t\t<\/div>\n\t\t\t\t\t<\/div>\n\t\t<\/div>\n\t\t\t\t<div class=\"elementor-column elementor-col-50 elementor-top-column elementor-element elementor-element-b4f3158\" data-id=\"b4f3158\" data-element_type=\"column\" data-e-type=\"column\">\n\t\t\t<div class=\"elementor-widget-wrap elementor-element-populated\">\n\t\t\t\t\t\t<div class=\"elementor-element elementor-element-e5d4442 elementor-widget elementor-widget-image\" data-id=\"e5d4442\" data-element_type=\"widget\" data-e-type=\"widget\" data-widget_type=\"image.default\">\n\t\t\t\t<div class=\"elementor-widget-container\">\n\t\t\t\t\t\t\t\t\t\t\t\t\t\t\t<img decoding=\"async\" width=\"800\" height=\"800\" src=\"https:\/\/marinadialassio.net\/wp-content\/uploads\/2020\/10\/muretto-alassio.jpg\" class=\"attachment-large size-large wp-image-2244\" alt=\"\" srcset=\"https:\/\/marinadialassio.net\/wp-content\/uploads\/2020\/10\/muretto-alassio.jpg 800w, https:\/\/marinadialassio.net\/wp-content\/uploads\/2020\/10\/muretto-alassio-300x300.jpg 300w, https:\/\/marinadialassio.net\/wp-content\/uploads\/2020\/10\/muretto-alassio-150x150.jpg 150w, https:\/\/marinadialassio.net\/wp-content\/uploads\/2020\/10\/muretto-alassio-768x768.jpg 768w\" sizes=\"(max-width: 800px) 100vw, 800px\" \/>\t\t\t\t\t\t\t\t\t\t\t\t\t\t\t<\/div>\n\t\t\t\t<\/div>\n\t\t\t\t\t<\/div>\n\t\t<\/div>\n\t\t\t\t\t<\/div>\n\t\t<\/section>\n\t\t\t\t<section class=\"elementor-section elementor-top-section elementor-element elementor-element-4615344 elementor-section-boxed elementor-section-height-default elementor-section-height-default\" data-id=\"4615344\" data-element_type=\"section\" data-e-type=\"section\" data-settings=\"{&quot;background_background&quot;:&quot;classic&quot;}\">\n\t\t\t\t\t\t<div class=\"elementor-container elementor-column-gap-default\">\n\t\t\t\t\t<div class=\"elementor-column elementor-col-50 elementor-top-column elementor-element elementor-element-f87e614\" data-id=\"f87e614\" data-element_type=\"column\" data-e-type=\"column\">\n\t\t\t<div class=\"elementor-widget-wrap elementor-element-populated\">\n\t\t\t\t\t\t<div class=\"elementor-element elementor-element-7faa798 elementor-widget elementor-widget-image\" data-id=\"7faa798\" data-element_type=\"widget\" data-e-type=\"widget\" data-widget_type=\"image.default\">\n\t\t\t\t<div class=\"elementor-widget-container\">\n\t\t\t\t\t\t\t\t\t\t\t\t\t\t\t<img loading=\"lazy\" decoding=\"async\" width=\"800\" height=\"800\" src=\"https:\/\/marinadialassio.net\/wp-content\/uploads\/2020\/10\/santa-croce-julia-augusta.jpg\" class=\"attachment-large size-large wp-image-2245\" alt=\"\" srcset=\"https:\/\/marinadialassio.net\/wp-content\/uploads\/2020\/10\/santa-croce-julia-augusta.jpg 1000w, https:\/\/marinadialassio.net\/wp-content\/uploads\/2020\/10\/santa-croce-julia-augusta-300x300.jpg 300w, https:\/\/marinadialassio.net\/wp-content\/uploads\/2020\/10\/santa-croce-julia-augusta-150x150.jpg 150w, https:\/\/marinadialassio.net\/wp-content\/uploads\/2020\/10\/santa-croce-julia-augusta-768x768.jpg 768w\" sizes=\"(max-width: 800px) 100vw, 800px\" \/>\t\t\t\t\t\t\t\t\t\t\t\t\t\t\t<\/div>\n\t\t\t\t<\/div>\n\t\t\t\t\t<\/div>\n\t\t<\/div>\n\t\t\t\t<div class=\"elementor-column elementor-col-50 elementor-top-column elementor-element elementor-element-426f498\" data-id=\"426f498\" data-element_type=\"column\" data-e-type=\"column\" data-settings=\"{&quot;background_background&quot;:&quot;classic&quot;}\">\n\t\t\t<div class=\"elementor-widget-wrap elementor-element-populated\">\n\t\t\t\t\t\t<div class=\"elementor-element elementor-element-18d4184 elementor-widget elementor-widget-text-editor\" data-id=\"18d4184\" data-element_type=\"widget\" data-e-type=\"widget\" data-widget_type=\"text-editor.default\">\n\t\t\t\t<div class=\"elementor-widget-container\">\n\t\t\t\t\t\t\t\t\t<h3>Via Julia Augusta<\/h3>\n<p><strong>Los amantes de los paseos entre la vegetaci\u00f3n<\/strong>, no se pueden perder la Via Julia Augusta, construida en el 13 a. C. a instancias del emperador Augusto para conectar Roma con el sur de la Galia.<\/p>\n<p>La carretera \u00abIulia Augusta\u00bb en el tramo entre Alassio y Albenga es <strong>una de las rutas naturalistas hist\u00f3ricas m\u00e1s evocadoras de Liguria<\/strong>, f\u00e1cil de recorrer y con los colores y aromas t\u00edpicos de la maquia mediterr\u00e1nea.<\/p>\n<p>Desde Santa Croce donde encontramos la iglesia rom\u00e1nica inmersa en un pinar con vistas al mar, hasta las ruinas y la necr\u00f3polis romana de Albenga, pasando por la iglesia de Sant&#8217;Anna que fue la primera parroquia de Alassio hasta 1507; el edificio es uno de los primeros lugares de culto de la zona, ya que fue construido hacia el a\u00f1o 940 por los monjes benedictinos de la isla Gallinara.<\/p>\n\t\t\t\t\t\t\t\t<\/div>\n\t\t\t\t<\/div>\n\t\t\t\t\t<\/div>\n\t\t<\/div>\n\t\t\t\t\t<\/div>\n\t\t<\/section>\n\t\t\t\t<section class=\"elementor-section elementor-top-section elementor-element elementor-element-8086b6c elementor-reverse-tablet elementor-reverse-mobile elementor-section-boxed elementor-section-height-default elementor-section-height-default\" data-id=\"8086b6c\" data-element_type=\"section\" data-e-type=\"section\" data-settings=\"{&quot;background_background&quot;:&quot;classic&quot;}\">\n\t\t\t\t\t\t<div class=\"elementor-container elementor-column-gap-default\">\n\t\t\t\t\t<div class=\"elementor-column elementor-col-50 elementor-top-column elementor-element elementor-element-e5ed4b9\" data-id=\"e5ed4b9\" data-element_type=\"column\" data-e-type=\"column\" id=\"spa\" data-settings=\"{&quot;background_background&quot;:&quot;classic&quot;}\">\n\t\t\t<div class=\"elementor-widget-wrap elementor-element-populated\">\n\t\t\t\t\t\t<div class=\"elementor-element elementor-element-3e94c0b elementor-widget elementor-widget-text-editor\" data-id=\"3e94c0b\" data-element_type=\"widget\" data-e-type=\"widget\" data-widget_type=\"text-editor.default\">\n\t\t\t\t<div class=\"elementor-widget-container\">\n\t\t\t\t\t\t\t\t\t<h3>Spa Hotel &amp; Beach<\/h3>\n\t\t\t\t\t\t\t\t<\/div>\n\t\t\t\t<\/div>\n\t\t\t\t<div class=\"elementor-element elementor-element-32a8268 elementor-widget elementor-widget-text-editor\" data-id=\"32a8268\" data-element_type=\"widget\" data-e-type=\"widget\" data-widget_type=\"text-editor.default\">\n\t\t\t\t<div class=\"elementor-widget-container\">\n\t\t\t\t\t\t\t\t\t<p>La acogida y las facilidades de Alassio \u201cmiman\u201d a los hu\u00e9spedes en cada aspectos del d\u00eda.<\/p>\n<p><strong>Estructuras de alto nivel y bien equipadas<\/strong> garantizan una profesionalidad del turismo para brindar los servicios adecuados, desde principios del siglo XIX cuando los primeros asentamientos ingleses \u00abcolonizaron\u00bb la ciudad.<\/p>\n\t\t\t\t\t\t\t\t<\/div>\n\t\t\t\t<\/div>\n\t\t\t\t<div class=\"elementor-element elementor-element-0896fcd elementor-widget elementor-widget-button\" data-id=\"0896fcd\" data-element_type=\"widget\" data-e-type=\"widget\" data-widget_type=\"button.default\">\n\t\t\t\t<div class=\"elementor-widget-container\">\n\t\t\t\t\t\t\t\t\t<div class=\"elementor-button-wrapper\">\n\t\t\t\t\t<a class=\"elementor-button elementor-button-link elementor-size-sm\" href=\"https:\/\/www.visitalassio.eu\/hotel-tosc\/#\/alloggi\" target=\"_blank\" rel=\"nofollow\">\n\t\t\t\t\t\t<span class=\"elementor-button-content-wrapper\">\n\t\t\t\t\t\t\t\t\t<span class=\"elementor-button-text\">Saber m\u00e1s<\/span>\n\t\t\t\t\t<\/span>\n\t\t\t\t\t<\/a>\n\t\t\t\t<\/div>\n\t\t\t\t\t\t\t\t<\/div>\n\t\t\t\t<\/div>\n\t\t\t\t\t<\/div>\n\t\t<\/div>\n\t\t\t\t<div class=\"elementor-column elementor-col-50 elementor-top-column elementor-element elementor-element-1c0af78\" data-id=\"1c0af78\" data-element_type=\"column\" data-e-type=\"column\">\n\t\t\t<div class=\"elementor-widget-wrap elementor-element-populated\">\n\t\t\t\t\t\t<div class=\"elementor-element elementor-element-788abab elementor-widget elementor-widget-image\" data-id=\"788abab\" data-element_type=\"widget\" data-e-type=\"widget\" data-widget_type=\"image.default\">\n\t\t\t\t<div class=\"elementor-widget-container\">\n\t\t\t\t\t\t\t\t\t\t\t\t\t\t\t<img loading=\"lazy\" decoding=\"async\" width=\"800\" height=\"800\" src=\"https:\/\/marinadialassio.net\/wp-content\/uploads\/2020\/10\/poster-epoca-alassio.jpg\" class=\"attachment-large size-large wp-image-2246\" alt=\"\" srcset=\"https:\/\/marinadialassio.net\/wp-content\/uploads\/2020\/10\/poster-epoca-alassio.jpg 1000w, https:\/\/marinadialassio.net\/wp-content\/uploads\/2020\/10\/poster-epoca-alassio-300x300.jpg 300w, https:\/\/marinadialassio.net\/wp-content\/uploads\/2020\/10\/poster-epoca-alassio-150x150.jpg 150w, https:\/\/marinadialassio.net\/wp-content\/uploads\/2020\/10\/poster-epoca-alassio-768x768.jpg 768w\" sizes=\"(max-width: 800px) 100vw, 800px\" \/>\t\t\t\t\t\t\t\t\t\t\t\t\t\t\t<\/div>\n\t\t\t\t<\/div>\n\t\t\t\t\t<\/div>\n\t\t<\/div>\n\t\t\t\t\t<\/div>\n\t\t<\/section>\n\t\t\t\t<\/div>\n\t\t","protected":false},"excerpt":{"rendered":"<p>Alassio Experience Il Budello &#8211; Tiendas Si visitas Alassio, \u00a1un paseo por el \u201cBudello\u201d es obligatorio! El \u201cBudello\u201d de Alassio es una calle estrecha que atraviesa toda la ciudad, paralela a la costa, desde Borgo Coscia hasta el Paseo Ciccione: entre los callejones de Budello se encuentran las mejores tiendas de la Liguria Occidental. S\u00ed, [&hellip;]<\/p>\n","protected":false},"author":1,"featured_media":0,"parent":0,"menu_order":0,"comment_status":"closed","ping_status":"closed","template":"","meta":{"footnotes":""},"class_list":["post-2330","page","type-page","status-publish","hentry"],"yoast_head":"<!-- This site is optimized with the Yoast SEO plugin v27.3 - https:\/\/yoast.com\/product\/yoast-seo-wordpress\/ -->\n<title>Alassio experience - Marina di Alassio<\/title>\n<meta name=\"robots\" content=\"index, follow, max-snippet:-1, max-image-preview:large, max-video-preview:-1\" \/>\n<link rel=\"canonical\" href=\"https:\/\/marinadialassio.net\/alassio-experience\/\" \/>\n<meta property=\"og:locale\" content=\"es_ES\" \/>\n<meta property=\"og:type\" content=\"article\" \/>\n<meta property=\"og:title\" content=\"Alassio experience - Marina di Alassio\" \/>\n<meta property=\"og:description\" content=\"Alassio Experience Il Budello &#8211; Tiendas Si visitas Alassio, \u00a1un paseo por el \u201cBudello\u201d es obligatorio! El \u201cBudello\u201d de Alassio es una calle estrecha que atraviesa toda la ciudad, paralela a la costa, desde Borgo Coscia hasta el Paseo Ciccione: entre los callejones de Budello se encuentran las mejores tiendas de la Liguria Occidental. S\u00ed, [&hellip;]\" \/>\n<meta property=\"og:url\" content=\"https:\/\/marinadialassio.net\/alassio-experience\/\" \/>\n<meta property=\"og:site_name\" content=\"Marina di Alassio\" \/>\n<meta property=\"article:modified_time\" content=\"2024-05-30T15:00:34+00:00\" \/>\n<meta property=\"og:image\" content=\"https:\/\/marinadialassio.net\/wp-content\/uploads\/2020\/10\/scopri-alassio-video.svg\" \/>\n<meta name=\"twitter:card\" content=\"summary_large_image\" \/>\n<meta name=\"twitter:label1\" content=\"Tiempo de lectura\" \/>\n\t<meta name=\"twitter:data1\" content=\"4 minutos\" \/>\n<script type=\"application\/ld+json\" class=\"yoast-schema-graph\">{\"@context\":\"https:\\\/\\\/schema.org\",\"@graph\":[{\"@type\":\"WebPage\",\"@id\":\"https:\\\/\\\/marinadialassio.net\\\/alassio-experience\\\/\",\"url\":\"https:\\\/\\\/marinadialassio.net\\\/alassio-experience\\\/\",\"name\":\"Alassio experience - Marina di Alassio\",\"isPartOf\":{\"@id\":\"https:\\\/\\\/marinadialassio.net\\\/#website\"},\"primaryImageOfPage\":{\"@id\":\"https:\\\/\\\/marinadialassio.net\\\/alassio-experience\\\/#primaryimage\"},\"image\":{\"@id\":\"https:\\\/\\\/marinadialassio.net\\\/alassio-experience\\\/#primaryimage\"},\"thumbnailUrl\":\"https:\\\/\\\/marinadialassio.net\\\/wp-content\\\/uploads\\\/2020\\\/10\\\/scopri-alassio-video.svg\",\"datePublished\":\"2020-11-27T15:33:50+00:00\",\"dateModified\":\"2024-05-30T15:00:34+00:00\",\"breadcrumb\":{\"@id\":\"https:\\\/\\\/marinadialassio.net\\\/alassio-experience\\\/#breadcrumb\"},\"inLanguage\":\"es\",\"potentialAction\":[{\"@type\":\"ReadAction\",\"target\":[\"https:\\\/\\\/marinadialassio.net\\\/alassio-experience\\\/\"]}]},{\"@type\":\"ImageObject\",\"inLanguage\":\"es\",\"@id\":\"https:\\\/\\\/marinadialassio.net\\\/alassio-experience\\\/#primaryimage\",\"url\":\"https:\\\/\\\/marinadialassio.net\\\/wp-content\\\/uploads\\\/2020\\\/10\\\/scopri-alassio-video.svg\",\"contentUrl\":\"https:\\\/\\\/marinadialassio.net\\\/wp-content\\\/uploads\\\/2020\\\/10\\\/scopri-alassio-video.svg\"},{\"@type\":\"BreadcrumbList\",\"@id\":\"https:\\\/\\\/marinadialassio.net\\\/alassio-experience\\\/#breadcrumb\",\"itemListElement\":[{\"@type\":\"ListItem\",\"position\":1,\"name\":\"Home\",\"item\":\"https:\\\/\\\/marinadialassio.net\\\/en\\\/\"},{\"@type\":\"ListItem\",\"position\":2,\"name\":\"Alassio experience\"}]},{\"@type\":\"WebSite\",\"@id\":\"https:\\\/\\\/marinadialassio.net\\\/#website\",\"url\":\"https:\\\/\\\/marinadialassio.net\\\/\",\"name\":\"Marina di Alassio\",\"description\":\"Porto Luca Ferrari\",\"potentialAction\":[{\"@type\":\"SearchAction\",\"target\":{\"@type\":\"EntryPoint\",\"urlTemplate\":\"https:\\\/\\\/marinadialassio.net\\\/?s={search_term_string}\"},\"query-input\":{\"@type\":\"PropertyValueSpecification\",\"valueRequired\":true,\"valueName\":\"search_term_string\"}}],\"inLanguage\":\"es\"}]}<\/script>\n<!-- \/ Yoast SEO plugin. -->","yoast_head_json":{"title":"Alassio experience - Marina di Alassio","robots":{"index":"index","follow":"follow","max-snippet":"max-snippet:-1","max-image-preview":"max-image-preview:large","max-video-preview":"max-video-preview:-1"},"canonical":"https:\/\/marinadialassio.net\/alassio-experience\/","og_locale":"es_ES","og_type":"article","og_title":"Alassio experience - Marina di Alassio","og_description":"Alassio Experience Il Budello &#8211; Tiendas Si visitas Alassio, \u00a1un paseo por el \u201cBudello\u201d es obligatorio! El \u201cBudello\u201d de Alassio es una calle estrecha que atraviesa toda la ciudad, paralela a la costa, desde Borgo Coscia hasta el Paseo Ciccione: entre los callejones de Budello se encuentran las mejores tiendas de la Liguria Occidental. S\u00ed, [&hellip;]","og_url":"https:\/\/marinadialassio.net\/alassio-experience\/","og_site_name":"Marina di Alassio","article_modified_time":"2024-05-30T15:00:34+00:00","og_image":[{"url":"https:\/\/marinadialassio.net\/wp-content\/uploads\/2020\/10\/scopri-alassio-video.svg","type":"","width":"","height":""}],"twitter_card":"summary_large_image","twitter_misc":{"Tiempo de lectura":"4 minutos"},"schema":{"@context":"https:\/\/schema.org","@graph":[{"@type":"WebPage","@id":"https:\/\/marinadialassio.net\/alassio-experience\/","url":"https:\/\/marinadialassio.net\/alassio-experience\/","name":"Alassio experience - Marina di Alassio","isPartOf":{"@id":"https:\/\/marinadialassio.net\/#website"},"primaryImageOfPage":{"@id":"https:\/\/marinadialassio.net\/alassio-experience\/#primaryimage"},"image":{"@id":"https:\/\/marinadialassio.net\/alassio-experience\/#primaryimage"},"thumbnailUrl":"https:\/\/marinadialassio.net\/wp-content\/uploads\/2020\/10\/scopri-alassio-video.svg","datePublished":"2020-11-27T15:33:50+00:00","dateModified":"2024-05-30T15:00:34+00:00","breadcrumb":{"@id":"https:\/\/marinadialassio.net\/alassio-experience\/#breadcrumb"},"inLanguage":"es","potentialAction":[{"@type":"ReadAction","target":["https:\/\/marinadialassio.net\/alassio-experience\/"]}]},{"@type":"ImageObject","inLanguage":"es","@id":"https:\/\/marinadialassio.net\/alassio-experience\/#primaryimage","url":"https:\/\/marinadialassio.net\/wp-content\/uploads\/2020\/10\/scopri-alassio-video.svg","contentUrl":"https:\/\/marinadialassio.net\/wp-content\/uploads\/2020\/10\/scopri-alassio-video.svg"},{"@type":"BreadcrumbList","@id":"https:\/\/marinadialassio.net\/alassio-experience\/#breadcrumb","itemListElement":[{"@type":"ListItem","position":1,"name":"Home","item":"https:\/\/marinadialassio.net\/en\/"},{"@type":"ListItem","position":2,"name":"Alassio experience"}]},{"@type":"WebSite","@id":"https:\/\/marinadialassio.net\/#website","url":"https:\/\/marinadialassio.net\/","name":"Marina di Alassio","description":"Porto Luca Ferrari","potentialAction":[{"@type":"SearchAction","target":{"@type":"EntryPoint","urlTemplate":"https:\/\/marinadialassio.net\/?s={search_term_string}"},"query-input":{"@type":"PropertyValueSpecification","valueRequired":true,"valueName":"search_term_string"}}],"inLanguage":"es"}]}},"_links":{"self":[{"href":"https:\/\/marinadialassio.net\/es\/wp-json\/wp\/v2\/pages\/2330","targetHints":{"allow":["GET"]}}],"collection":[{"href":"https:\/\/marinadialassio.net\/es\/wp-json\/wp\/v2\/pages"}],"about":[{"href":"https:\/\/marinadialassio.net\/es\/wp-json\/wp\/v2\/types\/page"}],"author":[{"embeddable":true,"href":"https:\/\/marinadialassio.net\/es\/wp-json\/wp\/v2\/users\/1"}],"replies":[{"embeddable":true,"href":"https:\/\/marinadialassio.net\/es\/wp-json\/wp\/v2\/comments?post=2330"}],"version-history":[{"count":7,"href":"https:\/\/marinadialassio.net\/es\/wp-json\/wp\/v2\/pages\/2330\/revisions"}],"predecessor-version":[{"id":7173,"href":"https:\/\/marinadialassio.net\/es\/wp-json\/wp\/v2\/pages\/2330\/revisions\/7173"}],"wp:attachment":[{"href":"https:\/\/marinadialassio.net\/es\/wp-json\/wp\/v2\/media?parent=2330"}],"curies":[{"name":"wp","href":"https:\/\/api.w.org\/{rel}","templated":true}]}}