{"id":2321,"date":"2020-11-27T15:20:31","date_gmt":"2020-11-27T15:20:31","guid":{"rendered":"https:\/\/marinadialassio.net\/atraca-en-la-isla\/"},"modified":"2020-11-27T15:20:32","modified_gmt":"2020-11-27T15:20:32","slug":"atraca-en-la-isla","status":"publish","type":"page","link":"https:\/\/marinadialassio.net\/es\/atraca-en-la-isla\/","title":{"rendered":"Atraca en la isla"},"content":{"rendered":"\t\t<div data-elementor-type=\"wp-page\" data-elementor-id=\"2321\" class=\"elementor elementor-2321 elementor-11\" data-elementor-post-type=\"page\">\n\t\t\t\t\t\t<section class=\"elementor-section elementor-top-section elementor-element elementor-element-5bc8eab elementor-section-full_width elementor-section-height-min-height elementor-section-height-default elementor-section-items-middle\" data-id=\"5bc8eab\" data-element_type=\"section\" data-e-type=\"section\" data-settings=\"{&quot;background_background&quot;:&quot;classic&quot;}\">\n\t\t\t\t\t\t\t<div class=\"elementor-background-overlay\"><\/div>\n\t\t\t\t\t\t\t<div class=\"elementor-container elementor-column-gap-default\">\n\t\t\t\t\t<div class=\"elementor-column elementor-col-100 elementor-top-column elementor-element elementor-element-cfad9bd\" data-id=\"cfad9bd\" data-element_type=\"column\" data-e-type=\"column\">\n\t\t\t<div class=\"elementor-widget-wrap\">\n\t\t\t\t\t\t\t<\/div>\n\t\t<\/div>\n\t\t\t\t\t<\/div>\n\t\t<\/section>\n\t\t\t\t<section class=\"elementor-section elementor-top-section elementor-element elementor-element-f2affca elementor-section-boxed elementor-section-height-default elementor-section-height-default\" data-id=\"f2affca\" data-element_type=\"section\" data-e-type=\"section\" data-settings=\"{&quot;background_background&quot;:&quot;classic&quot;}\">\n\t\t\t\t\t\t<div class=\"elementor-container elementor-column-gap-default\">\n\t\t\t\t\t<div class=\"elementor-column elementor-col-50 elementor-top-column elementor-element elementor-element-d6ea934\" data-id=\"d6ea934\" data-element_type=\"column\" data-e-type=\"column\">\n\t\t\t<div class=\"elementor-widget-wrap elementor-element-populated\">\n\t\t\t\t\t\t<div class=\"elementor-element elementor-element-24bf1e3 elementor-widget elementor-widget-text-editor\" data-id=\"24bf1e3\" data-element_type=\"widget\" data-e-type=\"widget\" data-widget_type=\"text-editor.default\">\n\t\t\t\t<div class=\"elementor-widget-container\">\n\t\t\t\t\t\t\t\t\t<h1>Atraca en la isla<\/h1>\n\t\t\t\t\t\t\t\t<\/div>\n\t\t\t\t<\/div>\n\t\t\t\t<div class=\"elementor-element elementor-element-ad46f51 elementor-widget elementor-widget-text-editor\" data-id=\"ad46f51\" data-element_type=\"widget\" data-e-type=\"widget\" data-widget_type=\"text-editor.default\">\n\t\t\t\t<div class=\"elementor-widget-container\">\n\t\t\t\t\t\t\t\t\t<p><strong>El Parque Natural Regional<\/strong> de la Isla Gallinara es <strong>un \u00e1rea marina protegida debido a su h\u00e1bitat pr\u00edstino y de inestimable valor hist\u00f3rico<\/strong>, tanto ambiental como cultural.<\/p>\n<p>Al ser de propiedad privada, <strong>no se puede visitar.<\/strong><\/p>\n<p><strong>El amarre en la isla est\u00e1 permitido con las siguientes restricciones:<\/strong><\/p>\n\t\t\t\t\t\t\t\t<\/div>\n\t\t\t\t<\/div>\n\t\t\t\t<div class=\"elementor-element elementor-element-8715ac9 elementor-align-center elementor-widget elementor-widget-button\" data-id=\"8715ac9\" data-element_type=\"widget\" data-e-type=\"widget\" data-widget_type=\"button.default\">\n\t\t\t\t<div class=\"elementor-widget-container\">\n\t\t\t\t\t\t\t\t\t<div class=\"elementor-button-wrapper\">\n\t\t\t\t\t<a class=\"elementor-button elementor-button-link elementor-size-sm\" href=\"https:\/\/marinadialassio.net\/wp-content\/uploads\/2020\/09\/ordinanza-isola-gallinara.pdf\" target=\"_blank\">\n\t\t\t\t\t\t<span class=\"elementor-button-content-wrapper\">\n\t\t\t\t\t\t\t\t\t<span class=\"elementor-button-text\">Ordenanza Isla Gallinara<\/span>\n\t\t\t\t\t<\/span>\n\t\t\t\t\t<\/a>\n\t\t\t\t<\/div>\n\t\t\t\t\t\t\t\t<\/div>\n\t\t\t\t<\/div>\n\t\t\t\t\t<\/div>\n\t\t<\/div>\n\t\t\t\t<div class=\"elementor-column elementor-col-50 elementor-top-column elementor-element elementor-element-68f2f9e\" data-id=\"68f2f9e\" data-element_type=\"column\" data-e-type=\"column\">\n\t\t\t<div class=\"elementor-widget-wrap elementor-element-populated\">\n\t\t\t\t\t\t<div class=\"elementor-element elementor-element-bfde7a4 elementor-widget elementor-widget-image\" data-id=\"bfde7a4\" data-element_type=\"widget\" data-e-type=\"widget\" data-widget_type=\"image.default\">\n\t\t\t\t<div class=\"elementor-widget-container\">\n\t\t\t\t\t\t\t\t\t\t\t\t\t\t\t<img fetchpriority=\"high\" decoding=\"async\" width=\"800\" height=\"788\" src=\"https:\/\/marinadialassio.net\/wp-content\/uploads\/2020\/09\/restrizioni-isola-gallinara.jpg\" class=\"attachment-large size-large wp-image-2196\" alt=\"\" srcset=\"https:\/\/marinadialassio.net\/wp-content\/uploads\/2020\/09\/restrizioni-isola-gallinara.jpg 800w, https:\/\/marinadialassio.net\/wp-content\/uploads\/2020\/09\/restrizioni-isola-gallinara-300x296.jpg 300w, https:\/\/marinadialassio.net\/wp-content\/uploads\/2020\/09\/restrizioni-isola-gallinara-768x756.jpg 768w\" sizes=\"(max-width: 800px) 100vw, 800px\" \/>\t\t\t\t\t\t\t\t\t\t\t\t\t\t\t<\/div>\n\t\t\t\t<\/div>\n\t\t\t\t\t<\/div>\n\t\t<\/div>\n\t\t\t\t\t<\/div>\n\t\t<\/section>\n\t\t\t\t<section class=\"elementor-section elementor-top-section elementor-element elementor-element-bef3c5f elementor-section-boxed elementor-section-height-default elementor-section-height-default\" data-id=\"bef3c5f\" data-element_type=\"section\" data-e-type=\"section\" data-settings=\"{&quot;background_background&quot;:&quot;classic&quot;}\">\n\t\t\t\t\t\t<div class=\"elementor-container elementor-column-gap-default\">\n\t\t\t\t\t<div class=\"elementor-column elementor-col-100 elementor-top-column elementor-element elementor-element-f141685\" data-id=\"f141685\" data-element_type=\"column\" data-e-type=\"column\">\n\t\t\t<div class=\"elementor-widget-wrap elementor-element-populated\">\n\t\t\t\t\t\t<div class=\"elementor-element elementor-element-019ca95 elementor-widget elementor-widget-text-editor\" data-id=\"019ca95\" data-element_type=\"widget\" data-e-type=\"widget\" data-widget_type=\"text-editor.default\">\n\t\t\t\t<div class=\"elementor-widget-container\">\n\t\t\t\t\t\t\t\t\t<h2>Seg\u00fan la leyenda&#8230;<\/h2>\n\t\t\t\t\t\t\t\t<\/div>\n\t\t\t\t<\/div>\n\t\t\t\t<div class=\"elementor-element elementor-element-e671ace elementor-widget elementor-widget-text-editor\" data-id=\"e671ace\" data-element_type=\"widget\" data-e-type=\"widget\" data-widget_type=\"text-editor.default\">\n\t\t\t\t<div class=\"elementor-widget-container\">\n\t\t\t\t\t\t\t\t\t<p>Seg\u00fan la leyenda en la isla Gallinara San Martino, obispo de Tours, al abrigo, <strong>encontr\u00f3 refugio en una cueva frente al mar abierto<\/strong>, que hasta el d\u00eda de hoy lleva su nombre.<br \/>\nLa isla probablemente acogi\u00f3 a ermita\u00f1os. En el a\u00f1o 500 d.C. se estableci\u00f3 un monasterio benedictino, mientras que durante el siglo VIII los monjes transformaron la isla en la sede de una poderosa abad\u00eda, que extendi\u00f3 sus posesiones tambi\u00e9n en el continente.<\/p>\n<p>Entre los siglos X y XII, el monasterio alcanz\u00f3 la c\u00faspide de su prosperidad y gracias a abundantes donaciones, adquiri\u00f3 importantes propiedades no solo en Liguria Occidental, sino tambi\u00e9n en Francia y Espa\u00f1a. Posteriormente lleg\u00f3 el declive y en 1473, la abad\u00eda se dio in commendam. Despu\u00e9s de casi cuatro siglos, el t\u00edtulo y los derechos pasaron a la di\u00f3cesis de Albenga y en 1866 el obispo Raffaele Biale entreg\u00f3 la Gallinaria a privados.<\/p>\n<p><strong>La isla no se puede visitar<\/strong>, pero se puede ver la torre del siglo XVI, construida por los genoveses; el edificio principal, que ha sido ampliado y remodelado varias veces, incorporando los restos del antiguo monasterio y la iglesia de principios del siglo XX en estilo neorrom\u00e1nico.<\/p>\n<p>A\u00fan privada, <strong>la isla ha sido incluida desde 1989 en el sistema de \u00e1reas protegidas de la Regi\u00f3n Liguria. <\/strong><\/p>\n<p>Sin embargo,<strong> se pueden explorar sus espectaculares fondos marinos<\/strong>, que han devuelto numerosos hallazgos arqueol\u00f3gicos de la \u00e9poca romana y medieval, que conviven con fascinantes especies animales y vegetales de gran inter\u00e9s naturalista.<\/p>\n\t\t\t\t\t\t\t\t<\/div>\n\t\t\t\t<\/div>\n\t\t\t\t\t<\/div>\n\t\t<\/div>\n\t\t\t\t\t<\/div>\n\t\t<\/section>\n\t\t\t\t<\/div>\n\t\t","protected":false},"excerpt":{"rendered":"<p>Atraca en la isla El Parque Natural Regional de la Isla Gallinara es un \u00e1rea marina protegida debido a su h\u00e1bitat pr\u00edstino y de inestimable valor hist\u00f3rico, tanto ambiental como cultural. Al ser de propiedad privada, no se puede visitar. El amarre en la isla est\u00e1 permitido con las siguientes restricciones: Ordenanza Isla Gallinara Seg\u00fan [&hellip;]<\/p>\n","protected":false},"author":1,"featured_media":0,"parent":0,"menu_order":0,"comment_status":"closed","ping_status":"closed","template":"","meta":{"footnotes":""},"class_list":["post-2321","page","type-page","status-publish","hentry"],"yoast_head":"<!-- This site is optimized with the Yoast SEO plugin v27.4 - https:\/\/yoast.com\/product\/yoast-seo-wordpress\/ -->\n<title>Atraca en la isla - Marina di Alassio<\/title>\n<meta name=\"robots\" content=\"index, follow, max-snippet:-1, max-image-preview:large, max-video-preview:-1\" \/>\n<link rel=\"canonical\" href=\"https:\/\/marinadialassio.net\/es\/atraca-en-la-isla\/\" \/>\n<meta property=\"og:locale\" content=\"es_ES\" \/>\n<meta property=\"og:type\" content=\"article\" \/>\n<meta property=\"og:title\" content=\"Atraca en la isla - Marina di Alassio\" \/>\n<meta property=\"og:description\" content=\"Atraca en la isla El Parque Natural Regional de la Isla Gallinara es un \u00e1rea marina protegida debido a su h\u00e1bitat pr\u00edstino y de inestimable valor hist\u00f3rico, tanto ambiental como cultural. Al ser de propiedad privada, no se puede visitar. El amarre en la isla est\u00e1 permitido con las siguientes restricciones: Ordenanza Isla Gallinara Seg\u00fan [&hellip;]\" \/>\n<meta property=\"og:url\" content=\"https:\/\/marinadialassio.net\/es\/atraca-en-la-isla\/\" \/>\n<meta property=\"og:site_name\" content=\"Marina di Alassio\" \/>\n<meta property=\"article:modified_time\" content=\"2020-11-27T15:20:32+00:00\" \/>\n<meta property=\"og:image\" content=\"https:\/\/marinadialassio.net\/wp-content\/uploads\/2020\/09\/restrizioni-isola-gallinara.jpg\" \/>\n<meta name=\"twitter:card\" content=\"summary_large_image\" \/>\n<meta name=\"twitter:label1\" content=\"Tiempo de lectura\" \/>\n\t<meta name=\"twitter:data1\" content=\"2 minutos\" \/>\n<script type=\"application\/ld+json\" class=\"yoast-schema-graph\">{\"@context\":\"https:\\\/\\\/schema.org\",\"@graph\":[{\"@type\":\"WebPage\",\"@id\":\"https:\\\/\\\/marinadialassio.net\\\/es\\\/atraca-en-la-isla\\\/\",\"url\":\"https:\\\/\\\/marinadialassio.net\\\/es\\\/atraca-en-la-isla\\\/\",\"name\":\"Atraca en la isla - Marina di Alassio\",\"isPartOf\":{\"@id\":\"https:\\\/\\\/marinadialassio.net\\\/#website\"},\"primaryImageOfPage\":{\"@id\":\"https:\\\/\\\/marinadialassio.net\\\/es\\\/atraca-en-la-isla\\\/#primaryimage\"},\"image\":{\"@id\":\"https:\\\/\\\/marinadialassio.net\\\/es\\\/atraca-en-la-isla\\\/#primaryimage\"},\"thumbnailUrl\":\"https:\\\/\\\/marinadialassio.net\\\/wp-content\\\/uploads\\\/2020\\\/09\\\/restrizioni-isola-gallinara.jpg\",\"datePublished\":\"2020-11-27T15:20:31+00:00\",\"dateModified\":\"2020-11-27T15:20:32+00:00\",\"breadcrumb\":{\"@id\":\"https:\\\/\\\/marinadialassio.net\\\/es\\\/atraca-en-la-isla\\\/#breadcrumb\"},\"inLanguage\":\"es\",\"potentialAction\":[{\"@type\":\"ReadAction\",\"target\":[\"https:\\\/\\\/marinadialassio.net\\\/es\\\/atraca-en-la-isla\\\/\"]}]},{\"@type\":\"ImageObject\",\"inLanguage\":\"es\",\"@id\":\"https:\\\/\\\/marinadialassio.net\\\/es\\\/atraca-en-la-isla\\\/#primaryimage\",\"url\":\"https:\\\/\\\/marinadialassio.net\\\/wp-content\\\/uploads\\\/2020\\\/09\\\/restrizioni-isola-gallinara.jpg\",\"contentUrl\":\"https:\\\/\\\/marinadialassio.net\\\/wp-content\\\/uploads\\\/2020\\\/09\\\/restrizioni-isola-gallinara.jpg\"},{\"@type\":\"BreadcrumbList\",\"@id\":\"https:\\\/\\\/marinadialassio.net\\\/es\\\/atraca-en-la-isla\\\/#breadcrumb\",\"itemListElement\":[{\"@type\":\"ListItem\",\"position\":1,\"name\":\"Home\",\"item\":\"https:\\\/\\\/marinadialassio.net\\\/en\\\/\"},{\"@type\":\"ListItem\",\"position\":2,\"name\":\"Atraca en la isla\"}]},{\"@type\":\"WebSite\",\"@id\":\"https:\\\/\\\/marinadialassio.net\\\/#website\",\"url\":\"https:\\\/\\\/marinadialassio.net\\\/\",\"name\":\"Marina di Alassio\",\"description\":\"Porto Luca Ferrari\",\"potentialAction\":[{\"@type\":\"SearchAction\",\"target\":{\"@type\":\"EntryPoint\",\"urlTemplate\":\"https:\\\/\\\/marinadialassio.net\\\/?s={search_term_string}\"},\"query-input\":{\"@type\":\"PropertyValueSpecification\",\"valueRequired\":true,\"valueName\":\"search_term_string\"}}],\"inLanguage\":\"es\"}]}<\/script>\n<!-- \/ Yoast SEO plugin. -->","yoast_head_json":{"title":"Atraca en la isla - Marina di Alassio","robots":{"index":"index","follow":"follow","max-snippet":"max-snippet:-1","max-image-preview":"max-image-preview:large","max-video-preview":"max-video-preview:-1"},"canonical":"https:\/\/marinadialassio.net\/es\/atraca-en-la-isla\/","og_locale":"es_ES","og_type":"article","og_title":"Atraca en la isla - Marina di Alassio","og_description":"Atraca en la isla El Parque Natural Regional de la Isla Gallinara es un \u00e1rea marina protegida debido a su h\u00e1bitat pr\u00edstino y de inestimable valor hist\u00f3rico, tanto ambiental como cultural. Al ser de propiedad privada, no se puede visitar. El amarre en la isla est\u00e1 permitido con las siguientes restricciones: Ordenanza Isla Gallinara Seg\u00fan [&hellip;]","og_url":"https:\/\/marinadialassio.net\/es\/atraca-en-la-isla\/","og_site_name":"Marina di Alassio","article_modified_time":"2020-11-27T15:20:32+00:00","og_image":[{"url":"https:\/\/marinadialassio.net\/wp-content\/uploads\/2020\/09\/restrizioni-isola-gallinara.jpg","type":"","width":"","height":""}],"twitter_card":"summary_large_image","twitter_misc":{"Tiempo de lectura":"2 minutos"},"schema":{"@context":"https:\/\/schema.org","@graph":[{"@type":"WebPage","@id":"https:\/\/marinadialassio.net\/es\/atraca-en-la-isla\/","url":"https:\/\/marinadialassio.net\/es\/atraca-en-la-isla\/","name":"Atraca en la isla - Marina di Alassio","isPartOf":{"@id":"https:\/\/marinadialassio.net\/#website"},"primaryImageOfPage":{"@id":"https:\/\/marinadialassio.net\/es\/atraca-en-la-isla\/#primaryimage"},"image":{"@id":"https:\/\/marinadialassio.net\/es\/atraca-en-la-isla\/#primaryimage"},"thumbnailUrl":"https:\/\/marinadialassio.net\/wp-content\/uploads\/2020\/09\/restrizioni-isola-gallinara.jpg","datePublished":"2020-11-27T15:20:31+00:00","dateModified":"2020-11-27T15:20:32+00:00","breadcrumb":{"@id":"https:\/\/marinadialassio.net\/es\/atraca-en-la-isla\/#breadcrumb"},"inLanguage":"es","potentialAction":[{"@type":"ReadAction","target":["https:\/\/marinadialassio.net\/es\/atraca-en-la-isla\/"]}]},{"@type":"ImageObject","inLanguage":"es","@id":"https:\/\/marinadialassio.net\/es\/atraca-en-la-isla\/#primaryimage","url":"https:\/\/marinadialassio.net\/wp-content\/uploads\/2020\/09\/restrizioni-isola-gallinara.jpg","contentUrl":"https:\/\/marinadialassio.net\/wp-content\/uploads\/2020\/09\/restrizioni-isola-gallinara.jpg"},{"@type":"BreadcrumbList","@id":"https:\/\/marinadialassio.net\/es\/atraca-en-la-isla\/#breadcrumb","itemListElement":[{"@type":"ListItem","position":1,"name":"Home","item":"https:\/\/marinadialassio.net\/en\/"},{"@type":"ListItem","position":2,"name":"Atraca en la isla"}]},{"@type":"WebSite","@id":"https:\/\/marinadialassio.net\/#website","url":"https:\/\/marinadialassio.net\/","name":"Marina di Alassio","description":"Porto Luca Ferrari","potentialAction":[{"@type":"SearchAction","target":{"@type":"EntryPoint","urlTemplate":"https:\/\/marinadialassio.net\/?s={search_term_string}"},"query-input":{"@type":"PropertyValueSpecification","valueRequired":true,"valueName":"search_term_string"}}],"inLanguage":"es"}]}},"_links":{"self":[{"href":"https:\/\/marinadialassio.net\/es\/wp-json\/wp\/v2\/pages\/2321","targetHints":{"allow":["GET"]}}],"collection":[{"href":"https:\/\/marinadialassio.net\/es\/wp-json\/wp\/v2\/pages"}],"about":[{"href":"https:\/\/marinadialassio.net\/es\/wp-json\/wp\/v2\/types\/page"}],"author":[{"embeddable":true,"href":"https:\/\/marinadialassio.net\/es\/wp-json\/wp\/v2\/users\/1"}],"replies":[{"embeddable":true,"href":"https:\/\/marinadialassio.net\/es\/wp-json\/wp\/v2\/comments?post=2321"}],"version-history":[{"count":1,"href":"https:\/\/marinadialassio.net\/es\/wp-json\/wp\/v2\/pages\/2321\/revisions"}],"predecessor-version":[{"id":2322,"href":"https:\/\/marinadialassio.net\/es\/wp-json\/wp\/v2\/pages\/2321\/revisions\/2322"}],"wp:attachment":[{"href":"https:\/\/marinadialassio.net\/es\/wp-json\/wp\/v2\/media?parent=2321"}],"curies":[{"name":"wp","href":"https:\/\/api.w.org\/{rel}","templated":true}]}}