{"id":2319,"date":"2020-11-27T15:15:00","date_gmt":"2020-11-27T15:15:00","guid":{"rendered":"https:\/\/marinadialassio.net\/atraca-en-el-budello\/"},"modified":"2020-11-27T15:15:01","modified_gmt":"2020-11-27T15:15:01","slug":"atraca-en-el-budello","status":"publish","type":"page","link":"https:\/\/marinadialassio.net\/es\/atraca-en-el-budello\/","title":{"rendered":"Atraca en el \u201cBudello\u201d"},"content":{"rendered":"\t\t<div data-elementor-type=\"wp-page\" data-elementor-id=\"2319\" class=\"elementor elementor-2319 elementor-9\" data-elementor-post-type=\"page\">\n\t\t\t\t\t\t<section class=\"elementor-section elementor-top-section elementor-element elementor-element-8ebe70f elementor-section-full_width elementor-section-height-min-height elementor-section-height-default elementor-section-items-middle\" data-id=\"8ebe70f\" data-element_type=\"section\" data-e-type=\"section\" data-settings=\"{&quot;background_background&quot;:&quot;classic&quot;}\">\n\t\t\t\t\t\t\t<div class=\"elementor-background-overlay\"><\/div>\n\t\t\t\t\t\t\t<div class=\"elementor-container elementor-column-gap-default\">\n\t\t\t\t\t<div class=\"elementor-column elementor-col-100 elementor-top-column elementor-element elementor-element-d88df6f\" data-id=\"d88df6f\" data-element_type=\"column\" data-e-type=\"column\">\n\t\t\t<div class=\"elementor-widget-wrap\">\n\t\t\t\t\t\t\t<\/div>\n\t\t<\/div>\n\t\t\t\t\t<\/div>\n\t\t<\/section>\n\t\t\t\t<section class=\"elementor-section elementor-top-section elementor-element elementor-element-09f1f88 elementor-section-boxed elementor-section-height-default elementor-section-height-default\" data-id=\"09f1f88\" data-element_type=\"section\" data-e-type=\"section\" data-settings=\"{&quot;background_background&quot;:&quot;classic&quot;}\">\n\t\t\t\t\t\t<div class=\"elementor-container elementor-column-gap-default\">\n\t\t\t\t\t<div class=\"elementor-column elementor-col-100 elementor-top-column elementor-element elementor-element-cb0ce76\" data-id=\"cb0ce76\" data-element_type=\"column\" data-e-type=\"column\">\n\t\t\t<div class=\"elementor-widget-wrap elementor-element-populated\">\n\t\t\t\t\t\t<div class=\"elementor-element elementor-element-30a13de elementor-widget elementor-widget-text-editor\" data-id=\"30a13de\" data-element_type=\"widget\" data-e-type=\"widget\" data-widget_type=\"text-editor.default\">\n\t\t\t\t<div class=\"elementor-widget-container\">\n\t\t\t\t\t\t\t\t\t<h1>Atraca en el \u201cBudello\u201d<\/h1>\n\t\t\t\t\t\t\t\t<\/div>\n\t\t\t\t<\/div>\n\t\t\t\t\t<\/div>\n\t\t<\/div>\n\t\t\t\t\t<\/div>\n\t\t<\/section>\n\t\t\t\t<section class=\"elementor-section elementor-top-section elementor-element elementor-element-d51b167 elementor-section-boxed elementor-section-height-default elementor-section-height-default\" data-id=\"d51b167\" data-element_type=\"section\" data-e-type=\"section\" data-settings=\"{&quot;background_background&quot;:&quot;classic&quot;}\">\n\t\t\t\t\t\t<div class=\"elementor-container elementor-column-gap-default\">\n\t\t\t\t\t<div class=\"elementor-column elementor-col-100 elementor-top-column elementor-element elementor-element-f62c798\" data-id=\"f62c798\" data-element_type=\"column\" data-e-type=\"column\">\n\t\t\t<div class=\"elementor-widget-wrap elementor-element-populated\">\n\t\t\t\t\t\t<div class=\"elementor-element elementor-element-30a8242 elementor-widget elementor-widget-text-editor\" data-id=\"30a8242\" data-element_type=\"widget\" data-e-type=\"widget\" data-widget_type=\"text-editor.default\">\n\t\t\t\t<div class=\"elementor-widget-container\">\n\t\t\t\t\t\t\t\t\t<p>\u00bfEst\u00e1s fondeado con <strong>tu yate y quieres ir de compras o visitar Alassio<\/strong>? No hay problema!!<br \/>\n<strong>Atraca en el muelle \u00abBestoso\u00bb<\/strong> ubicado en el centro del golfo arenoso de la ciudad de Alassio, justo en el coraz\u00f3n del complejo tur\u00edstico.<br \/>\nLos accesos est\u00e1n ubicados en la parte terminal del muelle, en los lados externos.<br \/>\n\u00a1 Ven a visitar Alassio!<\/p>\n\t\t\t\t\t\t\t\t<\/div>\n\t\t\t\t<\/div>\n\t\t\t\t<div class=\"elementor-element elementor-element-f1dd5f3 elementor-widget elementor-widget-text-editor\" data-id=\"f1dd5f3\" data-element_type=\"widget\" data-e-type=\"widget\" data-widget_type=\"text-editor.default\">\n\t\t\t\t<div class=\"elementor-widget-container\">\n\t\t\t\t\t\t\t\t\t<p>\u00a1Te estamos esperando!<\/p>\n\t\t\t\t\t\t\t\t<\/div>\n\t\t\t\t<\/div>\n\t\t\t\t\t<\/div>\n\t\t<\/div>\n\t\t\t\t\t<\/div>\n\t\t<\/section>\n\t\t\t\t<section class=\"elementor-section elementor-top-section elementor-element elementor-element-ec82b49 elementor-section-full_width elementor-section-height-default elementor-section-height-default\" data-id=\"ec82b49\" data-element_type=\"section\" data-e-type=\"section\">\n\t\t\t\t\t\t<div class=\"elementor-container elementor-column-gap-default\">\n\t\t\t\t\t<div class=\"elementor-column elementor-col-100 elementor-top-column elementor-element elementor-element-5d80161\" data-id=\"5d80161\" data-element_type=\"column\" data-e-type=\"column\">\n\t\t\t<div class=\"elementor-widget-wrap elementor-element-populated\">\n\t\t\t\t\t\t<div class=\"elementor-element elementor-element-c3a850e elementor-widget elementor-widget-gallery\" data-id=\"c3a850e\" data-element_type=\"widget\" data-e-type=\"widget\" data-settings=\"{&quot;gallery_layout&quot;:&quot;masonry&quot;,&quot;columns&quot;:3,&quot;gap&quot;:{&quot;unit&quot;:&quot;px&quot;,&quot;size&quot;:0,&quot;sizes&quot;:[]},&quot;image_hover_animation&quot;:&quot;grow&quot;,&quot;lazyload&quot;:&quot;yes&quot;,&quot;columns_tablet&quot;:2,&quot;columns_mobile&quot;:1,&quot;gap_tablet&quot;:{&quot;unit&quot;:&quot;px&quot;,&quot;size&quot;:10,&quot;sizes&quot;:[]},&quot;gap_mobile&quot;:{&quot;unit&quot;:&quot;px&quot;,&quot;size&quot;:10,&quot;sizes&quot;:[]},&quot;link_to&quot;:&quot;file&quot;,&quot;overlay_background&quot;:&quot;yes&quot;,&quot;content_hover_animation&quot;:&quot;fade-in&quot;}\" data-widget_type=\"gallery.default\">\n\t\t\t\t<div class=\"elementor-widget-container\">\n\t\t\t\t\t\t\t<div class=\"elementor-gallery__container\">\n\t\t\t\t\t\t\t<a class=\"e-gallery-item elementor-gallery-item elementor-animated-content\" href=\"https:\/\/marinadialassio.net\/wp-content\/uploads\/2020\/09\/ormeggio-budello-alassio-molo-bestoso.jpg\" data-elementor-open-lightbox=\"yes\" data-elementor-lightbox-slideshow=\"c3a850e\" data-elementor-lightbox-title=\"ormeggio-budello-alassio-molo-bestoso\" data-e-action-hash=\"#elementor-action%3Aaction%3Dlightbox%26settings%3DeyJpZCI6NjI5LCJ1cmwiOiJodHRwczpcL1wvbWFyaW5hZGlhbGFzc2lvLm5ldFwvd3AtY29udGVudFwvdXBsb2Fkc1wvMjAyMFwvMDlcL29ybWVnZ2lvLWJ1ZGVsbG8tYWxhc3Npby1tb2xvLWJlc3Rvc28uanBnIiwic2xpZGVzaG93IjoiYzNhODUwZSJ9\">\n\t\t\t\t\t<div class=\"e-gallery-image elementor-gallery-item__image\" data-thumbnail=\"https:\/\/marinadialassio.net\/wp-content\/uploads\/2020\/09\/ormeggio-budello-alassio-molo-bestoso.jpg\" data-width=\"800\" data-height=\"532\" aria-label=\"\" role=\"img\" ><\/div>\n\t\t\t\t\t\t\t\t\t\t\t<div class=\"elementor-gallery-item__overlay\"><\/div>\n\t\t\t\t\t\t\t\t\t\t\t\t\t\t<\/a>\n\t\t\t\t\t\t\t<a class=\"e-gallery-item elementor-gallery-item elementor-animated-content\" href=\"https:\/\/marinadialassio.net\/wp-content\/uploads\/2020\/09\/molo-bestoso-attracco.jpg\" data-elementor-open-lightbox=\"yes\" data-elementor-lightbox-slideshow=\"c3a850e\" data-elementor-lightbox-title=\"molo-bestoso-attracco\" data-e-action-hash=\"#elementor-action%3Aaction%3Dlightbox%26settings%3DeyJpZCI6NjMwLCJ1cmwiOiJodHRwczpcL1wvbWFyaW5hZGlhbGFzc2lvLm5ldFwvd3AtY29udGVudFwvdXBsb2Fkc1wvMjAyMFwvMDlcL21vbG8tYmVzdG9zby1hdHRyYWNjby5qcGciLCJzbGlkZXNob3ciOiJjM2E4NTBlIn0%3D\">\n\t\t\t\t\t<div class=\"e-gallery-image elementor-gallery-item__image\" data-thumbnail=\"https:\/\/marinadialassio.net\/wp-content\/uploads\/2020\/09\/molo-bestoso-attracco.jpg\" data-width=\"800\" data-height=\"532\" aria-label=\"\" role=\"img\" ><\/div>\n\t\t\t\t\t\t\t\t\t\t\t<div class=\"elementor-gallery-item__overlay\"><\/div>\n\t\t\t\t\t\t\t\t\t\t\t\t\t\t<\/a>\n\t\t\t\t\t\t\t<a class=\"e-gallery-item elementor-gallery-item elementor-animated-content\" href=\"https:\/\/marinadialassio.net\/wp-content\/uploads\/2020\/09\/molo-bestoso-attracco-alassio.jpg\" data-elementor-open-lightbox=\"yes\" data-elementor-lightbox-slideshow=\"c3a850e\" data-elementor-lightbox-title=\"molo-bestoso-attracco-alassio\" data-e-action-hash=\"#elementor-action%3Aaction%3Dlightbox%26settings%3DeyJpZCI6NjMxLCJ1cmwiOiJodHRwczpcL1wvbWFyaW5hZGlhbGFzc2lvLm5ldFwvd3AtY29udGVudFwvdXBsb2Fkc1wvMjAyMFwvMDlcL21vbG8tYmVzdG9zby1hdHRyYWNjby1hbGFzc2lvLmpwZyIsInNsaWRlc2hvdyI6ImMzYTg1MGUifQ%3D%3D\">\n\t\t\t\t\t<div class=\"e-gallery-image elementor-gallery-item__image\" data-thumbnail=\"https:\/\/marinadialassio.net\/wp-content\/uploads\/2020\/09\/molo-bestoso-attracco-alassio.jpg\" data-width=\"800\" data-height=\"532\" aria-label=\"\" role=\"img\" ><\/div>\n\t\t\t\t\t\t\t\t\t\t\t<div class=\"elementor-gallery-item__overlay\"><\/div>\n\t\t\t\t\t\t\t\t\t\t\t\t\t\t<\/a>\n\t\t\t\t\t<\/div>\n\t\t\t\t\t<\/div>\n\t\t\t\t<\/div>\n\t\t\t\t\t<\/div>\n\t\t<\/div>\n\t\t\t\t\t<\/div>\n\t\t<\/section>\n\t\t\t\t<section class=\"elementor-section elementor-top-section elementor-element elementor-element-02da480 elementor-section-boxed elementor-section-height-default elementor-section-height-default\" data-id=\"02da480\" data-element_type=\"section\" data-e-type=\"section\" data-settings=\"{&quot;background_background&quot;:&quot;classic&quot;}\">\n\t\t\t\t\t\t<div class=\"elementor-container elementor-column-gap-default\">\n\t\t\t\t\t<div class=\"elementor-column elementor-col-100 elementor-top-column elementor-element elementor-element-4f482e0\" data-id=\"4f482e0\" data-element_type=\"column\" data-e-type=\"column\">\n\t\t\t<div class=\"elementor-widget-wrap elementor-element-populated\">\n\t\t\t\t\t\t<div class=\"elementor-element elementor-element-e328bb5 elementor-widget elementor-widget-text-editor\" data-id=\"e328bb5\" data-element_type=\"widget\" data-e-type=\"widget\" data-widget_type=\"text-editor.default\">\n\t\t\t\t<div class=\"elementor-widget-container\">\n\t\t\t\t\t\t\t\t\t<h2>Normativa<\/h2>\n<h3>Reglas de embarque y desembarque<\/h3>\n<p><strong>Los siguientes barcos pueden hacer uso del muelle para el embarque \/ desembarque:<\/strong><br \/>\n<strong>A.<\/strong> Embarcaciones de tr\u00e1fico de pasajeros \/ trabajo, longitud m\u00e1xima 30 metros;<br \/>\n<strong>B.<\/strong> Embarcaciones de recreo con eslora m\u00e1xima 12 m y borde libre entre 30 y 100 cent\u00edmetros. Las escaleras est\u00e1n conectadas, mediante cuerdas, a un dispositivo mec\u00e1nico que permite arriarlas al nivel del mar para permitir operaciones de atraque o izarlas en reposo a la altura del muelle.<br \/>\nLas unidades que pretendan utilizar el muelle tienen a su disposici\u00f3n : 2 muertos colocados; la cuerda de amarre, recuperable por medio de la boya amarilla, consta de un \u00fanico cable de 40 metros de longitud que conecta los dos muertos. El usuario debe mover ambos extremos del cable [hacia tierra y hacia el mar] para ajustar el amarre en funci\u00f3n del tama\u00f1o de su unidad. Posteriormente se acercar\u00e1 a las escaleras del muelle con la ayuda de un \u00abgancho de barco\u00bb.<\/p>\n<p><strong>Descripci\u00f3n de los pasillos de lanzamiento<\/strong><br \/>\nLas unidades que deseen utilizar de los embarcaderos \/ desembarcaderos descritos en el p\u00e1rrafo anterior deber\u00e1n pasar por el pasillo de lanzamiento.<br \/>\nLos pasillos de lanzamiento, al oeste y este del muelle, tienen dimensiones similares y son paralelos al mismo: longitud 100 m (hasta llegar a las boyas que delimitan la zona de ba\u00f1o), ancho 20 m; est\u00e1n se\u00f1alados por la presencia en el mar de boyas de entrada color naranja con bandera blanca, y cuerda flotante rodeadas a su vez de boyas naranjas.<\/p>\n<p><strong>REGLAMENTO DE GESTI\u00d3N<\/strong><br \/>\nLos embarques \/ desembarques son gestionados por \u201cMARINA DI ALASSIO SPA\u201d.<br \/>\nEl muelle tiene dos embarcaderos \/ desembarcaderos que se pueden levantar alternadamente, en caso de condiciones meteorol\u00f3gicas marinas desfavorables de acuerdo al criterio de Marina di Alassio y totalmente obligatorio en caso de:<br \/>\n&#8211; ola con m\u00e1s de un metro de altura;<br \/>\n&#8211; viento por encima de los 15 nudos de media o 20 nudos de r\u00e1faga.<br \/>\nDependiendo de las condiciones meteorol\u00f3gicas, las unidades solo podr\u00e1n usar los embarcaderos \/desembarcaderos que no est\u00e9n expuestos a los vientos.<\/p>\n<p><strong>REGLAS DE CONDUCTA DENTRO DE LOS PASILLOS DE LANZAMIENTO<\/strong><br \/>\n[reglamento coordinado con la Ordenanza de Seguridad Balnearia correspondiente, emitida por la Autoridad Mar\u00edtima]<br \/>\n1] El uso del corredor de lanzamiento \u00fanico, est\u00e1 permitido de acuerdo a lo estipulado en los p\u00e1rrafos A y B de este reglamento.<br \/>\n2] Las unidades deber\u00e1n transitar despacio y de forma segura por los pasillos, a velocidades no superiores a 3 nudos, y en todo caso, en modo de desplazamiento que mueve una cantidad de agua igual a su desplazamiento<br \/>\n3] Las unidades que utilicen el pasillo, deber\u00e1n usar los embarcaderos\/desembarcaderos durante el tiempo estrictamente necesario para la carga\/descarga de personas.<br \/>\n4] Las unidades deber\u00e1n pasar por el pasillo \u00fanicamente para acceder \/ salir de los amarres y no podr\u00e1n ocuparlo por periodos superiores a las operaciones de tr\u00e1nsito. No est\u00e1 permitido fondear, aparcar en general, ni navegar.<br \/>\n5] Cada unidad puede acceder al pasillo \u00fanico, solo si no hay otras unidades.Las operaciones de carga\/descarga pueden ser realizadas por una sola embarcaci\u00f3n a la vez.<br \/>\n6] En los pasillos de lanzamiento, est\u00e1 prohibido el ba\u00f1o, la pesca deportiva y profesional, y cualquier actividad subacu\u00e1tica.<\/p>\n<p><strong>REGLAS DE COMPORTAMIENTO DURANTE LAS MANIOBRAS DE AMARRE Y DESAMARRE<\/strong><br \/>\n1] Las unidades deber\u00e1n realizar obligatoriamente la maniobra de amarre \/ desamarre manteniendo la proa orientada hacia la costa. Si las dimensiones de la unidad permiten dentro del pasillo invertir la orientaci\u00f3n de la proa hacia el mar abierto, esta maniobra deber\u00e1 realizarse despu\u00e9s de haber sobrepasado el lado exterior del muelle en 15 metros.<\/p>\n\t\t\t\t\t\t\t\t<\/div>\n\t\t\t\t<\/div>\n\t\t\t\t\t<\/div>\n\t\t<\/div>\n\t\t\t\t\t<\/div>\n\t\t<\/section>\n\t\t\t\t<\/div>\n\t\t","protected":false},"excerpt":{"rendered":"<p>Atraca en el \u201cBudello\u201d \u00bfEst\u00e1s fondeado con tu yate y quieres ir de compras o visitar Alassio? No hay problema!! Atraca en el muelle \u00abBestoso\u00bb ubicado en el centro del golfo arenoso de la ciudad de Alassio, justo en el coraz\u00f3n del complejo tur\u00edstico. Los accesos est\u00e1n ubicados en la parte terminal del muelle, en [&hellip;]<\/p>\n","protected":false},"author":1,"featured_media":0,"parent":0,"menu_order":0,"comment_status":"closed","ping_status":"closed","template":"","meta":{"footnotes":""},"class_list":["post-2319","page","type-page","status-publish","hentry"],"yoast_head":"<!-- This site is optimized with the Yoast SEO plugin v27.4 - https:\/\/yoast.com\/product\/yoast-seo-wordpress\/ -->\n<title>Atraca en el \u201cBudello\u201d - Marina di Alassio<\/title>\n<meta name=\"robots\" content=\"index, follow, max-snippet:-1, max-image-preview:large, max-video-preview:-1\" \/>\n<link rel=\"canonical\" href=\"https:\/\/marinadialassio.net\/es\/atraca-en-el-budello\/\" \/>\n<meta property=\"og:locale\" content=\"es_ES\" \/>\n<meta property=\"og:type\" content=\"article\" \/>\n<meta property=\"og:title\" content=\"Atraca en el \u201cBudello\u201d - Marina di Alassio\" \/>\n<meta property=\"og:description\" content=\"Atraca en el \u201cBudello\u201d \u00bfEst\u00e1s fondeado con tu yate y quieres ir de compras o visitar Alassio? No hay problema!! Atraca en el muelle \u00abBestoso\u00bb ubicado en el centro del golfo arenoso de la ciudad de Alassio, justo en el coraz\u00f3n del complejo tur\u00edstico. Los accesos est\u00e1n ubicados en la parte terminal del muelle, en [&hellip;]\" \/>\n<meta property=\"og:url\" content=\"https:\/\/marinadialassio.net\/es\/atraca-en-el-budello\/\" \/>\n<meta property=\"og:site_name\" content=\"Marina di Alassio\" \/>\n<meta property=\"article:modified_time\" content=\"2020-11-27T15:15:01+00:00\" \/>\n<meta name=\"twitter:card\" content=\"summary_large_image\" \/>\n<meta name=\"twitter:label1\" content=\"Tiempo de lectura\" \/>\n\t<meta name=\"twitter:data1\" content=\"3 minutos\" \/>\n<script type=\"application\/ld+json\" class=\"yoast-schema-graph\">{\"@context\":\"https:\\\/\\\/schema.org\",\"@graph\":[{\"@type\":\"WebPage\",\"@id\":\"https:\\\/\\\/marinadialassio.net\\\/es\\\/atraca-en-el-budello\\\/\",\"url\":\"https:\\\/\\\/marinadialassio.net\\\/es\\\/atraca-en-el-budello\\\/\",\"name\":\"Atraca en el \u201cBudello\u201d - Marina di Alassio\",\"isPartOf\":{\"@id\":\"https:\\\/\\\/marinadialassio.net\\\/#website\"},\"datePublished\":\"2020-11-27T15:15:00+00:00\",\"dateModified\":\"2020-11-27T15:15:01+00:00\",\"breadcrumb\":{\"@id\":\"https:\\\/\\\/marinadialassio.net\\\/es\\\/atraca-en-el-budello\\\/#breadcrumb\"},\"inLanguage\":\"es\",\"potentialAction\":[{\"@type\":\"ReadAction\",\"target\":[\"https:\\\/\\\/marinadialassio.net\\\/es\\\/atraca-en-el-budello\\\/\"]}]},{\"@type\":\"BreadcrumbList\",\"@id\":\"https:\\\/\\\/marinadialassio.net\\\/es\\\/atraca-en-el-budello\\\/#breadcrumb\",\"itemListElement\":[{\"@type\":\"ListItem\",\"position\":1,\"name\":\"Home\",\"item\":\"https:\\\/\\\/marinadialassio.net\\\/en\\\/\"},{\"@type\":\"ListItem\",\"position\":2,\"name\":\"Atraca en el \u201cBudello\u201d\"}]},{\"@type\":\"WebSite\",\"@id\":\"https:\\\/\\\/marinadialassio.net\\\/#website\",\"url\":\"https:\\\/\\\/marinadialassio.net\\\/\",\"name\":\"Marina di Alassio\",\"description\":\"Porto Luca Ferrari\",\"potentialAction\":[{\"@type\":\"SearchAction\",\"target\":{\"@type\":\"EntryPoint\",\"urlTemplate\":\"https:\\\/\\\/marinadialassio.net\\\/?s={search_term_string}\"},\"query-input\":{\"@type\":\"PropertyValueSpecification\",\"valueRequired\":true,\"valueName\":\"search_term_string\"}}],\"inLanguage\":\"es\"}]}<\/script>\n<!-- \/ Yoast SEO plugin. -->","yoast_head_json":{"title":"Atraca en el \u201cBudello\u201d - Marina di Alassio","robots":{"index":"index","follow":"follow","max-snippet":"max-snippet:-1","max-image-preview":"max-image-preview:large","max-video-preview":"max-video-preview:-1"},"canonical":"https:\/\/marinadialassio.net\/es\/atraca-en-el-budello\/","og_locale":"es_ES","og_type":"article","og_title":"Atraca en el \u201cBudello\u201d - Marina di Alassio","og_description":"Atraca en el \u201cBudello\u201d \u00bfEst\u00e1s fondeado con tu yate y quieres ir de compras o visitar Alassio? No hay problema!! Atraca en el muelle \u00abBestoso\u00bb ubicado en el centro del golfo arenoso de la ciudad de Alassio, justo en el coraz\u00f3n del complejo tur\u00edstico. Los accesos est\u00e1n ubicados en la parte terminal del muelle, en [&hellip;]","og_url":"https:\/\/marinadialassio.net\/es\/atraca-en-el-budello\/","og_site_name":"Marina di Alassio","article_modified_time":"2020-11-27T15:15:01+00:00","twitter_card":"summary_large_image","twitter_misc":{"Tiempo de lectura":"3 minutos"},"schema":{"@context":"https:\/\/schema.org","@graph":[{"@type":"WebPage","@id":"https:\/\/marinadialassio.net\/es\/atraca-en-el-budello\/","url":"https:\/\/marinadialassio.net\/es\/atraca-en-el-budello\/","name":"Atraca en el \u201cBudello\u201d - Marina di Alassio","isPartOf":{"@id":"https:\/\/marinadialassio.net\/#website"},"datePublished":"2020-11-27T15:15:00+00:00","dateModified":"2020-11-27T15:15:01+00:00","breadcrumb":{"@id":"https:\/\/marinadialassio.net\/es\/atraca-en-el-budello\/#breadcrumb"},"inLanguage":"es","potentialAction":[{"@type":"ReadAction","target":["https:\/\/marinadialassio.net\/es\/atraca-en-el-budello\/"]}]},{"@type":"BreadcrumbList","@id":"https:\/\/marinadialassio.net\/es\/atraca-en-el-budello\/#breadcrumb","itemListElement":[{"@type":"ListItem","position":1,"name":"Home","item":"https:\/\/marinadialassio.net\/en\/"},{"@type":"ListItem","position":2,"name":"Atraca en el \u201cBudello\u201d"}]},{"@type":"WebSite","@id":"https:\/\/marinadialassio.net\/#website","url":"https:\/\/marinadialassio.net\/","name":"Marina di Alassio","description":"Porto Luca Ferrari","potentialAction":[{"@type":"SearchAction","target":{"@type":"EntryPoint","urlTemplate":"https:\/\/marinadialassio.net\/?s={search_term_string}"},"query-input":{"@type":"PropertyValueSpecification","valueRequired":true,"valueName":"search_term_string"}}],"inLanguage":"es"}]}},"_links":{"self":[{"href":"https:\/\/marinadialassio.net\/es\/wp-json\/wp\/v2\/pages\/2319","targetHints":{"allow":["GET"]}}],"collection":[{"href":"https:\/\/marinadialassio.net\/es\/wp-json\/wp\/v2\/pages"}],"about":[{"href":"https:\/\/marinadialassio.net\/es\/wp-json\/wp\/v2\/types\/page"}],"author":[{"embeddable":true,"href":"https:\/\/marinadialassio.net\/es\/wp-json\/wp\/v2\/users\/1"}],"replies":[{"embeddable":true,"href":"https:\/\/marinadialassio.net\/es\/wp-json\/wp\/v2\/comments?post=2319"}],"version-history":[{"count":1,"href":"https:\/\/marinadialassio.net\/es\/wp-json\/wp\/v2\/pages\/2319\/revisions"}],"predecessor-version":[{"id":2320,"href":"https:\/\/marinadialassio.net\/es\/wp-json\/wp\/v2\/pages\/2319\/revisions\/2320"}],"wp:attachment":[{"href":"https:\/\/marinadialassio.net\/es\/wp-json\/wp\/v2\/media?parent=2319"}],"curies":[{"name":"wp","href":"https:\/\/api.w.org\/{rel}","templated":true}]}}