{"id":2311,"date":"2020-11-26T10:47:23","date_gmt":"2020-11-26T10:47:23","guid":{"rendered":"https:\/\/marinadialassio.net\/tarifas\/"},"modified":"2026-01-07T08:27:44","modified_gmt":"2026-01-07T08:27:44","slug":"tarifas","status":"publish","type":"page","link":"https:\/\/marinadialassio.net\/es\/tarifas\/","title":{"rendered":"Tarifas"},"content":{"rendered":"\t\t<div data-elementor-type=\"wp-page\" data-elementor-id=\"2311\" class=\"elementor elementor-2311 elementor-24\" data-elementor-post-type=\"page\">\n\t\t\t\t\t\t<section class=\"elementor-section elementor-top-section elementor-element elementor-element-46f514f elementor-section-boxed elementor-section-height-default elementor-section-height-default\" data-id=\"46f514f\" data-element_type=\"section\" data-e-type=\"section\" data-settings=\"{&quot;background_background&quot;:&quot;classic&quot;}\">\n\t\t\t\t\t\t<div class=\"elementor-container elementor-column-gap-default\">\n\t\t\t\t\t<div class=\"elementor-column elementor-col-100 elementor-top-column elementor-element elementor-element-e374511\" data-id=\"e374511\" data-element_type=\"column\" data-e-type=\"column\">\n\t\t\t<div class=\"elementor-widget-wrap elementor-element-populated\">\n\t\t\t\t\t\t<div class=\"elementor-element elementor-element-2bad1f1 elementor-widget elementor-widget-heading\" data-id=\"2bad1f1\" data-element_type=\"widget\" data-e-type=\"widget\" data-widget_type=\"heading.default\">\n\t\t\t\t<div class=\"elementor-widget-container\">\n\t\t\t\t\t<h1 class=\"elementor-heading-title elementor-size-default\">Tarifas 2026<\/h1>\t\t\t\t<\/div>\n\t\t\t\t<\/div>\n\t\t\t\t\t<\/div>\n\t\t<\/div>\n\t\t\t\t\t<\/div>\n\t\t<\/section>\n\t\t\t\t<section class=\"elementor-section elementor-top-section elementor-element elementor-element-969adc5 elementor-section-boxed elementor-section-height-default elementor-section-height-default\" data-id=\"969adc5\" data-element_type=\"section\" data-e-type=\"section\" data-settings=\"{&quot;background_background&quot;:&quot;classic&quot;}\">\n\t\t\t\t\t\t<div class=\"elementor-container elementor-column-gap-default\">\n\t\t\t\t\t<div class=\"elementor-column elementor-col-25 elementor-top-column elementor-element elementor-element-3f85582\" data-id=\"3f85582\" data-element_type=\"column\" data-e-type=\"column\" data-settings=\"{&quot;background_background&quot;:&quot;classic&quot;}\">\n\t\t\t<div class=\"elementor-widget-wrap elementor-element-populated\">\n\t\t\t\t\t\t<div class=\"elementor-element elementor-element-21cb1d1 elementor-view-default elementor-position-block-start elementor-mobile-position-block-start elementor-widget elementor-widget-icon-box\" data-id=\"21cb1d1\" data-element_type=\"widget\" data-e-type=\"widget\" data-widget_type=\"icon-box.default\">\n\t\t\t\t<div class=\"elementor-widget-container\">\n\t\t\t\t\t\t\t<div class=\"elementor-icon-box-wrapper\">\n\n\t\t\t\t\t\t<div class=\"elementor-icon-box-icon\">\n\t\t\t\t<a href=\"https:\/\/marinadialassio.net\/wp-content\/uploads\/2024\/01\/TARIFFE-MARINA-RESORT-24.pdf\" target=\"_blank\" class=\"elementor-icon elementor-animation-shrink\" tabindex=\"-1\" aria-label=\"Tarifas Marina Resort\">\n\t\t\t\t<i aria-hidden=\"true\" class=\"fas fa-file-pdf\"><\/i>\t\t\t\t<\/a>\n\t\t\t<\/div>\n\t\t\t\n\t\t\t\t\t\t<div class=\"elementor-icon-box-content\">\n\n\t\t\t\t\t\t\t\t\t<h3 class=\"elementor-icon-box-title\">\n\t\t\t\t\t\t<a href=\"https:\/\/marinadialassio.net\/wp-content\/uploads\/2024\/01\/TARIFFE-MARINA-RESORT-24.pdf\" target=\"_blank\" >\n\t\t\t\t\t\t\tTarifas Marina Resort\t\t\t\t\t\t<\/a>\n\t\t\t\t\t<\/h3>\n\t\t\t\t\n\t\t\t\t\n\t\t\t<\/div>\n\t\t\t\n\t\t<\/div>\n\t\t\t\t\t\t<\/div>\n\t\t\t\t<\/div>\n\t\t\t\t\t<\/div>\n\t\t<\/div>\n\t\t\t\t<div class=\"elementor-column elementor-col-25 elementor-top-column elementor-element elementor-element-58410a8\" data-id=\"58410a8\" data-element_type=\"column\" data-e-type=\"column\" data-settings=\"{&quot;background_background&quot;:&quot;classic&quot;}\">\n\t\t\t<div class=\"elementor-widget-wrap elementor-element-populated\">\n\t\t\t\t\t\t<div class=\"elementor-element elementor-element-199254c elementor-view-default elementor-position-block-start elementor-mobile-position-block-start elementor-widget elementor-widget-icon-box\" data-id=\"199254c\" data-element_type=\"widget\" data-e-type=\"widget\" data-widget_type=\"icon-box.default\">\n\t\t\t\t<div class=\"elementor-widget-container\">\n\t\t\t\t\t\t\t<div class=\"elementor-icon-box-wrapper\">\n\n\t\t\t\t\t\t<div class=\"elementor-icon-box-icon\">\n\t\t\t\t<a href=\"https:\/\/marinadialassio.net\/wp-content\/uploads\/2024\/02\/marina-alassio-tariffe-transito-2024.pdf\" target=\"_blank\" class=\"elementor-icon elementor-animation-shrink\" tabindex=\"-1\" aria-label=\"Tarifas de tr\u00e1nsito\">\n\t\t\t\t<i aria-hidden=\"true\" class=\"fas fa-file-pdf\"><\/i>\t\t\t\t<\/a>\n\t\t\t<\/div>\n\t\t\t\n\t\t\t\t\t\t<div class=\"elementor-icon-box-content\">\n\n\t\t\t\t\t\t\t\t\t<h3 class=\"elementor-icon-box-title\">\n\t\t\t\t\t\t<a href=\"https:\/\/marinadialassio.net\/wp-content\/uploads\/2024\/02\/marina-alassio-tariffe-transito-2024.pdf\" target=\"_blank\" >\n\t\t\t\t\t\t\tTarifas de tr\u00e1nsito\t\t\t\t\t\t<\/a>\n\t\t\t\t\t<\/h3>\n\t\t\t\t\n\t\t\t\t\n\t\t\t<\/div>\n\t\t\t\n\t\t<\/div>\n\t\t\t\t\t\t<\/div>\n\t\t\t\t<\/div>\n\t\t\t\t\t<\/div>\n\t\t<\/div>\n\t\t\t\t<div class=\"elementor-column elementor-col-25 elementor-top-column elementor-element elementor-element-af7fe3d\" data-id=\"af7fe3d\" data-element_type=\"column\" data-e-type=\"column\" data-settings=\"{&quot;background_background&quot;:&quot;classic&quot;}\">\n\t\t\t<div class=\"elementor-widget-wrap elementor-element-populated\">\n\t\t\t\t\t\t<div class=\"elementor-element elementor-element-db0ca2d elementor-view-default elementor-position-block-start elementor-mobile-position-block-start elementor-widget elementor-widget-icon-box\" data-id=\"db0ca2d\" data-element_type=\"widget\" data-e-type=\"widget\" data-widget_type=\"icon-box.default\">\n\t\t\t\t<div class=\"elementor-widget-container\">\n\t\t\t\t\t\t\t<div class=\"elementor-icon-box-wrapper\">\n\n\t\t\t\t\t\t<div class=\"elementor-icon-box-icon\">\n\t\t\t\t<a href=\"https:\/\/marinadialassio.net\/wp-content\/uploads\/2024\/01\/TARIFFE-TEMPORANEI-BASSA-STAGIONE-24.pdf\" target=\"_blank\" class=\"elementor-icon elementor-animation-shrink\" tabindex=\"-1\" aria-label=\"Tarifas de amarre temporal\">\n\t\t\t\t<i aria-hidden=\"true\" class=\"fas fa-file-pdf\"><\/i>\t\t\t\t<\/a>\n\t\t\t<\/div>\n\t\t\t\n\t\t\t\t\t\t<div class=\"elementor-icon-box-content\">\n\n\t\t\t\t\t\t\t\t\t<h3 class=\"elementor-icon-box-title\">\n\t\t\t\t\t\t<a href=\"https:\/\/marinadialassio.net\/wp-content\/uploads\/2024\/01\/TARIFFE-TEMPORANEI-BASSA-STAGIONE-24.pdf\" target=\"_blank\" >\n\t\t\t\t\t\t\tTarifas de amarre temporal\t\t\t\t\t\t<\/a>\n\t\t\t\t\t<\/h3>\n\t\t\t\t\n\t\t\t\t\t\t\t\t\t<p class=\"elementor-icon-box-description\">\n\t\t\t\t\t\t<span style=\"font-size:14px;font-weight:400\">TEMPORADA BAJA\n<\/span><br>para estancias superiores a tres d\u00edas\t\t\t\t\t<\/p>\n\t\t\t\t\n\t\t\t<\/div>\n\t\t\t\n\t\t<\/div>\n\t\t\t\t\t\t<\/div>\n\t\t\t\t<\/div>\n\t\t\t\t\t<\/div>\n\t\t<\/div>\n\t\t\t\t<div class=\"elementor-column elementor-col-25 elementor-top-column elementor-element elementor-element-130bbec\" data-id=\"130bbec\" data-element_type=\"column\" data-e-type=\"column\" data-settings=\"{&quot;background_background&quot;:&quot;classic&quot;}\">\n\t\t\t<div class=\"elementor-widget-wrap elementor-element-populated\">\n\t\t\t\t\t\t<div class=\"elementor-element elementor-element-ca3b800 elementor-view-default elementor-position-block-start elementor-mobile-position-block-start elementor-widget elementor-widget-icon-box\" data-id=\"ca3b800\" data-element_type=\"widget\" data-e-type=\"widget\" data-widget_type=\"icon-box.default\">\n\t\t\t\t<div class=\"elementor-widget-container\">\n\t\t\t\t\t\t\t<div class=\"elementor-icon-box-wrapper\">\n\n\t\t\t\t\t\t<div class=\"elementor-icon-box-icon\">\n\t\t\t\t<a href=\"https:\/\/marinadialassio.net\/wp-content\/uploads\/2024\/01\/TARIFFE-TEMPORANEI-ALTA-STAGIONE-24.pdf\" target=\"_blank\" class=\"elementor-icon elementor-animation-shrink\" tabindex=\"-1\" aria-label=\"Tarifas de amarre temporal\">\n\t\t\t\t<i aria-hidden=\"true\" class=\"fas fa-file-pdf\"><\/i>\t\t\t\t<\/a>\n\t\t\t<\/div>\n\t\t\t\n\t\t\t\t\t\t<div class=\"elementor-icon-box-content\">\n\n\t\t\t\t\t\t\t\t\t<h3 class=\"elementor-icon-box-title\">\n\t\t\t\t\t\t<a href=\"https:\/\/marinadialassio.net\/wp-content\/uploads\/2024\/01\/TARIFFE-TEMPORANEI-ALTA-STAGIONE-24.pdf\" target=\"_blank\" >\n\t\t\t\t\t\t\tTarifas de amarre temporal\t\t\t\t\t\t<\/a>\n\t\t\t\t\t<\/h3>\n\t\t\t\t\n\t\t\t\t\t\t\t\t\t<p class=\"elementor-icon-box-description\">\n\t\t\t\t\t\t<span style=\"font-size:14px;font-weight:400\">TEMPORADA ALTA<\/span><br>para estancias superiores a tres d\u00edas\t\t\t\t\t<\/p>\n\t\t\t\t\n\t\t\t<\/div>\n\t\t\t\n\t\t<\/div>\n\t\t\t\t\t\t<\/div>\n\t\t\t\t<\/div>\n\t\t\t\t\t<\/div>\n\t\t<\/div>\n\t\t\t\t\t<\/div>\n\t\t<\/section>\n\t\t\t\t<section class=\"elementor-section elementor-top-section elementor-element elementor-element-205c0a5 elementor-section-boxed elementor-section-height-default elementor-section-height-default\" data-id=\"205c0a5\" data-element_type=\"section\" data-e-type=\"section\" data-settings=\"{&quot;background_background&quot;:&quot;classic&quot;}\">\n\t\t\t\t\t\t<div class=\"elementor-container elementor-column-gap-default\">\n\t\t\t\t\t<div class=\"elementor-column elementor-col-50 elementor-top-column elementor-element elementor-element-b2d76f0\" data-id=\"b2d76f0\" data-element_type=\"column\" data-e-type=\"column\">\n\t\t\t<div class=\"elementor-widget-wrap elementor-element-populated\">\n\t\t\t\t\t\t<div class=\"elementor-element elementor-element-0b27149 elementor-widget elementor-widget-heading\" data-id=\"0b27149\" data-element_type=\"widget\" data-e-type=\"widget\" data-widget_type=\"heading.default\">\n\t\t\t\t<div class=\"elementor-widget-container\">\n\t\t\t\t\t<h1 class=\"elementor-heading-title elementor-size-default\">Calcular la tasa anual<\/h1>\t\t\t\t<\/div>\n\t\t\t\t<\/div>\n\t\t\t\t<div class=\"elementor-element elementor-element-08582f8 elementor-widget elementor-widget-html\" data-id=\"08582f8\" data-element_type=\"widget\" data-e-type=\"widget\" data-widget_type=\"html.default\">\n\t\t\t\t<div class=\"elementor-widget-container\">\n\t\t\t\t\t<script language='JavaScript'>\r\nfunction checkForm(form1){\r\n\r\nif (form1.lunghezza.value==\"\"){\r\nalert(\"Solo se aceptan valores num\u00e9ricos\");\r\nform1.lunghezza.focus();\r\nreturn false;\r\n}\r\nvar reP =  \/^[0-9-,]*$\/;\r\nif (!reP.test(form1.lunghezza.value)){\r\n    alert(\"No ingresaste un n\u00famero v\u00e1lido. ATENCI\u00d3N a separar decimales use solo comas\");\r\n    return false;\r\n}\r\nif (form1.larghezza.value==\"\"){\r\nalert(\"Solo se aceptan valores num\u00e9ricos\");\r\nform1.larghezza.focus();\r\nreturn false;\r\n}\r\nvar reP =  \/^[0-9-,]*$\/;\r\nif (!reP.test(form1.larghezza.value)){\r\n    alert(\"No ingresaste un n\u00famero v\u00e1lido. ATENCI\u00d3N a separar decimales use solo comas\");\r\n    return false;\r\n}\r\n\r\nreturn true;\r\n}\r\n<\/script>\t\t\t\t<\/div>\n\t\t\t\t<\/div>\n\t\t\t\t<div class=\"elementor-element elementor-element-3622eb8 elementor-widget elementor-widget-image\" data-id=\"3622eb8\" data-element_type=\"widget\" data-e-type=\"widget\" data-widget_type=\"image.default\">\n\t\t\t\t<div class=\"elementor-widget-container\">\n\t\t\t\t\t\t\t\t\t\t\t\t\t\t\t<img fetchpriority=\"high\" decoding=\"async\" width=\"811\" height=\"599\" src=\"https:\/\/marinadialassio.net\/wp-content\/uploads\/2020\/09\/calcolo-tariffe-marina-alassio.png\" class=\"attachment-full size-full wp-image-2126\" alt=\"\" srcset=\"https:\/\/marinadialassio.net\/wp-content\/uploads\/2020\/09\/calcolo-tariffe-marina-alassio.png 811w, https:\/\/marinadialassio.net\/wp-content\/uploads\/2020\/09\/calcolo-tariffe-marina-alassio-300x222.png 300w, https:\/\/marinadialassio.net\/wp-content\/uploads\/2020\/09\/calcolo-tariffe-marina-alassio-768x567.png 768w\" sizes=\"(max-width: 811px) 100vw, 811px\" \/>\t\t\t\t\t\t\t\t\t\t\t\t\t\t\t<\/div>\n\t\t\t\t<\/div>\n\t\t\t\t\t<\/div>\n\t\t<\/div>\n\t\t\t\t<div class=\"elementor-column elementor-col-50 elementor-top-column elementor-element elementor-element-901b529\" data-id=\"901b529\" data-element_type=\"column\" data-e-type=\"column\" data-settings=\"{&quot;background_background&quot;:&quot;classic&quot;}\">\n\t\t\t<div class=\"elementor-widget-wrap elementor-element-populated\">\n\t\t\t\t\t\t<div class=\"elementor-element elementor-element-664d119 elementor-widget elementor-widget-html\" data-id=\"664d119\" data-element_type=\"widget\" data-e-type=\"widget\" data-widget_type=\"html.default\">\n\t\t\t\t<div class=\"elementor-widget-container\">\n\t\t\t\t\t<style>\r\n    table tbody>tr:nth-child(odd)>td, table tbody>tr:nth-child(odd)>th, table tbody tr:hover>td, table tbody tr:hover>th {background-color:#fff;}\r\n    table td, table th {border:0px; width:200px;}\r\n    input[type=text] {border:0px; background-color:#f1f1f1; border-radius:0px;}\r\n    p {margin-top:7px; font-size:16px; font-weight:500;}\r\n    @media only screen and (max-width: 600px) {\r\n         p {margin-top:0px; font-size:15px;}\r\n    }\r\n\r\n<\/style>\r\n<div>\r\n<form name=\"form1\" id=\"form1\" action=\"https:\/\/marinadialassio.net\/calcola_tariffa.asp\" method=\"post\" onsubmit=\"return checkForm(this)\">\r\n<table width=\"100%\" border=\"0\" cellpadding=\"0\" cellspacing=\"10\">\r\n  <tr>\r\n    <td><p>(A) Eslora en metros:<\/p><\/td>\r\n    <td><input name=\"lunghezza\" type=\"text\" id=\"lunghezza\" size=\"8\" \/><\/td>\r\n  <\/tr>\r\n  <tr>\r\n    <td><p>(B) Manga en metros:<\/p><\/td>\r\n    <td><input name=\"larghezza\" type=\"text\" id=\"larghezza\" size=\"8\" \/><\/td>\r\n  <\/tr>\r\n  <tr>\r\n    <td><label>\r\n      <input type=\"submit\" name=\"button\" id=\"button\" value=\"Calcular\" style=\"color: #FFF; background-color: #C7B299;\tborder: 0px;\"\/>\r\n    <\/label><\/td>\r\n    <td>&nbsp;<\/td>\r\n  <\/tr>\r\n<\/table>\r\n<\/form>\r\n<\/div>\r\n\t\t\t\t<\/div>\n\t\t\t\t<\/div>\n\t\t\t\t\t<\/div>\n\t\t<\/div>\n\t\t\t\t\t<\/div>\n\t\t<\/section>\n\t\t\t\t<section class=\"elementor-section elementor-top-section elementor-element elementor-element-4f9de98 elementor-section-boxed elementor-section-height-default elementor-section-height-default\" data-id=\"4f9de98\" data-element_type=\"section\" data-e-type=\"section\" data-settings=\"{&quot;background_background&quot;:&quot;classic&quot;}\">\n\t\t\t\t\t\t<div class=\"elementor-container elementor-column-gap-default\">\n\t\t\t\t\t<div class=\"elementor-column elementor-col-100 elementor-top-column elementor-element elementor-element-6e3a7af\" data-id=\"6e3a7af\" data-element_type=\"column\" data-e-type=\"column\" data-settings=\"{&quot;background_background&quot;:&quot;classic&quot;}\">\n\t\t\t<div class=\"elementor-widget-wrap elementor-element-populated\">\n\t\t\t\t\t\t<div class=\"elementor-element elementor-element-061b404 elementor-widget elementor-widget-heading\" data-id=\"061b404\" data-element_type=\"widget\" data-e-type=\"widget\" data-widget_type=\"heading.default\">\n\t\t\t\t<div class=\"elementor-widget-container\">\n\t\t\t\t\t<h1 class=\"elementor-heading-title elementor-size-default\">Tarifas 2026<\/h1>\t\t\t\t<\/div>\n\t\t\t\t<\/div>\n\t\t\t\t<div class=\"elementor-element elementor-element-c990154 elementor-widget elementor-widget-text-editor\" data-id=\"c990154\" data-element_type=\"widget\" data-e-type=\"widget\" data-widget_type=\"text-editor.default\">\n\t\t\t\t<div class=\"elementor-widget-container\">\n\t\t\t\t\t\t\t\t\t<p>A partir del 1 de enero entrar\u00e1n en vigor las siguientes nuevas tarifas:<\/p><p><strong>Fijo a la derecha<\/strong><\/p><p>Categor\u00eda\u00a0 A\u00a0 \u00a0 \u00a0 \u00a0 \u00a0 \u00a0 \u00a0 \u00a0 \u00a0 \u00a0 \u00a0693,60 \u20ac<\/p><p>Categor\u00eda B\u00a0 \u00a0 \u00a0 \u00a0 \u00a0 \u00a0 \u00a0 \u00a0 \u00a0 \u00a0 \u00a0 749,70 \u20ac<\/p><p>Categor\u00eda C\u00a0\u00a0\u00a0\u00a0\u00a0\u00a0\u00a0\u00a0\u00a0\u00a0\u00a0\u00a0\u00a0\u00a0\u00a0\u00a0\u00a0\u00a0\u00a0\u00a0\u00a0\u00a0856,80 \u20ac<\/p><p>Categor\u00eda D\u00a0\u00a0\u00a0\u00a0\u00a0\u00a0\u00a0\u00a0\u00a0\u00a0\u00a0\u00a0\u00a0\u00a0\u00a0\u00a0\u00a0\u00a0\u00a0\u00a0\u00a0\u00a0963,90 \u20ac<\/p><p>&#8212;&#8212;&#8212;&#8212;&#8212;&#8212;&#8212;&#8212;&#8212;&#8212;&#8212;&#8212;&#8212;-<\/p><p><strong>Precio por metro cuadrado:<\/strong><\/p><p>Hasta 35\u00a0 \u00a0 \u00a0 \u00a0 \u00a0 \u00a0 \u00a0 \u00a0 \u00a0 \u00a0 \u00a0 \u00a0 \u00a0 \u00a0 112,20 \u20ac<\/p><p>M\u00e1s des 35\u00a0 \u00a0 \u00a0 \u00a0 \u00a0 \u00a0 \u00a0 \u00a0 \u00a0 \u00a0 \u00a0 \u00a0139,74 \u20ac<\/p>\t\t\t\t\t\t\t\t<\/div>\n\t\t\t\t<\/div>\n\t\t\t\t\t<\/div>\n\t\t<\/div>\n\t\t\t\t\t<\/div>\n\t\t<\/section>\n\t\t\t\t<section class=\"elementor-section elementor-top-section elementor-element elementor-element-ada36fb elementor-section-boxed elementor-section-height-default elementor-section-height-default\" data-id=\"ada36fb\" data-element_type=\"section\" data-e-type=\"section\" id=\"ormeggio\" data-settings=\"{&quot;background_background&quot;:&quot;classic&quot;}\">\n\t\t\t\t\t\t<div class=\"elementor-container elementor-column-gap-default\">\n\t\t\t\t\t<div class=\"elementor-column elementor-col-100 elementor-top-column elementor-element elementor-element-797f92e\" data-id=\"797f92e\" data-element_type=\"column\" data-e-type=\"column\">\n\t\t\t<div class=\"elementor-widget-wrap elementor-element-populated\">\n\t\t\t\t\t\t<div class=\"elementor-element elementor-element-11310b2 elementor-widget elementor-widget-heading\" data-id=\"11310b2\" data-element_type=\"widget\" data-e-type=\"widget\" data-widget_type=\"heading.default\">\n\t\t\t\t<div class=\"elementor-widget-container\">\n\t\t\t\t\t<h1 class=\"elementor-heading-title elementor-size-default\">Solicitud reserva de amarre<\/h1>\t\t\t\t<\/div>\n\t\t\t\t<\/div>\n\t\t\t\t<div class=\"elementor-element elementor-element-909df9a elementor-widget elementor-widget-text-editor\" data-id=\"909df9a\" data-element_type=\"widget\" data-e-type=\"widget\" data-widget_type=\"text-editor.default\">\n\t\t\t\t<div class=\"elementor-widget-container\">\n\t\t\t\t\t\t\t\t\tPuedes solicitar la reserva de amarre al siguiente n\u00famero\t\t\t\t\t\t\t\t<\/div>\n\t\t\t\t<\/div>\n\t\t\t\t<div class=\"elementor-element elementor-element-bc65614 elementor-align-center elementor-widget elementor-widget-button\" data-id=\"bc65614\" data-element_type=\"widget\" data-e-type=\"widget\" data-widget_type=\"button.default\">\n\t\t\t\t<div class=\"elementor-widget-container\">\n\t\t\t\t\t\t\t\t\t<div class=\"elementor-button-wrapper\">\n\t\t\t\t\t<a class=\"elementor-button elementor-button-link elementor-size-md\" href=\"tel:\/\/+390182645012\">\n\t\t\t\t\t\t<span class=\"elementor-button-content-wrapper\">\n\t\t\t\t\t\t\t\t\t<span class=\"elementor-button-text\">0182\/64.50.12<\/span>\n\t\t\t\t\t<\/span>\n\t\t\t\t\t<\/a>\n\t\t\t\t<\/div>\n\t\t\t\t\t\t\t\t<\/div>\n\t\t\t\t<\/div>\n\t\t\t\t\t<\/div>\n\t\t<\/div>\n\t\t\t\t\t<\/div>\n\t\t<\/section>\n\t\t\t\t<\/div>\n\t\t","protected":false},"excerpt":{"rendered":"<p>Tarifas 2026 Tarifas Marina Resort Tarifas de tr\u00e1nsito Tarifas de amarre temporal TEMPORADA BAJA para estancias superiores a tres d\u00edas Tarifas de amarre temporal TEMPORADA ALTApara estancias superiores a tres d\u00edas Calcular la tasa anual (A) Eslora en metros: (B) Manga en metros: &nbsp; Tarifas 2026 A partir del 1 de enero entrar\u00e1n en vigor [&hellip;]<\/p>\n","protected":false},"author":1,"featured_media":0,"parent":0,"menu_order":0,"comment_status":"closed","ping_status":"closed","template":"","meta":{"footnotes":""},"class_list":["post-2311","page","type-page","status-publish","hentry"],"yoast_head":"<!-- This site is optimized with the Yoast SEO plugin v27.3 - https:\/\/yoast.com\/product\/yoast-seo-wordpress\/ -->\n<title>Tarifas - Marina di Alassio<\/title>\n<meta name=\"robots\" content=\"index, follow, max-snippet:-1, max-image-preview:large, max-video-preview:-1\" \/>\n<link rel=\"canonical\" href=\"https:\/\/marinadialassio.net\/tariffe\/\" \/>\n<meta property=\"og:locale\" content=\"es_ES\" \/>\n<meta property=\"og:type\" content=\"article\" \/>\n<meta property=\"og:title\" content=\"Tarifas - Marina di Alassio\" \/>\n<meta property=\"og:description\" content=\"Tarifas 2026 Tarifas Marina Resort Tarifas de tr\u00e1nsito Tarifas de amarre temporal TEMPORADA BAJA para estancias superiores a tres d\u00edas Tarifas de amarre temporal TEMPORADA ALTApara estancias superiores a tres d\u00edas Calcular la tasa anual (A) Eslora en metros: (B) Manga en metros: &nbsp; Tarifas 2026 A partir del 1 de enero entrar\u00e1n en vigor [&hellip;]\" \/>\n<meta property=\"og:url\" content=\"https:\/\/marinadialassio.net\/tariffe\/\" \/>\n<meta property=\"og:site_name\" content=\"Marina di Alassio\" \/>\n<meta property=\"article:modified_time\" content=\"2026-01-07T08:27:44+00:00\" \/>\n<meta property=\"og:image\" content=\"https:\/\/marinadialassio.net\/wp-content\/uploads\/2020\/09\/calcolo-tariffe-marina-alassio.png\" \/>\n\t<meta property=\"og:image:width\" content=\"811\" \/>\n\t<meta property=\"og:image:height\" content=\"599\" \/>\n\t<meta property=\"og:image:type\" content=\"image\/png\" \/>\n<meta name=\"twitter:card\" content=\"summary_large_image\" \/>\n<meta name=\"twitter:label1\" content=\"Tiempo de lectura\" \/>\n\t<meta name=\"twitter:data1\" content=\"1 minuto\" \/>\n<script type=\"application\/ld+json\" class=\"yoast-schema-graph\">{\"@context\":\"https:\\\/\\\/schema.org\",\"@graph\":[{\"@type\":\"WebPage\",\"@id\":\"https:\\\/\\\/marinadialassio.net\\\/tariffe\\\/\",\"url\":\"https:\\\/\\\/marinadialassio.net\\\/tariffe\\\/\",\"name\":\"Tarifas - Marina di Alassio\",\"isPartOf\":{\"@id\":\"https:\\\/\\\/marinadialassio.net\\\/#website\"},\"primaryImageOfPage\":{\"@id\":\"https:\\\/\\\/marinadialassio.net\\\/tariffe\\\/#primaryimage\"},\"image\":{\"@id\":\"https:\\\/\\\/marinadialassio.net\\\/tariffe\\\/#primaryimage\"},\"thumbnailUrl\":\"https:\\\/\\\/marinadialassio.net\\\/wp-content\\\/uploads\\\/2020\\\/09\\\/calcolo-tariffe-marina-alassio.png\",\"datePublished\":\"2020-11-26T10:47:23+00:00\",\"dateModified\":\"2026-01-07T08:27:44+00:00\",\"breadcrumb\":{\"@id\":\"https:\\\/\\\/marinadialassio.net\\\/tariffe\\\/#breadcrumb\"},\"inLanguage\":\"es\",\"potentialAction\":[{\"@type\":\"ReadAction\",\"target\":[\"https:\\\/\\\/marinadialassio.net\\\/tariffe\\\/\"]}]},{\"@type\":\"ImageObject\",\"inLanguage\":\"es\",\"@id\":\"https:\\\/\\\/marinadialassio.net\\\/tariffe\\\/#primaryimage\",\"url\":\"https:\\\/\\\/marinadialassio.net\\\/wp-content\\\/uploads\\\/2020\\\/09\\\/calcolo-tariffe-marina-alassio.png\",\"contentUrl\":\"https:\\\/\\\/marinadialassio.net\\\/wp-content\\\/uploads\\\/2020\\\/09\\\/calcolo-tariffe-marina-alassio.png\"},{\"@type\":\"BreadcrumbList\",\"@id\":\"https:\\\/\\\/marinadialassio.net\\\/tariffe\\\/#breadcrumb\",\"itemListElement\":[{\"@type\":\"ListItem\",\"position\":1,\"name\":\"Home\",\"item\":\"https:\\\/\\\/marinadialassio.net\\\/en\\\/\"},{\"@type\":\"ListItem\",\"position\":2,\"name\":\"Tarifas\"}]},{\"@type\":\"WebSite\",\"@id\":\"https:\\\/\\\/marinadialassio.net\\\/#website\",\"url\":\"https:\\\/\\\/marinadialassio.net\\\/\",\"name\":\"Marina di Alassio\",\"description\":\"Porto Luca Ferrari\",\"potentialAction\":[{\"@type\":\"SearchAction\",\"target\":{\"@type\":\"EntryPoint\",\"urlTemplate\":\"https:\\\/\\\/marinadialassio.net\\\/?s={search_term_string}\"},\"query-input\":{\"@type\":\"PropertyValueSpecification\",\"valueRequired\":true,\"valueName\":\"search_term_string\"}}],\"inLanguage\":\"es\"}]}<\/script>\n<!-- \/ Yoast SEO plugin. -->","yoast_head_json":{"title":"Tarifas - Marina di Alassio","robots":{"index":"index","follow":"follow","max-snippet":"max-snippet:-1","max-image-preview":"max-image-preview:large","max-video-preview":"max-video-preview:-1"},"canonical":"https:\/\/marinadialassio.net\/tariffe\/","og_locale":"es_ES","og_type":"article","og_title":"Tarifas - Marina di Alassio","og_description":"Tarifas 2026 Tarifas Marina Resort Tarifas de tr\u00e1nsito Tarifas de amarre temporal TEMPORADA BAJA para estancias superiores a tres d\u00edas Tarifas de amarre temporal TEMPORADA ALTApara estancias superiores a tres d\u00edas Calcular la tasa anual (A) Eslora en metros: (B) Manga en metros: &nbsp; Tarifas 2026 A partir del 1 de enero entrar\u00e1n en vigor [&hellip;]","og_url":"https:\/\/marinadialassio.net\/tariffe\/","og_site_name":"Marina di Alassio","article_modified_time":"2026-01-07T08:27:44+00:00","og_image":[{"width":811,"height":599,"url":"https:\/\/marinadialassio.net\/wp-content\/uploads\/2020\/09\/calcolo-tariffe-marina-alassio.png","type":"image\/png"}],"twitter_card":"summary_large_image","twitter_misc":{"Tiempo de lectura":"1 minuto"},"schema":{"@context":"https:\/\/schema.org","@graph":[{"@type":"WebPage","@id":"https:\/\/marinadialassio.net\/tariffe\/","url":"https:\/\/marinadialassio.net\/tariffe\/","name":"Tarifas - Marina di Alassio","isPartOf":{"@id":"https:\/\/marinadialassio.net\/#website"},"primaryImageOfPage":{"@id":"https:\/\/marinadialassio.net\/tariffe\/#primaryimage"},"image":{"@id":"https:\/\/marinadialassio.net\/tariffe\/#primaryimage"},"thumbnailUrl":"https:\/\/marinadialassio.net\/wp-content\/uploads\/2020\/09\/calcolo-tariffe-marina-alassio.png","datePublished":"2020-11-26T10:47:23+00:00","dateModified":"2026-01-07T08:27:44+00:00","breadcrumb":{"@id":"https:\/\/marinadialassio.net\/tariffe\/#breadcrumb"},"inLanguage":"es","potentialAction":[{"@type":"ReadAction","target":["https:\/\/marinadialassio.net\/tariffe\/"]}]},{"@type":"ImageObject","inLanguage":"es","@id":"https:\/\/marinadialassio.net\/tariffe\/#primaryimage","url":"https:\/\/marinadialassio.net\/wp-content\/uploads\/2020\/09\/calcolo-tariffe-marina-alassio.png","contentUrl":"https:\/\/marinadialassio.net\/wp-content\/uploads\/2020\/09\/calcolo-tariffe-marina-alassio.png"},{"@type":"BreadcrumbList","@id":"https:\/\/marinadialassio.net\/tariffe\/#breadcrumb","itemListElement":[{"@type":"ListItem","position":1,"name":"Home","item":"https:\/\/marinadialassio.net\/en\/"},{"@type":"ListItem","position":2,"name":"Tarifas"}]},{"@type":"WebSite","@id":"https:\/\/marinadialassio.net\/#website","url":"https:\/\/marinadialassio.net\/","name":"Marina di Alassio","description":"Porto Luca Ferrari","potentialAction":[{"@type":"SearchAction","target":{"@type":"EntryPoint","urlTemplate":"https:\/\/marinadialassio.net\/?s={search_term_string}"},"query-input":{"@type":"PropertyValueSpecification","valueRequired":true,"valueName":"search_term_string"}}],"inLanguage":"es"}]}},"_links":{"self":[{"href":"https:\/\/marinadialassio.net\/es\/wp-json\/wp\/v2\/pages\/2311","targetHints":{"allow":["GET"]}}],"collection":[{"href":"https:\/\/marinadialassio.net\/es\/wp-json\/wp\/v2\/pages"}],"about":[{"href":"https:\/\/marinadialassio.net\/es\/wp-json\/wp\/v2\/types\/page"}],"author":[{"embeddable":true,"href":"https:\/\/marinadialassio.net\/es\/wp-json\/wp\/v2\/users\/1"}],"replies":[{"embeddable":true,"href":"https:\/\/marinadialassio.net\/es\/wp-json\/wp\/v2\/comments?post=2311"}],"version-history":[{"count":52,"href":"https:\/\/marinadialassio.net\/es\/wp-json\/wp\/v2\/pages\/2311\/revisions"}],"predecessor-version":[{"id":8342,"href":"https:\/\/marinadialassio.net\/es\/wp-json\/wp\/v2\/pages\/2311\/revisions\/8342"}],"wp:attachment":[{"href":"https:\/\/marinadialassio.net\/es\/wp-json\/wp\/v2\/media?parent=2311"}],"curies":[{"name":"wp","href":"https:\/\/api.w.org\/{rel}","templated":true}]}}