{"id":2729,"date":"2020-12-02T15:09:28","date_gmt":"2020-12-02T15:09:28","guid":{"rendered":"https:\/\/marinadialassio.net\/warteliste\/"},"modified":"2022-11-21T08:12:36","modified_gmt":"2022-11-21T08:12:36","slug":"warteliste","status":"publish","type":"page","link":"https:\/\/marinadialassio.net\/de\/warteliste\/","title":{"rendered":"Warteliste"},"content":{"rendered":"\t\t<div data-elementor-type=\"wp-page\" data-elementor-id=\"2729\" class=\"elementor elementor-2729 elementor-37\" data-elementor-post-type=\"page\">\n\t\t\t\t\t\t<section class=\"elementor-section elementor-top-section elementor-element elementor-element-745a9a9 elementor-section-boxed elementor-section-height-default elementor-section-height-default\" data-id=\"745a9a9\" data-element_type=\"section\" data-e-type=\"section\" data-settings=\"{&quot;background_background&quot;:&quot;classic&quot;}\">\n\t\t\t\t\t\t<div class=\"elementor-container elementor-column-gap-default\">\n\t\t\t\t\t<div class=\"elementor-column elementor-col-100 elementor-top-column elementor-element elementor-element-5a55df4\" data-id=\"5a55df4\" data-element_type=\"column\" data-e-type=\"column\">\n\t\t\t<div class=\"elementor-widget-wrap elementor-element-populated\">\n\t\t\t\t\t\t<div class=\"elementor-element elementor-element-e754dad elementor-widget elementor-widget-text-editor\" data-id=\"e754dad\" data-element_type=\"widget\" data-e-type=\"widget\" data-widget_type=\"text-editor.default\">\n\t\t\t\t<div class=\"elementor-widget-container\">\n\t\t\t\t\t\t\t\t\t<h1>Warteliste<\/h1>\n\t\t\t\t\t\t\t\t<\/div>\n\t\t\t\t<\/div>\n\t\t\t\t<div class=\"elementor-element elementor-element-d38ed3f elementor-widget elementor-widget-text-editor\" data-id=\"d38ed3f\" data-element_type=\"widget\" data-e-type=\"widget\" data-widget_type=\"text-editor.default\">\n\t\t\t\t<div class=\"elementor-widget-container\">\n\t\t\t\t\t\t\t\t\t<p><strong>Der Hafen ist derzeit ausgebucht und die Pl\u00e4tze sind alle vergeben.<br \/>\n<\/strong><br \/>\nF\u00fcr alle Liegepl\u00e4tze, die aufgrund von Ausnahmeregelungen oder aus anderen Gr\u00fcnden verf\u00fcgbar werden, gibt es eine <strong>Warteliste<\/strong>.<\/p>\n<p><strong>Diese Warteliste besteht aus vier Kategorien:<\/strong><\/p>\n\t\t\t\t\t\t\t\t<\/div>\n\t\t\t\t<\/div>\n\t\t\t\t\t<\/div>\n\t\t<\/div>\n\t\t\t\t\t<\/div>\n\t\t<\/section>\n\t\t\t\t<section class=\"elementor-section elementor-top-section elementor-element elementor-element-1afa6bb elementor-section-boxed elementor-section-height-default elementor-section-height-default\" data-id=\"1afa6bb\" data-element_type=\"section\" data-e-type=\"section\" data-settings=\"{&quot;background_background&quot;:&quot;classic&quot;}\">\n\t\t\t\t\t\t<div class=\"elementor-container elementor-column-gap-default\">\n\t\t\t\t\t<div class=\"elementor-column elementor-col-25 elementor-top-column elementor-element elementor-element-2a231fe\" data-id=\"2a231fe\" data-element_type=\"column\" data-e-type=\"column\" data-settings=\"{&quot;background_background&quot;:&quot;classic&quot;}\">\n\t\t\t<div class=\"elementor-widget-wrap elementor-element-populated\">\n\t\t\t\t\t\t<div class=\"elementor-element elementor-element-5ce48fb elementor-widget elementor-widget-icon-box\" data-id=\"5ce48fb\" data-element_type=\"widget\" data-e-type=\"widget\" data-widget_type=\"icon-box.default\">\n\t\t\t\t<div class=\"elementor-widget-container\">\n\t\t\t\t\t\t\t<div class=\"elementor-icon-box-wrapper\">\n\n\t\t\t\n\t\t\t\t\t\t<div class=\"elementor-icon-box-content\">\n\n\t\t\t\t\t\t\t\t\t<h3 class=\"elementor-icon-box-title\">\n\t\t\t\t\t\t<span  >\n\t\t\t\t\t\t\tKat. A\t\t\t\t\t\t<\/span>\n\t\t\t\t\t<\/h3>\n\t\t\t\t\n\t\t\t\t\t\t\t\t\t<p class=\"elementor-icon-box-description\">\n\t\t\t\t\t\tf\u00fcr 7-Meter-lang Boote;\t\t\t\t\t<\/p>\n\t\t\t\t\n\t\t\t<\/div>\n\t\t\t\n\t\t<\/div>\n\t\t\t\t\t\t<\/div>\n\t\t\t\t<\/div>\n\t\t\t\t\t<\/div>\n\t\t<\/div>\n\t\t\t\t<div class=\"elementor-column elementor-col-25 elementor-top-column elementor-element elementor-element-e69c25a\" data-id=\"e69c25a\" data-element_type=\"column\" data-e-type=\"column\" data-settings=\"{&quot;background_background&quot;:&quot;classic&quot;}\">\n\t\t\t<div class=\"elementor-widget-wrap elementor-element-populated\">\n\t\t\t\t\t\t<div class=\"elementor-element elementor-element-8315ef9 elementor-widget elementor-widget-icon-box\" data-id=\"8315ef9\" data-element_type=\"widget\" data-e-type=\"widget\" data-widget_type=\"icon-box.default\">\n\t\t\t\t<div class=\"elementor-widget-container\">\n\t\t\t\t\t\t\t<div class=\"elementor-icon-box-wrapper\">\n\n\t\t\t\n\t\t\t\t\t\t<div class=\"elementor-icon-box-content\">\n\n\t\t\t\t\t\t\t\t\t<h3 class=\"elementor-icon-box-title\">\n\t\t\t\t\t\t<span  >\n\t\t\t\t\t\t\tKat. B\t\t\t\t\t\t<\/span>\n\t\t\t\t\t<\/h3>\n\t\t\t\t\n\t\t\t\t\t\t\t\t\t<p class=\"elementor-icon-box-description\">\n\t\t\t\t\t\tf\u00fcr Boote zwischen 7.01 und 10 Meter;\t\t\t\t\t<\/p>\n\t\t\t\t\n\t\t\t<\/div>\n\t\t\t\n\t\t<\/div>\n\t\t\t\t\t\t<\/div>\n\t\t\t\t<\/div>\n\t\t\t\t\t<\/div>\n\t\t<\/div>\n\t\t\t\t<div class=\"elementor-column elementor-col-25 elementor-top-column elementor-element elementor-element-d551b23\" data-id=\"d551b23\" data-element_type=\"column\" data-e-type=\"column\" data-settings=\"{&quot;background_background&quot;:&quot;classic&quot;}\">\n\t\t\t<div class=\"elementor-widget-wrap elementor-element-populated\">\n\t\t\t\t\t\t<div class=\"elementor-element elementor-element-a5f3f17 elementor-widget elementor-widget-icon-box\" data-id=\"a5f3f17\" data-element_type=\"widget\" data-e-type=\"widget\" data-widget_type=\"icon-box.default\">\n\t\t\t\t<div class=\"elementor-widget-container\">\n\t\t\t\t\t\t\t<div class=\"elementor-icon-box-wrapper\">\n\n\t\t\t\n\t\t\t\t\t\t<div class=\"elementor-icon-box-content\">\n\n\t\t\t\t\t\t\t\t\t<h3 class=\"elementor-icon-box-title\">\n\t\t\t\t\t\t<span  >\n\t\t\t\t\t\t\tKat. C\t\t\t\t\t\t<\/span>\n\t\t\t\t\t<\/h3>\n\t\t\t\t\n\t\t\t\t\t\t\t\t\t<p class=\"elementor-icon-box-description\">\n\t\t\t\t\t\tf\u00fcr Boote zwischen 10.01 und 14 Meter;\t\t\t\t\t<\/p>\n\t\t\t\t\n\t\t\t<\/div>\n\t\t\t\n\t\t<\/div>\n\t\t\t\t\t\t<\/div>\n\t\t\t\t<\/div>\n\t\t\t\t\t<\/div>\n\t\t<\/div>\n\t\t\t\t<div class=\"elementor-column elementor-col-25 elementor-top-column elementor-element elementor-element-69a08cb\" data-id=\"69a08cb\" data-element_type=\"column\" data-e-type=\"column\" data-settings=\"{&quot;background_background&quot;:&quot;classic&quot;}\">\n\t\t\t<div class=\"elementor-widget-wrap elementor-element-populated\">\n\t\t\t\t\t\t<div class=\"elementor-element elementor-element-693249c elementor-widget elementor-widget-icon-box\" data-id=\"693249c\" data-element_type=\"widget\" data-e-type=\"widget\" data-widget_type=\"icon-box.default\">\n\t\t\t\t<div class=\"elementor-widget-container\">\n\t\t\t\t\t\t\t<div class=\"elementor-icon-box-wrapper\">\n\n\t\t\t\n\t\t\t\t\t\t<div class=\"elementor-icon-box-content\">\n\n\t\t\t\t\t\t\t\t\t<h3 class=\"elementor-icon-box-title\">\n\t\t\t\t\t\t<span  >\n\t\t\t\t\t\t\tKat. D\t\t\t\t\t\t<\/span>\n\t\t\t\t\t<\/h3>\n\t\t\t\t\n\t\t\t\t\t\t\t\t\t<p class=\"elementor-icon-box-description\">\n\t\t\t\t\t\tf\u00fcr Boote \u00fcber 14.01 Meter.\t\t\t\t\t<\/p>\n\t\t\t\t\n\t\t\t<\/div>\n\t\t\t\n\t\t<\/div>\n\t\t\t\t\t\t<\/div>\n\t\t\t\t<\/div>\n\t\t\t\t\t<\/div>\n\t\t<\/div>\n\t\t\t\t\t<\/div>\n\t\t<\/section>\n\t\t\t\t<section class=\"elementor-section elementor-top-section elementor-element elementor-element-faf434f elementor-section-boxed elementor-section-height-default elementor-section-height-default\" data-id=\"faf434f\" data-element_type=\"section\" data-e-type=\"section\" data-settings=\"{&quot;background_background&quot;:&quot;classic&quot;}\">\n\t\t\t\t\t\t<div class=\"elementor-container elementor-column-gap-default\">\n\t\t\t\t\t<div class=\"elementor-column elementor-col-100 elementor-top-column elementor-element elementor-element-45cbb96\" data-id=\"45cbb96\" data-element_type=\"column\" data-e-type=\"column\">\n\t\t\t<div class=\"elementor-widget-wrap elementor-element-populated\">\n\t\t\t\t\t\t<div class=\"elementor-element elementor-element-f65176c elementor-widget elementor-widget-text-editor\" data-id=\"f65176c\" data-element_type=\"widget\" data-e-type=\"widget\" data-widget_type=\"text-editor.default\">\n\t\t\t\t<div class=\"elementor-widget-container\">\n\t\t\t\t\t\t\t\t\t<p><strong>Um sich f\u00fcr die Warteliste zu qualifizieren, m\u00fcssen Sie mit einem g\u00fcltigen Ausweis in das B\u00fcro der \u201eMarina di Alassio\u201c<\/strong> gehen und eine Zahlung von 50,84 \u20ac auf das Postkonto Nr. 27841592 t\u00e4tigen, und den Antrag auf Aufnahme in die Warteliste ausf\u00fcllen (klicken Sie hier, um das Formular herunterzuladen).<\/p>\n<p><strong>Um f\u00fcr mehrere Jahre nach der ersten Anfrage auf der Liste<\/strong> bleiben zu k\u00f6nnen, muss das Best\u00e4tigungsformular f\u00fcr den Antrag zur Einschreibung auf der Warteliste (zum Herunterladen des Formulars klicken) per Einschreiben vom 2. bis 31. Januar mit einem R\u00fcckschein ohne Umschlag, zusammen mit der Zahlung auf das Post-Girokonto Nr. 27841592 in H\u00f6he von 50,84 \u20ac geschickt werden. (Artikel 2.7 der Ein- und Ausschiffungsvorschriften von Einheiten im Touristenhafen von Alassio).<\/p>\n<p>Die aktualisierten Wartelisten werden ungef\u00e4hr einen Monat nach dem 31. Januar verf\u00fcgbar sein, damit alle Mitteilungen der Post\u00e4mter beinhaltet sind.<\/p>\n\t\t\t\t\t\t\t\t<\/div>\n\t\t\t\t<\/div>\n\t\t\t\t<section class=\"elementor-section elementor-inner-section elementor-element elementor-element-e145836 elementor-section-boxed elementor-section-height-default elementor-section-height-default\" data-id=\"e145836\" data-element_type=\"section\" data-e-type=\"section\">\n\t\t\t\t\t\t<div class=\"elementor-container elementor-column-gap-default\">\n\t\t\t\t\t<div class=\"elementor-column elementor-col-50 elementor-inner-column elementor-element elementor-element-3cb76b8\" data-id=\"3cb76b8\" data-element_type=\"column\" data-e-type=\"column\">\n\t\t\t<div class=\"elementor-widget-wrap elementor-element-populated\">\n\t\t\t\t\t\t<div class=\"elementor-element elementor-element-c2ac5b4 elementor-align-right elementor-mobile-align-center elementor-widget elementor-widget-button\" data-id=\"c2ac5b4\" data-element_type=\"widget\" data-e-type=\"widget\" data-widget_type=\"button.default\">\n\t\t\t\t<div class=\"elementor-widget-container\">\n\t\t\t\t\t\t\t\t\t<div class=\"elementor-button-wrapper\">\n\t\t\t\t\t<a class=\"elementor-button elementor-button-link elementor-size-sm\" href=\"https:\/\/marinadialassio.net\/wp-content\/uploads\/2022\/11\/prima-istanza-LA-SRL.pdf\" target=\"_blank\">\n\t\t\t\t\t\t<span class=\"elementor-button-content-wrapper\">\n\t\t\t\t\t\t\t\t\t<span class=\"elementor-button-text\">Anmeldeformular Warteliste<\/span>\n\t\t\t\t\t<\/span>\n\t\t\t\t\t<\/a>\n\t\t\t\t<\/div>\n\t\t\t\t\t\t\t\t<\/div>\n\t\t\t\t<\/div>\n\t\t\t\t\t<\/div>\n\t\t<\/div>\n\t\t\t\t<div class=\"elementor-column elementor-col-50 elementor-inner-column elementor-element elementor-element-1dce898\" data-id=\"1dce898\" data-element_type=\"column\" data-e-type=\"column\">\n\t\t\t<div class=\"elementor-widget-wrap elementor-element-populated\">\n\t\t\t\t\t\t<div class=\"elementor-element elementor-element-eea2017 elementor-align-left elementor-mobile-align-center elementor-widget elementor-widget-button\" data-id=\"eea2017\" data-element_type=\"widget\" data-e-type=\"widget\" data-widget_type=\"button.default\">\n\t\t\t\t<div class=\"elementor-widget-container\">\n\t\t\t\t\t\t\t\t\t<div class=\"elementor-button-wrapper\">\n\t\t\t\t\t<a class=\"elementor-button elementor-button-link elementor-size-sm\" href=\"https:\/\/marinadialassio.net\/wp-content\/uploads\/2022\/11\/conferma-LA-SRL.pdf\" target=\"_blank\">\n\t\t\t\t\t\t<span class=\"elementor-button-content-wrapper\">\n\t\t\t\t\t\t\t\t\t<span class=\"elementor-button-text\">Wartelisten-Permanenz-Formular<\/span>\n\t\t\t\t\t<\/span>\n\t\t\t\t\t<\/a>\n\t\t\t\t<\/div>\n\t\t\t\t\t\t\t\t<\/div>\n\t\t\t\t<\/div>\n\t\t\t\t\t<\/div>\n\t\t<\/div>\n\t\t\t\t\t<\/div>\n\t\t<\/section>\n\t\t\t\t\t<\/div>\n\t\t<\/div>\n\t\t\t\t\t<\/div>\n\t\t<\/section>\n\t\t\t\t<\/div>\n\t\t","protected":false},"excerpt":{"rendered":"<p>Warteliste Der Hafen ist derzeit ausgebucht und die Pl\u00e4tze sind alle vergeben. F\u00fcr alle Liegepl\u00e4tze, die aufgrund von Ausnahmeregelungen oder aus anderen Gr\u00fcnden verf\u00fcgbar werden, gibt es eine Warteliste. Diese Warteliste besteht aus vier Kategorien: Kat. A f\u00fcr 7-Meter-lang Boote; Kat. B f\u00fcr Boote zwischen 7.01 und 10 Meter; Kat. C f\u00fcr Boote zwischen 10.01 [&hellip;]<\/p>\n","protected":false},"author":1,"featured_media":0,"parent":0,"menu_order":0,"comment_status":"closed","ping_status":"closed","template":"","meta":{"footnotes":""},"class_list":["post-2729","page","type-page","status-publish","hentry"],"yoast_head":"<!-- This site is optimized with the Yoast SEO plugin v27.4 - https:\/\/yoast.com\/product\/yoast-seo-wordpress\/ -->\n<title>Warteliste - Marina di Alassio<\/title>\n<meta name=\"robots\" content=\"index, follow, max-snippet:-1, max-image-preview:large, max-video-preview:-1\" \/>\n<link rel=\"canonical\" href=\"https:\/\/marinadialassio.net\/de\/warteliste\/\" \/>\n<meta property=\"og:locale\" content=\"de_DE\" \/>\n<meta property=\"og:type\" content=\"article\" \/>\n<meta property=\"og:title\" content=\"Warteliste - Marina di Alassio\" \/>\n<meta property=\"og:description\" content=\"Warteliste Der Hafen ist derzeit ausgebucht und die Pl\u00e4tze sind alle vergeben. F\u00fcr alle Liegepl\u00e4tze, die aufgrund von Ausnahmeregelungen oder aus anderen Gr\u00fcnden verf\u00fcgbar werden, gibt es eine Warteliste. Diese Warteliste besteht aus vier Kategorien: Kat. A f\u00fcr 7-Meter-lang Boote; Kat. B f\u00fcr Boote zwischen 7.01 und 10 Meter; Kat. C f\u00fcr Boote zwischen 10.01 [&hellip;]\" \/>\n<meta property=\"og:url\" content=\"https:\/\/marinadialassio.net\/de\/warteliste\/\" \/>\n<meta property=\"og:site_name\" content=\"Marina di Alassio\" \/>\n<meta property=\"article:modified_time\" content=\"2022-11-21T08:12:36+00:00\" \/>\n<meta name=\"twitter:card\" content=\"summary_large_image\" \/>\n<meta name=\"twitter:label1\" content=\"Est. reading time\" \/>\n\t<meta name=\"twitter:data1\" content=\"1 minute\" \/>\n<script type=\"application\/ld+json\" class=\"yoast-schema-graph\">{\"@context\":\"https:\\\/\\\/schema.org\",\"@graph\":[{\"@type\":\"WebPage\",\"@id\":\"https:\\\/\\\/marinadialassio.net\\\/de\\\/warteliste\\\/\",\"url\":\"https:\\\/\\\/marinadialassio.net\\\/de\\\/warteliste\\\/\",\"name\":\"Warteliste - Marina di Alassio\",\"isPartOf\":{\"@id\":\"https:\\\/\\\/marinadialassio.net\\\/#website\"},\"datePublished\":\"2020-12-02T15:09:28+00:00\",\"dateModified\":\"2022-11-21T08:12:36+00:00\",\"breadcrumb\":{\"@id\":\"https:\\\/\\\/marinadialassio.net\\\/de\\\/warteliste\\\/#breadcrumb\"},\"inLanguage\":\"de-DE\",\"potentialAction\":[{\"@type\":\"ReadAction\",\"target\":[\"https:\\\/\\\/marinadialassio.net\\\/de\\\/warteliste\\\/\"]}]},{\"@type\":\"BreadcrumbList\",\"@id\":\"https:\\\/\\\/marinadialassio.net\\\/de\\\/warteliste\\\/#breadcrumb\",\"itemListElement\":[{\"@type\":\"ListItem\",\"position\":1,\"name\":\"Home\",\"item\":\"https:\\\/\\\/marinadialassio.net\\\/en\\\/\"},{\"@type\":\"ListItem\",\"position\":2,\"name\":\"Warteliste\"}]},{\"@type\":\"WebSite\",\"@id\":\"https:\\\/\\\/marinadialassio.net\\\/#website\",\"url\":\"https:\\\/\\\/marinadialassio.net\\\/\",\"name\":\"Marina di Alassio\",\"description\":\"Porto Luca Ferrari\",\"potentialAction\":[{\"@type\":\"SearchAction\",\"target\":{\"@type\":\"EntryPoint\",\"urlTemplate\":\"https:\\\/\\\/marinadialassio.net\\\/?s={search_term_string}\"},\"query-input\":{\"@type\":\"PropertyValueSpecification\",\"valueRequired\":true,\"valueName\":\"search_term_string\"}}],\"inLanguage\":\"de-DE\"}]}<\/script>\n<!-- \/ Yoast SEO plugin. -->","yoast_head_json":{"title":"Warteliste - Marina di Alassio","robots":{"index":"index","follow":"follow","max-snippet":"max-snippet:-1","max-image-preview":"max-image-preview:large","max-video-preview":"max-video-preview:-1"},"canonical":"https:\/\/marinadialassio.net\/de\/warteliste\/","og_locale":"de_DE","og_type":"article","og_title":"Warteliste - Marina di Alassio","og_description":"Warteliste Der Hafen ist derzeit ausgebucht und die Pl\u00e4tze sind alle vergeben. F\u00fcr alle Liegepl\u00e4tze, die aufgrund von Ausnahmeregelungen oder aus anderen Gr\u00fcnden verf\u00fcgbar werden, gibt es eine Warteliste. Diese Warteliste besteht aus vier Kategorien: Kat. A f\u00fcr 7-Meter-lang Boote; Kat. B f\u00fcr Boote zwischen 7.01 und 10 Meter; Kat. C f\u00fcr Boote zwischen 10.01 [&hellip;]","og_url":"https:\/\/marinadialassio.net\/de\/warteliste\/","og_site_name":"Marina di Alassio","article_modified_time":"2022-11-21T08:12:36+00:00","twitter_card":"summary_large_image","twitter_misc":{"Est. reading time":"1 minute"},"schema":{"@context":"https:\/\/schema.org","@graph":[{"@type":"WebPage","@id":"https:\/\/marinadialassio.net\/de\/warteliste\/","url":"https:\/\/marinadialassio.net\/de\/warteliste\/","name":"Warteliste - Marina di Alassio","isPartOf":{"@id":"https:\/\/marinadialassio.net\/#website"},"datePublished":"2020-12-02T15:09:28+00:00","dateModified":"2022-11-21T08:12:36+00:00","breadcrumb":{"@id":"https:\/\/marinadialassio.net\/de\/warteliste\/#breadcrumb"},"inLanguage":"de-DE","potentialAction":[{"@type":"ReadAction","target":["https:\/\/marinadialassio.net\/de\/warteliste\/"]}]},{"@type":"BreadcrumbList","@id":"https:\/\/marinadialassio.net\/de\/warteliste\/#breadcrumb","itemListElement":[{"@type":"ListItem","position":1,"name":"Home","item":"https:\/\/marinadialassio.net\/en\/"},{"@type":"ListItem","position":2,"name":"Warteliste"}]},{"@type":"WebSite","@id":"https:\/\/marinadialassio.net\/#website","url":"https:\/\/marinadialassio.net\/","name":"Marina di Alassio","description":"Porto Luca Ferrari","potentialAction":[{"@type":"SearchAction","target":{"@type":"EntryPoint","urlTemplate":"https:\/\/marinadialassio.net\/?s={search_term_string}"},"query-input":{"@type":"PropertyValueSpecification","valueRequired":true,"valueName":"search_term_string"}}],"inLanguage":"de-DE"}]}},"_links":{"self":[{"href":"https:\/\/marinadialassio.net\/de\/wp-json\/wp\/v2\/pages\/2729","targetHints":{"allow":["GET"]}}],"collection":[{"href":"https:\/\/marinadialassio.net\/de\/wp-json\/wp\/v2\/pages"}],"about":[{"href":"https:\/\/marinadialassio.net\/de\/wp-json\/wp\/v2\/types\/page"}],"author":[{"embeddable":true,"href":"https:\/\/marinadialassio.net\/de\/wp-json\/wp\/v2\/users\/1"}],"replies":[{"embeddable":true,"href":"https:\/\/marinadialassio.net\/de\/wp-json\/wp\/v2\/comments?post=2729"}],"version-history":[{"count":7,"href":"https:\/\/marinadialassio.net\/de\/wp-json\/wp\/v2\/pages\/2729\/revisions"}],"predecessor-version":[{"id":5025,"href":"https:\/\/marinadialassio.net\/de\/wp-json\/wp\/v2\/pages\/2729\/revisions\/5025"}],"wp:attachment":[{"href":"https:\/\/marinadialassio.net\/de\/wp-json\/wp\/v2\/media?parent=2729"}],"curies":[{"name":"wp","href":"https:\/\/api.w.org\/{rel}","templated":true}]}}