{"id":2643,"date":"2020-12-02T14:38:41","date_gmt":"2020-12-02T14:38:41","guid":{"rendered":"https:\/\/marinadialassio.net\/an-der-insel-anlegen\/"},"modified":"2020-12-02T14:38:42","modified_gmt":"2020-12-02T14:38:42","slug":"an-der-insel-anlegen","status":"publish","type":"page","link":"https:\/\/marinadialassio.net\/de\/an-der-insel-anlegen\/","title":{"rendered":"An der Insel anlegen"},"content":{"rendered":"\t\t<div data-elementor-type=\"wp-page\" data-elementor-id=\"2643\" class=\"elementor elementor-2643 elementor-11\" data-elementor-post-type=\"page\">\n\t\t\t\t\t\t<section class=\"elementor-section elementor-top-section elementor-element elementor-element-5bc8eab elementor-section-full_width elementor-section-height-min-height elementor-section-height-default elementor-section-items-middle\" data-id=\"5bc8eab\" data-element_type=\"section\" data-e-type=\"section\" data-settings=\"{&quot;background_background&quot;:&quot;classic&quot;}\">\n\t\t\t\t\t\t\t<div class=\"elementor-background-overlay\"><\/div>\n\t\t\t\t\t\t\t<div class=\"elementor-container elementor-column-gap-default\">\n\t\t\t\t\t<div class=\"elementor-column elementor-col-100 elementor-top-column elementor-element elementor-element-cfad9bd\" data-id=\"cfad9bd\" data-element_type=\"column\" data-e-type=\"column\">\n\t\t\t<div class=\"elementor-widget-wrap\">\n\t\t\t\t\t\t\t<\/div>\n\t\t<\/div>\n\t\t\t\t\t<\/div>\n\t\t<\/section>\n\t\t\t\t<section class=\"elementor-section elementor-top-section elementor-element elementor-element-f2affca elementor-section-boxed elementor-section-height-default elementor-section-height-default\" data-id=\"f2affca\" data-element_type=\"section\" data-e-type=\"section\" data-settings=\"{&quot;background_background&quot;:&quot;classic&quot;}\">\n\t\t\t\t\t\t<div class=\"elementor-container elementor-column-gap-default\">\n\t\t\t\t\t<div class=\"elementor-column elementor-col-50 elementor-top-column elementor-element elementor-element-d6ea934\" data-id=\"d6ea934\" data-element_type=\"column\" data-e-type=\"column\">\n\t\t\t<div class=\"elementor-widget-wrap elementor-element-populated\">\n\t\t\t\t\t\t<div class=\"elementor-element elementor-element-24bf1e3 elementor-widget elementor-widget-text-editor\" data-id=\"24bf1e3\" data-element_type=\"widget\" data-e-type=\"widget\" data-widget_type=\"text-editor.default\">\n\t\t\t\t<div class=\"elementor-widget-container\">\n\t\t\t\t\t\t\t\t\t<h1>An der Insel anlegen<\/h1>\n\t\t\t\t\t\t\t\t<\/div>\n\t\t\t\t<\/div>\n\t\t\t\t<div class=\"elementor-element elementor-element-ad46f51 elementor-widget elementor-widget-text-editor\" data-id=\"ad46f51\" data-element_type=\"widget\" data-e-type=\"widget\" data-widget_type=\"text-editor.default\">\n\t\t\t\t<div class=\"elementor-widget-container\">\n\t\t\t\t\t\t\t\t\t<p>Das <strong>regionale Naturschutzgebiet<\/strong> der Insel Gallinara ist, aufgrund seines unbefleckten Lebensraums und seines unsch\u00e4tzbaren historischen, \u00f6kologischen und kulturellen Wertes, ein Meeresschutzgebiet.<\/p>\n<p>Da es sich in Privatbesitz befindet,<strong> darf es nicht besucht werden.<\/strong><\/p>\n<p><strong>Das Ankern auf der Insel ist mit folgenden Einschr\u00e4nkungen gestattet:<\/strong><\/p>\n\t\t\t\t\t\t\t\t<\/div>\n\t\t\t\t<\/div>\n\t\t\t\t<div class=\"elementor-element elementor-element-8715ac9 elementor-align-center elementor-widget elementor-widget-button\" data-id=\"8715ac9\" data-element_type=\"widget\" data-e-type=\"widget\" data-widget_type=\"button.default\">\n\t\t\t\t<div class=\"elementor-widget-container\">\n\t\t\t\t\t\t\t\t\t<div class=\"elementor-button-wrapper\">\n\t\t\t\t\t<a class=\"elementor-button elementor-button-link elementor-size-sm\" href=\"https:\/\/marinadialassio.net\/wp-content\/uploads\/2020\/09\/ordinanza-isola-gallinara.pdf\" target=\"_blank\">\n\t\t\t\t\t\t<span class=\"elementor-button-content-wrapper\">\n\t\t\t\t\t\t\t\t\t<span class=\"elementor-button-text\">Gallinara-Inselverordnung<\/span>\n\t\t\t\t\t<\/span>\n\t\t\t\t\t<\/a>\n\t\t\t\t<\/div>\n\t\t\t\t\t\t\t\t<\/div>\n\t\t\t\t<\/div>\n\t\t\t\t\t<\/div>\n\t\t<\/div>\n\t\t\t\t<div class=\"elementor-column elementor-col-50 elementor-top-column elementor-element elementor-element-68f2f9e\" data-id=\"68f2f9e\" data-element_type=\"column\" data-e-type=\"column\">\n\t\t\t<div class=\"elementor-widget-wrap elementor-element-populated\">\n\t\t\t\t\t\t<div class=\"elementor-element elementor-element-bfde7a4 elementor-widget elementor-widget-image\" data-id=\"bfde7a4\" data-element_type=\"widget\" data-e-type=\"widget\" data-widget_type=\"image.default\">\n\t\t\t\t<div class=\"elementor-widget-container\">\n\t\t\t\t\t\t\t\t\t\t\t\t\t\t\t<img fetchpriority=\"high\" decoding=\"async\" width=\"800\" height=\"788\" src=\"https:\/\/marinadialassio.net\/wp-content\/uploads\/2020\/09\/restrizioni-isola-gallinara.jpg\" class=\"attachment-large size-large wp-image-2645\" alt=\"\" srcset=\"https:\/\/marinadialassio.net\/wp-content\/uploads\/2020\/09\/restrizioni-isola-gallinara.jpg 800w, https:\/\/marinadialassio.net\/wp-content\/uploads\/2020\/09\/restrizioni-isola-gallinara-300x296.jpg 300w, https:\/\/marinadialassio.net\/wp-content\/uploads\/2020\/09\/restrizioni-isola-gallinara-768x756.jpg 768w\" sizes=\"(max-width: 800px) 100vw, 800px\" \/>\t\t\t\t\t\t\t\t\t\t\t\t\t\t\t<\/div>\n\t\t\t\t<\/div>\n\t\t\t\t\t<\/div>\n\t\t<\/div>\n\t\t\t\t\t<\/div>\n\t\t<\/section>\n\t\t\t\t<section class=\"elementor-section elementor-top-section elementor-element elementor-element-bef3c5f elementor-section-boxed elementor-section-height-default elementor-section-height-default\" data-id=\"bef3c5f\" data-element_type=\"section\" data-e-type=\"section\" data-settings=\"{&quot;background_background&quot;:&quot;classic&quot;}\">\n\t\t\t\t\t\t<div class=\"elementor-container elementor-column-gap-default\">\n\t\t\t\t\t<div class=\"elementor-column elementor-col-100 elementor-top-column elementor-element elementor-element-f141685\" data-id=\"f141685\" data-element_type=\"column\" data-e-type=\"column\">\n\t\t\t<div class=\"elementor-widget-wrap elementor-element-populated\">\n\t\t\t\t\t\t<div class=\"elementor-element elementor-element-019ca95 elementor-widget elementor-widget-text-editor\" data-id=\"019ca95\" data-element_type=\"widget\" data-e-type=\"widget\" data-widget_type=\"text-editor.default\">\n\t\t\t\t<div class=\"elementor-widget-container\">\n\t\t\t\t\t\t\t\t\t<h2>DER LEGENDE NACH &#8230;<\/h2>\n\t\t\t\t\t\t\t\t<\/div>\n\t\t\t\t<\/div>\n\t\t\t\t<div class=\"elementor-element elementor-element-e671ace elementor-widget elementor-widget-text-editor\" data-id=\"e671ace\" data-element_type=\"widget\" data-e-type=\"widget\" data-widget_type=\"text-editor.default\">\n\t\t\t\t<div class=\"elementor-widget-container\">\n\t\t\t\t\t\t\t\t\t<p>Der Legende nach, fand San Martino, der Bischof von Tours, Schutz in einer H\u00f6hle der Insel Gallinara mit Blick auf das offene Meer. Diese H\u00f6hle tr\u00e4gt noch heute seinen Namen.<br \/>\nDie Insel wurde wahrscheinlich von Einsiedlern bewohnt. Im Jahre 500 nach Christus wurde ein <strong>Benediktinerkloster<\/strong> gegr\u00fcndet, in dem die M\u00f6nche 200 Jahre sp\u00e4ter die Insel in eine m\u00e4chtige Abtei verwandelten. Dies erm\u00f6glichte ihnen einen gr\u00f6\u00dferen Anspruch auf das Festland.<\/p>\n<p>Zwischen dem zehnten und zw\u00f6lften Jahrhundert erreichte das Kloster den H\u00f6hepunkt seines Wohlstands und erwarb dank wichtiger Spenden nicht nur in Westligurien, sondern auch in Frankreich und Spanien bedeutende Grundst\u00fccke. Nach dem Niedergang der Abtei wurde sie im Jahr 1473 in Belobigung gegeben. Nach fast vier Jahrhunderten gingen Titel und Rechte auf die Di\u00f6zese Albenga \u00fcber und im Jahr 1866 \u00fcberreichte der Bischof Raffaele Biale die Gallinara an Privatpersonen.<\/p>\n<p>Die Insel darf nicht besichtigt werden, jedoch kann man vom Boot aus den Turm sehen, der von den Genuesen im 16. Jahrhundert erbaut worden ist. Das Hauptgeb\u00e4ude wurde mehrmals erweitert und umgebaut, um die \u00dcberreste des alten Klosters und der Kirche aus dem fr\u00fchen 20. Jahrhundert im neoromanischen Stil aufzunehmen.<\/p>\n<p><strong>Die noch private Insel ist seit 1989 Teil des Schutzgebietssystems der Region Ligurien.<\/strong><\/p>\n<p>Jedoch kann man den spektakul\u00e4ren Meeresboden, der zahlreiche arch\u00e4ologische Funde aus der R\u00f6mer- und Mittelalterzeit hervorgebracht hat, erkunden. Dort koexistieren faszinierende Tier- und Pflanzenarten, die von gro\u00dfem, naturalistischem Interesse sind.<\/p>\n\t\t\t\t\t\t\t\t<\/div>\n\t\t\t\t<\/div>\n\t\t\t\t\t<\/div>\n\t\t<\/div>\n\t\t\t\t\t<\/div>\n\t\t<\/section>\n\t\t\t\t<\/div>\n\t\t","protected":false},"excerpt":{"rendered":"<p>An der Insel anlegen Das regionale Naturschutzgebiet der Insel Gallinara ist, aufgrund seines unbefleckten Lebensraums und seines unsch\u00e4tzbaren historischen, \u00f6kologischen und kulturellen Wertes, ein Meeresschutzgebiet. Da es sich in Privatbesitz befindet, darf es nicht besucht werden. Das Ankern auf der Insel ist mit folgenden Einschr\u00e4nkungen gestattet: Gallinara-Inselverordnung DER LEGENDE NACH &#8230; Der Legende nach, fand [&hellip;]<\/p>\n","protected":false},"author":1,"featured_media":0,"parent":0,"menu_order":0,"comment_status":"closed","ping_status":"closed","template":"","meta":{"footnotes":""},"class_list":["post-2643","page","type-page","status-publish","hentry"],"yoast_head":"<!-- This site is optimized with the Yoast SEO plugin v27.4 - https:\/\/yoast.com\/product\/yoast-seo-wordpress\/ -->\n<title>An der Insel anlegen - Marina di Alassio<\/title>\n<meta name=\"robots\" content=\"index, follow, max-snippet:-1, max-image-preview:large, max-video-preview:-1\" \/>\n<link rel=\"canonical\" href=\"https:\/\/marinadialassio.net\/de\/an-der-insel-anlegen\/\" \/>\n<meta property=\"og:locale\" content=\"de_DE\" \/>\n<meta property=\"og:type\" content=\"article\" \/>\n<meta property=\"og:title\" content=\"An der Insel anlegen - Marina di Alassio\" \/>\n<meta property=\"og:description\" content=\"An der Insel anlegen Das regionale Naturschutzgebiet der Insel Gallinara ist, aufgrund seines unbefleckten Lebensraums und seines unsch\u00e4tzbaren historischen, \u00f6kologischen und kulturellen Wertes, ein Meeresschutzgebiet. Da es sich in Privatbesitz befindet, darf es nicht besucht werden. Das Ankern auf der Insel ist mit folgenden Einschr\u00e4nkungen gestattet: Gallinara-Inselverordnung DER LEGENDE NACH &#8230; Der Legende nach, fand [&hellip;]\" \/>\n<meta property=\"og:url\" content=\"https:\/\/marinadialassio.net\/de\/an-der-insel-anlegen\/\" \/>\n<meta property=\"og:site_name\" content=\"Marina di Alassio\" \/>\n<meta property=\"article:modified_time\" content=\"2020-12-02T14:38:42+00:00\" \/>\n<meta property=\"og:image\" content=\"https:\/\/marinadialassio.net\/wp-content\/uploads\/2020\/09\/restrizioni-isola-gallinara.jpg\" \/>\n<meta name=\"twitter:card\" content=\"summary_large_image\" \/>\n<meta name=\"twitter:label1\" content=\"Est. reading time\" \/>\n\t<meta name=\"twitter:data1\" content=\"1 minute\" \/>\n<script type=\"application\/ld+json\" class=\"yoast-schema-graph\">{\"@context\":\"https:\\\/\\\/schema.org\",\"@graph\":[{\"@type\":\"WebPage\",\"@id\":\"https:\\\/\\\/marinadialassio.net\\\/de\\\/an-der-insel-anlegen\\\/\",\"url\":\"https:\\\/\\\/marinadialassio.net\\\/de\\\/an-der-insel-anlegen\\\/\",\"name\":\"An der Insel anlegen - Marina di Alassio\",\"isPartOf\":{\"@id\":\"https:\\\/\\\/marinadialassio.net\\\/#website\"},\"primaryImageOfPage\":{\"@id\":\"https:\\\/\\\/marinadialassio.net\\\/de\\\/an-der-insel-anlegen\\\/#primaryimage\"},\"image\":{\"@id\":\"https:\\\/\\\/marinadialassio.net\\\/de\\\/an-der-insel-anlegen\\\/#primaryimage\"},\"thumbnailUrl\":\"https:\\\/\\\/marinadialassio.net\\\/wp-content\\\/uploads\\\/2020\\\/09\\\/restrizioni-isola-gallinara.jpg\",\"datePublished\":\"2020-12-02T14:38:41+00:00\",\"dateModified\":\"2020-12-02T14:38:42+00:00\",\"breadcrumb\":{\"@id\":\"https:\\\/\\\/marinadialassio.net\\\/de\\\/an-der-insel-anlegen\\\/#breadcrumb\"},\"inLanguage\":\"de-DE\",\"potentialAction\":[{\"@type\":\"ReadAction\",\"target\":[\"https:\\\/\\\/marinadialassio.net\\\/de\\\/an-der-insel-anlegen\\\/\"]}]},{\"@type\":\"ImageObject\",\"inLanguage\":\"de-DE\",\"@id\":\"https:\\\/\\\/marinadialassio.net\\\/de\\\/an-der-insel-anlegen\\\/#primaryimage\",\"url\":\"https:\\\/\\\/marinadialassio.net\\\/wp-content\\\/uploads\\\/2020\\\/09\\\/restrizioni-isola-gallinara.jpg\",\"contentUrl\":\"https:\\\/\\\/marinadialassio.net\\\/wp-content\\\/uploads\\\/2020\\\/09\\\/restrizioni-isola-gallinara.jpg\"},{\"@type\":\"BreadcrumbList\",\"@id\":\"https:\\\/\\\/marinadialassio.net\\\/de\\\/an-der-insel-anlegen\\\/#breadcrumb\",\"itemListElement\":[{\"@type\":\"ListItem\",\"position\":1,\"name\":\"Home\",\"item\":\"https:\\\/\\\/marinadialassio.net\\\/en\\\/\"},{\"@type\":\"ListItem\",\"position\":2,\"name\":\"An der Insel anlegen\"}]},{\"@type\":\"WebSite\",\"@id\":\"https:\\\/\\\/marinadialassio.net\\\/#website\",\"url\":\"https:\\\/\\\/marinadialassio.net\\\/\",\"name\":\"Marina di Alassio\",\"description\":\"Porto Luca Ferrari\",\"potentialAction\":[{\"@type\":\"SearchAction\",\"target\":{\"@type\":\"EntryPoint\",\"urlTemplate\":\"https:\\\/\\\/marinadialassio.net\\\/?s={search_term_string}\"},\"query-input\":{\"@type\":\"PropertyValueSpecification\",\"valueRequired\":true,\"valueName\":\"search_term_string\"}}],\"inLanguage\":\"de-DE\"}]}<\/script>\n<!-- \/ Yoast SEO plugin. -->","yoast_head_json":{"title":"An der Insel anlegen - Marina di Alassio","robots":{"index":"index","follow":"follow","max-snippet":"max-snippet:-1","max-image-preview":"max-image-preview:large","max-video-preview":"max-video-preview:-1"},"canonical":"https:\/\/marinadialassio.net\/de\/an-der-insel-anlegen\/","og_locale":"de_DE","og_type":"article","og_title":"An der Insel anlegen - Marina di Alassio","og_description":"An der Insel anlegen Das regionale Naturschutzgebiet der Insel Gallinara ist, aufgrund seines unbefleckten Lebensraums und seines unsch\u00e4tzbaren historischen, \u00f6kologischen und kulturellen Wertes, ein Meeresschutzgebiet. Da es sich in Privatbesitz befindet, darf es nicht besucht werden. Das Ankern auf der Insel ist mit folgenden Einschr\u00e4nkungen gestattet: Gallinara-Inselverordnung DER LEGENDE NACH &#8230; Der Legende nach, fand [&hellip;]","og_url":"https:\/\/marinadialassio.net\/de\/an-der-insel-anlegen\/","og_site_name":"Marina di Alassio","article_modified_time":"2020-12-02T14:38:42+00:00","og_image":[{"url":"https:\/\/marinadialassio.net\/wp-content\/uploads\/2020\/09\/restrizioni-isola-gallinara.jpg","type":"","width":"","height":""}],"twitter_card":"summary_large_image","twitter_misc":{"Est. reading time":"1 minute"},"schema":{"@context":"https:\/\/schema.org","@graph":[{"@type":"WebPage","@id":"https:\/\/marinadialassio.net\/de\/an-der-insel-anlegen\/","url":"https:\/\/marinadialassio.net\/de\/an-der-insel-anlegen\/","name":"An der Insel anlegen - Marina di Alassio","isPartOf":{"@id":"https:\/\/marinadialassio.net\/#website"},"primaryImageOfPage":{"@id":"https:\/\/marinadialassio.net\/de\/an-der-insel-anlegen\/#primaryimage"},"image":{"@id":"https:\/\/marinadialassio.net\/de\/an-der-insel-anlegen\/#primaryimage"},"thumbnailUrl":"https:\/\/marinadialassio.net\/wp-content\/uploads\/2020\/09\/restrizioni-isola-gallinara.jpg","datePublished":"2020-12-02T14:38:41+00:00","dateModified":"2020-12-02T14:38:42+00:00","breadcrumb":{"@id":"https:\/\/marinadialassio.net\/de\/an-der-insel-anlegen\/#breadcrumb"},"inLanguage":"de-DE","potentialAction":[{"@type":"ReadAction","target":["https:\/\/marinadialassio.net\/de\/an-der-insel-anlegen\/"]}]},{"@type":"ImageObject","inLanguage":"de-DE","@id":"https:\/\/marinadialassio.net\/de\/an-der-insel-anlegen\/#primaryimage","url":"https:\/\/marinadialassio.net\/wp-content\/uploads\/2020\/09\/restrizioni-isola-gallinara.jpg","contentUrl":"https:\/\/marinadialassio.net\/wp-content\/uploads\/2020\/09\/restrizioni-isola-gallinara.jpg"},{"@type":"BreadcrumbList","@id":"https:\/\/marinadialassio.net\/de\/an-der-insel-anlegen\/#breadcrumb","itemListElement":[{"@type":"ListItem","position":1,"name":"Home","item":"https:\/\/marinadialassio.net\/en\/"},{"@type":"ListItem","position":2,"name":"An der Insel anlegen"}]},{"@type":"WebSite","@id":"https:\/\/marinadialassio.net\/#website","url":"https:\/\/marinadialassio.net\/","name":"Marina di Alassio","description":"Porto Luca Ferrari","potentialAction":[{"@type":"SearchAction","target":{"@type":"EntryPoint","urlTemplate":"https:\/\/marinadialassio.net\/?s={search_term_string}"},"query-input":{"@type":"PropertyValueSpecification","valueRequired":true,"valueName":"search_term_string"}}],"inLanguage":"de-DE"}]}},"_links":{"self":[{"href":"https:\/\/marinadialassio.net\/de\/wp-json\/wp\/v2\/pages\/2643","targetHints":{"allow":["GET"]}}],"collection":[{"href":"https:\/\/marinadialassio.net\/de\/wp-json\/wp\/v2\/pages"}],"about":[{"href":"https:\/\/marinadialassio.net\/de\/wp-json\/wp\/v2\/types\/page"}],"author":[{"embeddable":true,"href":"https:\/\/marinadialassio.net\/de\/wp-json\/wp\/v2\/users\/1"}],"replies":[{"embeddable":true,"href":"https:\/\/marinadialassio.net\/de\/wp-json\/wp\/v2\/comments?post=2643"}],"version-history":[{"count":1,"href":"https:\/\/marinadialassio.net\/de\/wp-json\/wp\/v2\/pages\/2643\/revisions"}],"predecessor-version":[{"id":2646,"href":"https:\/\/marinadialassio.net\/de\/wp-json\/wp\/v2\/pages\/2643\/revisions\/2646"}],"wp:attachment":[{"href":"https:\/\/marinadialassio.net\/de\/wp-json\/wp\/v2\/media?parent=2643"}],"curies":[{"name":"wp","href":"https:\/\/api.w.org\/{rel}","templated":true}]}}