{"id":2633,"date":"2020-12-02T14:32:46","date_gmt":"2020-12-02T14:32:46","guid":{"rendered":"https:\/\/marinadialassio.net\/bei-budello-anlegen\/"},"modified":"2020-12-02T14:32:47","modified_gmt":"2020-12-02T14:32:47","slug":"bei-budello-anlegen","status":"publish","type":"page","link":"https:\/\/marinadialassio.net\/de\/bei-budello-anlegen\/","title":{"rendered":"Bei Budello anlegen"},"content":{"rendered":"\t\t<div data-elementor-type=\"wp-page\" data-elementor-id=\"2633\" class=\"elementor elementor-2633 elementor-9\" data-elementor-post-type=\"page\">\n\t\t\t\t\t\t<section class=\"elementor-section elementor-top-section elementor-element elementor-element-8ebe70f elementor-section-full_width elementor-section-height-min-height elementor-section-height-default elementor-section-items-middle\" data-id=\"8ebe70f\" data-element_type=\"section\" data-e-type=\"section\" data-settings=\"{&quot;background_background&quot;:&quot;classic&quot;}\">\n\t\t\t\t\t\t\t<div class=\"elementor-background-overlay\"><\/div>\n\t\t\t\t\t\t\t<div class=\"elementor-container elementor-column-gap-default\">\n\t\t\t\t\t<div class=\"elementor-column elementor-col-100 elementor-top-column elementor-element elementor-element-d88df6f\" data-id=\"d88df6f\" data-element_type=\"column\" data-e-type=\"column\">\n\t\t\t<div class=\"elementor-widget-wrap\">\n\t\t\t\t\t\t\t<\/div>\n\t\t<\/div>\n\t\t\t\t\t<\/div>\n\t\t<\/section>\n\t\t\t\t<section class=\"elementor-section elementor-top-section elementor-element elementor-element-09f1f88 elementor-section-boxed elementor-section-height-default elementor-section-height-default\" data-id=\"09f1f88\" data-element_type=\"section\" data-e-type=\"section\" data-settings=\"{&quot;background_background&quot;:&quot;classic&quot;}\">\n\t\t\t\t\t\t<div class=\"elementor-container elementor-column-gap-default\">\n\t\t\t\t\t<div class=\"elementor-column elementor-col-100 elementor-top-column elementor-element elementor-element-cb0ce76\" data-id=\"cb0ce76\" data-element_type=\"column\" data-e-type=\"column\">\n\t\t\t<div class=\"elementor-widget-wrap elementor-element-populated\">\n\t\t\t\t\t\t<div class=\"elementor-element elementor-element-30a13de elementor-widget elementor-widget-text-editor\" data-id=\"30a13de\" data-element_type=\"widget\" data-e-type=\"widget\" data-widget_type=\"text-editor.default\">\n\t\t\t\t<div class=\"elementor-widget-container\">\n\t\t\t\t\t\t\t\t\t<h1>Bei Budello anlegen<\/h1>\n\t\t\t\t\t\t\t\t<\/div>\n\t\t\t\t<\/div>\n\t\t\t\t\t<\/div>\n\t\t<\/div>\n\t\t\t\t\t<\/div>\n\t\t<\/section>\n\t\t\t\t<section class=\"elementor-section elementor-top-section elementor-element elementor-element-d51b167 elementor-section-boxed elementor-section-height-default elementor-section-height-default\" data-id=\"d51b167\" data-element_type=\"section\" data-e-type=\"section\" data-settings=\"{&quot;background_background&quot;:&quot;classic&quot;}\">\n\t\t\t\t\t\t<div class=\"elementor-container elementor-column-gap-default\">\n\t\t\t\t\t<div class=\"elementor-column elementor-col-100 elementor-top-column elementor-element elementor-element-f62c798\" data-id=\"f62c798\" data-element_type=\"column\" data-e-type=\"column\">\n\t\t\t<div class=\"elementor-widget-wrap elementor-element-populated\">\n\t\t\t\t\t\t<div class=\"elementor-element elementor-element-30a8242 elementor-widget elementor-widget-text-editor\" data-id=\"30a8242\" data-element_type=\"widget\" data-e-type=\"widget\" data-widget_type=\"text-editor.default\">\n\t\t\t\t<div class=\"elementor-widget-container\">\n\t\t\t\t\t\t\t\t\t<p>Haben Sie Ihre Yacht im Hafen angelegt und m\u00f6chten Sie gerne einkaufen gehen oder Alassio besuchen? Kein Problem!!<br \/>\n<strong>Legen Sie an der Mole \u201eBestoso\u201c<\/strong> an, die sich im Herzen des sandigen Golfs der Stadt Alassio befindet.<br \/>\nDie Einfahrten stehen im Endbereich der Mole an den Au\u00dfenseiten.<\/p>\n\t\t\t\t\t\t\t\t<\/div>\n\t\t\t\t<\/div>\n\t\t\t\t<div class=\"elementor-element elementor-element-f1dd5f3 elementor-widget elementor-widget-text-editor\" data-id=\"f1dd5f3\" data-element_type=\"widget\" data-e-type=\"widget\" data-widget_type=\"text-editor.default\">\n\t\t\t\t<div class=\"elementor-widget-container\">\n\t\t\t\t\t\t\t\t\t<p>Besuchen Sie Alassio! Wir freuen uns auf Sie!<\/p>\n\t\t\t\t\t\t\t\t<\/div>\n\t\t\t\t<\/div>\n\t\t\t\t\t<\/div>\n\t\t<\/div>\n\t\t\t\t\t<\/div>\n\t\t<\/section>\n\t\t\t\t<section class=\"elementor-section elementor-top-section elementor-element elementor-element-ec82b49 elementor-section-full_width elementor-section-height-default elementor-section-height-default\" data-id=\"ec82b49\" data-element_type=\"section\" data-e-type=\"section\">\n\t\t\t\t\t\t<div class=\"elementor-container elementor-column-gap-default\">\n\t\t\t\t\t<div class=\"elementor-column elementor-col-100 elementor-top-column elementor-element elementor-element-5d80161\" data-id=\"5d80161\" data-element_type=\"column\" data-e-type=\"column\">\n\t\t\t<div class=\"elementor-widget-wrap elementor-element-populated\">\n\t\t\t\t\t\t<div class=\"elementor-element elementor-element-c3a850e elementor-widget elementor-widget-gallery\" data-id=\"c3a850e\" data-element_type=\"widget\" data-e-type=\"widget\" data-settings=\"{&quot;gallery_layout&quot;:&quot;masonry&quot;,&quot;columns&quot;:3,&quot;gap&quot;:{&quot;unit&quot;:&quot;px&quot;,&quot;size&quot;:0,&quot;sizes&quot;:[]},&quot;image_hover_animation&quot;:&quot;grow&quot;,&quot;lazyload&quot;:&quot;yes&quot;,&quot;columns_tablet&quot;:2,&quot;columns_mobile&quot;:1,&quot;gap_tablet&quot;:{&quot;unit&quot;:&quot;px&quot;,&quot;size&quot;:10,&quot;sizes&quot;:[]},&quot;gap_mobile&quot;:{&quot;unit&quot;:&quot;px&quot;,&quot;size&quot;:10,&quot;sizes&quot;:[]},&quot;link_to&quot;:&quot;file&quot;,&quot;overlay_background&quot;:&quot;yes&quot;,&quot;content_hover_animation&quot;:&quot;fade-in&quot;}\" data-widget_type=\"gallery.default\">\n\t\t\t\t<div class=\"elementor-widget-container\">\n\t\t\t\t\t\t\t<div class=\"elementor-gallery__container\">\n\t\t\t\t\t\t\t<a class=\"e-gallery-item elementor-gallery-item elementor-animated-content\" href=\"https:\/\/marinadialassio.net\/wp-content\/uploads\/2020\/09\/ormeggio-budello-alassio-molo-bestoso.jpg\" data-elementor-open-lightbox=\"yes\" data-elementor-lightbox-slideshow=\"c3a850e\" data-elementor-lightbox-title=\"ormeggio-budello-alassio-molo-bestoso\" data-e-action-hash=\"#elementor-action%3Aaction%3Dlightbox%26settings%3DeyJpZCI6NjI5LCJ1cmwiOiJodHRwczpcL1wvbWFyaW5hZGlhbGFzc2lvLm5ldFwvd3AtY29udGVudFwvdXBsb2Fkc1wvMjAyMFwvMDlcL29ybWVnZ2lvLWJ1ZGVsbG8tYWxhc3Npby1tb2xvLWJlc3Rvc28uanBnIiwic2xpZGVzaG93IjoiYzNhODUwZSJ9\">\n\t\t\t\t\t<div class=\"e-gallery-image elementor-gallery-item__image\" data-thumbnail=\"https:\/\/marinadialassio.net\/wp-content\/uploads\/2020\/09\/ormeggio-budello-alassio-molo-bestoso.jpg\" data-width=\"800\" data-height=\"532\" aria-label=\"\" role=\"img\" ><\/div>\n\t\t\t\t\t\t\t\t\t\t\t<div class=\"elementor-gallery-item__overlay\"><\/div>\n\t\t\t\t\t\t\t\t\t\t\t\t\t\t<\/a>\n\t\t\t\t\t\t\t<a class=\"e-gallery-item elementor-gallery-item elementor-animated-content\" href=\"https:\/\/marinadialassio.net\/wp-content\/uploads\/2020\/09\/molo-bestoso-attracco.jpg\" data-elementor-open-lightbox=\"yes\" data-elementor-lightbox-slideshow=\"c3a850e\" data-elementor-lightbox-title=\"molo-bestoso-attracco\" data-e-action-hash=\"#elementor-action%3Aaction%3Dlightbox%26settings%3DeyJpZCI6NjMwLCJ1cmwiOiJodHRwczpcL1wvbWFyaW5hZGlhbGFzc2lvLm5ldFwvd3AtY29udGVudFwvdXBsb2Fkc1wvMjAyMFwvMDlcL21vbG8tYmVzdG9zby1hdHRyYWNjby5qcGciLCJzbGlkZXNob3ciOiJjM2E4NTBlIn0%3D\">\n\t\t\t\t\t<div class=\"e-gallery-image elementor-gallery-item__image\" data-thumbnail=\"https:\/\/marinadialassio.net\/wp-content\/uploads\/2020\/09\/molo-bestoso-attracco.jpg\" data-width=\"800\" data-height=\"532\" aria-label=\"\" role=\"img\" ><\/div>\n\t\t\t\t\t\t\t\t\t\t\t<div class=\"elementor-gallery-item__overlay\"><\/div>\n\t\t\t\t\t\t\t\t\t\t\t\t\t\t<\/a>\n\t\t\t\t\t\t\t<a class=\"e-gallery-item elementor-gallery-item elementor-animated-content\" href=\"https:\/\/marinadialassio.net\/wp-content\/uploads\/2020\/09\/molo-bestoso-attracco-alassio.jpg\" data-elementor-open-lightbox=\"yes\" data-elementor-lightbox-slideshow=\"c3a850e\" data-elementor-lightbox-title=\"molo-bestoso-attracco-alassio\" data-e-action-hash=\"#elementor-action%3Aaction%3Dlightbox%26settings%3DeyJpZCI6NjMxLCJ1cmwiOiJodHRwczpcL1wvbWFyaW5hZGlhbGFzc2lvLm5ldFwvd3AtY29udGVudFwvdXBsb2Fkc1wvMjAyMFwvMDlcL21vbG8tYmVzdG9zby1hdHRyYWNjby1hbGFzc2lvLmpwZyIsInNsaWRlc2hvdyI6ImMzYTg1MGUifQ%3D%3D\">\n\t\t\t\t\t<div class=\"e-gallery-image elementor-gallery-item__image\" data-thumbnail=\"https:\/\/marinadialassio.net\/wp-content\/uploads\/2020\/09\/molo-bestoso-attracco-alassio.jpg\" data-width=\"800\" data-height=\"532\" aria-label=\"\" role=\"img\" ><\/div>\n\t\t\t\t\t\t\t\t\t\t\t<div class=\"elementor-gallery-item__overlay\"><\/div>\n\t\t\t\t\t\t\t\t\t\t\t\t\t\t<\/a>\n\t\t\t\t\t<\/div>\n\t\t\t\t\t<\/div>\n\t\t\t\t<\/div>\n\t\t\t\t\t<\/div>\n\t\t<\/div>\n\t\t\t\t\t<\/div>\n\t\t<\/section>\n\t\t\t\t<section class=\"elementor-section elementor-top-section elementor-element elementor-element-02da480 elementor-section-boxed elementor-section-height-default elementor-section-height-default\" data-id=\"02da480\" data-element_type=\"section\" data-e-type=\"section\" data-settings=\"{&quot;background_background&quot;:&quot;classic&quot;}\">\n\t\t\t\t\t\t<div class=\"elementor-container elementor-column-gap-default\">\n\t\t\t\t\t<div class=\"elementor-column elementor-col-100 elementor-top-column elementor-element elementor-element-4f482e0\" data-id=\"4f482e0\" data-element_type=\"column\" data-e-type=\"column\">\n\t\t\t<div class=\"elementor-widget-wrap elementor-element-populated\">\n\t\t\t\t\t\t<div class=\"elementor-element elementor-element-e328bb5 elementor-widget elementor-widget-text-editor\" data-id=\"e328bb5\" data-element_type=\"widget\" data-e-type=\"widget\" data-widget_type=\"text-editor.default\">\n\t\t\t\t<div class=\"elementor-widget-container\">\n\t\t\t\t\t\t\t\t\t<h2>Die Vorschriften<\/h2>\n<h3>F\u00fcr die Verwendung von Ein- und Ausschiffungsvorbereitungen<\/h3>\n<p><strong>Die folgenden Boote k\u00f6nnen die Ein- und Ausstiegsstellen nutzen:<\/strong><br \/>\n<strong>A.<\/strong> Passagier- und Arbeitsverkehrsboote mit maximal 30 Meter L\u00e4nge<br \/>\n<strong>B.<\/strong> Sportsboote mit maximal 12 Meter L\u00e4nge mit einem Freibord von maximal 30 bis 100 cm L\u00e4nge. Die Laufplanken sind durch Seile mit einem mechanischen Ger\u00e4t verbunden, mit dem diese in Richtung Meer abgesenkt werden k\u00f6nnen, um die Anlegevorg\u00e4nge zu erm\u00f6glichen oder sie auf die H\u00f6he des Stegs zu heben.<\/p>\n<p>Die Boote, die den Anlaufhafen nutzen m\u00f6chten, k\u00f6nnen die folgenden Vorkehrungen treffen: 2 Anlegestellen; die Festmacherleine, die mit einer besonderen Kette (\u201etrappa\u201c oder \u201ependino\u201c genannt) aus der gelben Boje geborgen werden kann, bestehend aus einem einzigen 40-Meter-langen Kabel, das die beiden Anlegestellen verbindet.<br \/>\nDer Anwender muss sich an beiden Enden des Kabels warpen [in Richtung Landes und Wassers], um den Liegeplatz an die Gr\u00f6\u00dfe seines Bootes anzupassen. Er kann sich dann mithilfe eines Bootshakens der Laufplanke n\u00e4hern.<\/p>\n<p><strong>Beschreibung der Startkorridore<\/strong><br \/>\nBoote, die wie im vorherigen Absatz beschriebenen, Ein- und Ausschiffungsstellen verwenden m\u00f6chten, m\u00fcssen durch die entsprechenden Startkorridore durchfahren.<br \/>\nDie Startkorridore befinden sich \u00f6stlich und westlich des Stegs und sind wie der Badebereich, die durch die Bojen eingegrenzt wird, 100 Meter lang und 20 Meter breit. Sie haben \u00e4hnliche Abmessungen, verlaufen parallel und werden durch orangenfarbene Einlassbojen mit einer wei\u00dfen Flagge und einem schwimmenden Seil, mit weiteren orangenfarbenen Bojen im Meer signalisiert.<\/p>\n<p><strong>VERWALTUNGSVORSCHRIFTEN<\/strong><br \/>\nDie Vorbereitungen f\u00fcr die Ein- und Ausschiffung werden von &#8220;MARINA DI ALASSIO SPA&#8221; verwaltet.<\/p>\n<p>Ein- und Ausschiffungsvorbereitungen werden nach Ansicht von Marina di Alassio nicht freigegeben, wenn folgende schlechte Meereswetterbedingungen herrschen:<br \/>\n&#8211; Wellen, die h\u00f6her als ein Meter sind<br \/>\n&#8211; Wind, der \u00fcber dem Durchschnitt von 15 bis 20 Knoten liegt<\/p>\n<p>Die Boote d\u00fcrfen je nach Wetterbedingungen nur die Ein- und Ausschiffungsvorbereitung auf der Leeseite verwenden.<\/p>\n<p><strong>VERHALTENSREGELN INNERHALB DER STARTKORRIDORE<\/strong><br \/>\n[Verordnung, die mit der zust\u00e4ndigen Badesicherheitsverordnung der Seeschifffahrtsbeh\u00f6rde koordiniert wird]<br \/>\n1] Die Anwendung der einzelnen Startkorridore ist gem\u00e4\u00df den Abs\u00e4tzen A und B dieser Verordnung zul\u00e4ssig.<br \/>\n2] Die Boote m\u00fcssen sich vorsichtig in Verdr\u00e4ngungslage und mit einer Geschwindigkeit von nicht mehr als 3 Knoten entlang der Korridore bewegen.<br \/>\n3] Die Boote, die den Korridor benutzen, d\u00fcrfen die Festmacherleine nur so lange verwenden, wie das Be- und Entladen von Passagieren dauert.<br \/>\n4] Die Boote, die den Korridor benutzen, m\u00fcssen sich darauf beschr\u00e4nken, nur entlang des Korridors zu fahren, um Zugang zu den Liegepl\u00e4tzen zu erhalten oder zu verlassen, und d\u00fcrfen ihn nicht l\u00e4nger, als die Transitzeit dauert, besetzen. Ankern, Stationieren und Segeln ist nicht erlaubt.<br \/>\n5] Jedes Boot kann nur dann auf den einzelnen Korridor zugreifen, wenn es sich vollst\u00e4ndig von anderen Booten fernh\u00e4lt; die Ein- und Ausschiffungsvorg\u00e4nge zur Vorbereitung der einzelnen Ausschiffung k\u00f6nnen jeweils nur von einem Boot durchgef\u00fchrt werden.<br \/>\n6] Bei den Startkorridoren sind Baden, Sport- und professionelles Angeln sowie Unterwasseraktivit\u00e4ten verboten.<\/p>\n<p><strong>VERHALTENSREGELN W\u00c4HREND DER EIN- UND AUSSCHIFFUNG<\/strong><br \/>\n1] Die Boote m\u00fcssen die Ein- und Ausschiffung nach Vorschriften ausf\u00fchren und dabei die Ausrichtung des Buges zur K\u00fcste beibehalten. Wenn es die Abmessungen des Bootes innerhalb des Korridors erm\u00f6glichen, die Ausrichtung des Buges zum offenen Meer umzukehren, darf dieses Man\u00f6ver nur dann durchgef\u00fchrt werden, wenn die \u00e4u\u00dferste Seite des Stegs um nicht mehr als 15 Meter \u00fcberschritten wurde.<\/p>\n\t\t\t\t\t\t\t\t<\/div>\n\t\t\t\t<\/div>\n\t\t\t\t\t<\/div>\n\t\t<\/div>\n\t\t\t\t\t<\/div>\n\t\t<\/section>\n\t\t\t\t<\/div>\n\t\t","protected":false},"excerpt":{"rendered":"<p>Bei Budello anlegen Haben Sie Ihre Yacht im Hafen angelegt und m\u00f6chten Sie gerne einkaufen gehen oder Alassio besuchen? Kein Problem!! Legen Sie an der Mole \u201eBestoso\u201c an, die sich im Herzen des sandigen Golfs der Stadt Alassio befindet. Die Einfahrten stehen im Endbereich der Mole an den Au\u00dfenseiten. Besuchen Sie Alassio! Wir freuen uns [&hellip;]<\/p>\n","protected":false},"author":1,"featured_media":0,"parent":0,"menu_order":0,"comment_status":"closed","ping_status":"closed","template":"","meta":{"footnotes":""},"class_list":["post-2633","page","type-page","status-publish","hentry"],"yoast_head":"<!-- This site is optimized with the Yoast SEO plugin v27.3 - https:\/\/yoast.com\/product\/yoast-seo-wordpress\/ -->\n<title>Bei Budello anlegen - Marina di Alassio<\/title>\n<meta name=\"robots\" content=\"index, follow, max-snippet:-1, max-image-preview:large, max-video-preview:-1\" \/>\n<link rel=\"canonical\" href=\"https:\/\/marinadialassio.net\/de\/bei-budello-anlegen\/\" \/>\n<meta property=\"og:locale\" content=\"de_DE\" \/>\n<meta property=\"og:type\" content=\"article\" \/>\n<meta property=\"og:title\" content=\"Bei Budello anlegen - Marina di Alassio\" \/>\n<meta property=\"og:description\" content=\"Bei Budello anlegen Haben Sie Ihre Yacht im Hafen angelegt und m\u00f6chten Sie gerne einkaufen gehen oder Alassio besuchen? Kein Problem!! Legen Sie an der Mole \u201eBestoso\u201c an, die sich im Herzen des sandigen Golfs der Stadt Alassio befindet. Die Einfahrten stehen im Endbereich der Mole an den Au\u00dfenseiten. Besuchen Sie Alassio! Wir freuen uns [&hellip;]\" \/>\n<meta property=\"og:url\" content=\"https:\/\/marinadialassio.net\/de\/bei-budello-anlegen\/\" \/>\n<meta property=\"og:site_name\" content=\"Marina di Alassio\" \/>\n<meta property=\"article:modified_time\" content=\"2020-12-02T14:32:47+00:00\" \/>\n<meta name=\"twitter:card\" content=\"summary_large_image\" \/>\n<meta name=\"twitter:label1\" content=\"Est. reading time\" \/>\n\t<meta name=\"twitter:data1\" content=\"3 minutes\" \/>\n<script type=\"application\/ld+json\" class=\"yoast-schema-graph\">{\"@context\":\"https:\\\/\\\/schema.org\",\"@graph\":[{\"@type\":\"WebPage\",\"@id\":\"https:\\\/\\\/marinadialassio.net\\\/de\\\/bei-budello-anlegen\\\/\",\"url\":\"https:\\\/\\\/marinadialassio.net\\\/de\\\/bei-budello-anlegen\\\/\",\"name\":\"Bei Budello anlegen - Marina di Alassio\",\"isPartOf\":{\"@id\":\"https:\\\/\\\/marinadialassio.net\\\/#website\"},\"datePublished\":\"2020-12-02T14:32:46+00:00\",\"dateModified\":\"2020-12-02T14:32:47+00:00\",\"breadcrumb\":{\"@id\":\"https:\\\/\\\/marinadialassio.net\\\/de\\\/bei-budello-anlegen\\\/#breadcrumb\"},\"inLanguage\":\"de-DE\",\"potentialAction\":[{\"@type\":\"ReadAction\",\"target\":[\"https:\\\/\\\/marinadialassio.net\\\/de\\\/bei-budello-anlegen\\\/\"]}]},{\"@type\":\"BreadcrumbList\",\"@id\":\"https:\\\/\\\/marinadialassio.net\\\/de\\\/bei-budello-anlegen\\\/#breadcrumb\",\"itemListElement\":[{\"@type\":\"ListItem\",\"position\":1,\"name\":\"Home\",\"item\":\"https:\\\/\\\/marinadialassio.net\\\/en\\\/\"},{\"@type\":\"ListItem\",\"position\":2,\"name\":\"Bei Budello anlegen\"}]},{\"@type\":\"WebSite\",\"@id\":\"https:\\\/\\\/marinadialassio.net\\\/#website\",\"url\":\"https:\\\/\\\/marinadialassio.net\\\/\",\"name\":\"Marina di Alassio\",\"description\":\"Porto Luca Ferrari\",\"potentialAction\":[{\"@type\":\"SearchAction\",\"target\":{\"@type\":\"EntryPoint\",\"urlTemplate\":\"https:\\\/\\\/marinadialassio.net\\\/?s={search_term_string}\"},\"query-input\":{\"@type\":\"PropertyValueSpecification\",\"valueRequired\":true,\"valueName\":\"search_term_string\"}}],\"inLanguage\":\"de-DE\"}]}<\/script>\n<!-- \/ Yoast SEO plugin. -->","yoast_head_json":{"title":"Bei Budello anlegen - Marina di Alassio","robots":{"index":"index","follow":"follow","max-snippet":"max-snippet:-1","max-image-preview":"max-image-preview:large","max-video-preview":"max-video-preview:-1"},"canonical":"https:\/\/marinadialassio.net\/de\/bei-budello-anlegen\/","og_locale":"de_DE","og_type":"article","og_title":"Bei Budello anlegen - Marina di Alassio","og_description":"Bei Budello anlegen Haben Sie Ihre Yacht im Hafen angelegt und m\u00f6chten Sie gerne einkaufen gehen oder Alassio besuchen? Kein Problem!! Legen Sie an der Mole \u201eBestoso\u201c an, die sich im Herzen des sandigen Golfs der Stadt Alassio befindet. Die Einfahrten stehen im Endbereich der Mole an den Au\u00dfenseiten. Besuchen Sie Alassio! Wir freuen uns [&hellip;]","og_url":"https:\/\/marinadialassio.net\/de\/bei-budello-anlegen\/","og_site_name":"Marina di Alassio","article_modified_time":"2020-12-02T14:32:47+00:00","twitter_card":"summary_large_image","twitter_misc":{"Est. reading time":"3 minutes"},"schema":{"@context":"https:\/\/schema.org","@graph":[{"@type":"WebPage","@id":"https:\/\/marinadialassio.net\/de\/bei-budello-anlegen\/","url":"https:\/\/marinadialassio.net\/de\/bei-budello-anlegen\/","name":"Bei Budello anlegen - Marina di Alassio","isPartOf":{"@id":"https:\/\/marinadialassio.net\/#website"},"datePublished":"2020-12-02T14:32:46+00:00","dateModified":"2020-12-02T14:32:47+00:00","breadcrumb":{"@id":"https:\/\/marinadialassio.net\/de\/bei-budello-anlegen\/#breadcrumb"},"inLanguage":"de-DE","potentialAction":[{"@type":"ReadAction","target":["https:\/\/marinadialassio.net\/de\/bei-budello-anlegen\/"]}]},{"@type":"BreadcrumbList","@id":"https:\/\/marinadialassio.net\/de\/bei-budello-anlegen\/#breadcrumb","itemListElement":[{"@type":"ListItem","position":1,"name":"Home","item":"https:\/\/marinadialassio.net\/en\/"},{"@type":"ListItem","position":2,"name":"Bei Budello anlegen"}]},{"@type":"WebSite","@id":"https:\/\/marinadialassio.net\/#website","url":"https:\/\/marinadialassio.net\/","name":"Marina di Alassio","description":"Porto Luca Ferrari","potentialAction":[{"@type":"SearchAction","target":{"@type":"EntryPoint","urlTemplate":"https:\/\/marinadialassio.net\/?s={search_term_string}"},"query-input":{"@type":"PropertyValueSpecification","valueRequired":true,"valueName":"search_term_string"}}],"inLanguage":"de-DE"}]}},"_links":{"self":[{"href":"https:\/\/marinadialassio.net\/de\/wp-json\/wp\/v2\/pages\/2633","targetHints":{"allow":["GET"]}}],"collection":[{"href":"https:\/\/marinadialassio.net\/de\/wp-json\/wp\/v2\/pages"}],"about":[{"href":"https:\/\/marinadialassio.net\/de\/wp-json\/wp\/v2\/types\/page"}],"author":[{"embeddable":true,"href":"https:\/\/marinadialassio.net\/de\/wp-json\/wp\/v2\/users\/1"}],"replies":[{"embeddable":true,"href":"https:\/\/marinadialassio.net\/de\/wp-json\/wp\/v2\/comments?post=2633"}],"version-history":[{"count":1,"href":"https:\/\/marinadialassio.net\/de\/wp-json\/wp\/v2\/pages\/2633\/revisions"}],"predecessor-version":[{"id":2638,"href":"https:\/\/marinadialassio.net\/de\/wp-json\/wp\/v2\/pages\/2633\/revisions\/2638"}],"wp:attachment":[{"href":"https:\/\/marinadialassio.net\/de\/wp-json\/wp\/v2\/media?parent=2633"}],"curies":[{"name":"wp","href":"https:\/\/api.w.org\/{rel}","templated":true}]}}